{"id":12954,"date":"2020-08-27T08:23:10","date_gmt":"2020-08-27T08:23:10","guid":{"rendered":"https:\/\/artedellapatina.com\/?page_id=12954"},"modified":"2026-03-30T12:35:22","modified_gmt":"2026-03-30T10:35:22","slug":"privacy-policy","status":"publish","type":"page","link":"https:\/\/artedellapatina.com\/en\/privacy-policy\/","title":{"rendered":"Privacy and Cookie Policy"},"content":{"rendered":"<div data-elementor-type=\"wp-page\" data-elementor-id=\"12954\" class=\"elementor elementor-12954\">\n\t\t\t\t\t\t<section class=\"elementor-section elementor-top-section elementor-element elementor-element-67c63d61 elementor-section-boxed elementor-section-height-default elementor-section-height-default sc_fly_static\" data-id=\"67c63d61\" data-element_type=\"section\" data-settings=\"{&quot;background_background&quot;:&quot;classic&quot;}\">\n\t\t\t\t\t\t<div class=\"elementor-container elementor-column-gap-extended\">\n\t\t\t\t\t<div class=\"elementor-column elementor-col-100 elementor-top-column elementor-element elementor-element-7d8a1b2b sc_content_align_inherit sc_layouts_column_icons_position_left sc_fly_static\" data-id=\"7d8a1b2b\" data-element_type=\"column\">\n\t\t\t<div class=\"elementor-widget-wrap elementor-element-populated\">\n\t\t\t\t\t\t<div class=\"elementor-element elementor-element-388604a sc_fly_static elementor-widget elementor-widget-text-editor\" data-id=\"388604a\" data-element_type=\"widget\" data-widget_type=\"text-editor.default\">\n\t\t\t\t<div class=\"elementor-widget-container\">\n\t\t\t\t\t\t\t\t\t<div class=\"col-lg-8\"><div class=\"box_contents_in\"><h3 id=\"privacy-0\" class=\"mb-4\" data-translate=\"privacy-0\"><strong>Privacy Policy<\/strong><\/h3><p id=\"privacy-1\" data-translate=\"privacy-1\">Your privacy is important to us. In this Privacy Policy we describe how we collect, use and protect the personal information you provide to us through our website. Please read this policy carefully to understand our practices regarding your privacy.<\/p><\/div><\/div><div class=\"col-lg-8\"><div class=\"box_contents_in\"><h4 id=\"privacy-2\" class=\"mb-4\" data-translate=\"privacy-2\">Collected Information<\/h4><p id=\"privacy-3\" data-translate=\"privacy-3\">When you visit our Web site, we may collect personal information that you voluntarily provide to us, such as your name, e-mail address, phone number, and other information you give us while making a reservation or through our contact box.<\/p><\/div><\/div><div class=\"col-lg-8\"><div class=\"box_contents_in\"><h4 id=\"privacy-4\" class=\"mb-4\" data-translate=\"privacy-4\">Utilizzo delle Informazioni<\/h4><p id=\"privacy-5\" data-translate=\"privacy-5\">We use the personal information we collect to provide you with the services you request, to process your reservations, to answer your questions, and to improve our customers' overall experience. In addition, we may use your information to send you promotional communications related to our services, but only if you have consented to receive them.<\/p><\/div><\/div><div class=\"col-lg-8\"><div class=\"box_contents_in\"><h4 id=\"privacy-6\" class=\"mb-4\" data-translate=\"privacy-6\">Information Protection<\/h4><p id=\"privacy-7\" data-translate=\"privacy-7\">We are committed to protecting our customers' personal information. We use appropriate security measures to protect personal information from unauthorized access, modification, disclosure, or destruction.<\/p><\/div><\/div><div class=\"col-lg-8\"><div class=\"box_contents_in\"><h4 id=\"privacy-8\" class=\"mb-4\" data-translate=\"privacy-8\">Information Sharing<\/h4><p id=\"privacy-9\" data-translate=\"privacy-9\">We do not share our customers' personal information with third parties, except where necessary to provide requested services, fulfill legal obligations, or protect our rights or the safety of users.<\/p><\/div><\/div><div class=\"col-lg-8\"><div class=\"box_contents_in\"><h4 class=\"mb-4\">Cookie<\/h4><p id=\"privacy-10\" data-translate=\"privacy-10\">Our website may use cookies and other tracking technologies to collect information about your interactions with our site and to improve your online experience. You can manage cookie settings in your web browser, but keep in mind that some features of our site may not work properly if you disable cookies.<\/p><\/div><\/div><div class=\"col-lg-8\"><div class=\"box_contents_in\"><h4 id=\"privacy-11\" class=\"mb-4\" data-translate=\"privacy-11\">Changes to the Privacy Policy<\/h4><p id=\"privacy-12\" data-translate=\"privacy-12\">We reserve the right to change this Privacy Policy at any time. Changes to the Privacy Policy will be posted on our website and will become effective immediately upon their posting. We encourage you to check this page periodically for any updates or changes.<\/p><\/div><\/div><div class=\"col-lg-8\"><div class=\"box_contents_in\"><h4 id=\"privacy-13\" class=\"mb-4\" data-translate=\"privacy-13\">Contacts<\/h4><p id=\"privacy-14\" data-translate=\"privacy-14\">If you have any questions or concerns about our Privacy Policy or privacy practices, please contact us at shop@artedellapatina.com.<\/p><\/div><\/div><div class=\"col-lg-8\"><div class=\"box_contents_in\"><h4 id=\"privacy-15\" class=\"mb-4\" data-translate=\"privacy-15\">Acceptance of Privacy Policy<\/h4><p id=\"privacy-16\" data-translate=\"privacy-16\">By using our website, you agree to be bound by this Privacy Policy.<\/p><h4 id=\"privacy-15\" class=\"mb-4\" data-translate=\"privacy-15\">Corporate information<\/h4><p id=\"privacy-16\" data-translate=\"privacy-16\">Arte della Patina SRL<\/p><p>Loc. Luco Campagna 17,<br \/>Borgo San Lorenzo<br \/>50032, Firenze<\/p><p>P.IVA 07505080486<\/p><p>Cod.univoco\u00a0M5UXCR1<\/p><p>Mail: info@artedellapatina.com<\/p><\/div><\/div>\t\t\t\t\t\t\t\t<\/div>\n\t\t\t\t<\/div>\n\t\t\t\t\t<\/div>\n\t\t<\/div>\n\t\t\t\t\t<\/div>\n\t\t<\/section>\n\t\t\t\t<section class=\"elementor-section elementor-top-section elementor-element elementor-element-2c9f5ae8 elementor-section-boxed elementor-section-height-default elementor-section-height-default sc_fly_static\" data-id=\"2c9f5ae8\" data-element_type=\"section\">\n\t\t\t\t\t\t<div class=\"elementor-container elementor-column-gap-extended\">\n\t\t\t\t\t<div class=\"elementor-column elementor-col-100 elementor-top-column elementor-element elementor-element-5b8c1bc7 sc_content_align_inherit sc_layouts_column_icons_position_left sc_fly_static\" data-id=\"5b8c1bc7\" data-element_type=\"column\">\n\t\t\t<div class=\"elementor-widget-wrap elementor-element-populated\">\n\t\t\t\t\t\t<div class=\"elementor-element elementor-element-a1ba259 sc_fly_static elementor-widget elementor-widget-spacer\" data-id=\"a1ba259\" data-element_type=\"widget\" data-widget_type=\"spacer.default\">\n\t\t\t\t<div class=\"elementor-widget-container\">\n\t\t\t\t\t\t\t<div class=\"elementor-spacer\">\n\t\t\t<div class=\"elementor-spacer-inner\"><\/div>\n\t\t<\/div>\n\t\t\t\t\t\t<\/div>\n\t\t\t\t<\/div>\n\t\t\t\t\t<\/div>\n\t\t<\/div>\n\t\t\t\t\t<\/div>\n\t\t<\/section>\n\t\t\t\t<section class=\"elementor-section elementor-top-section elementor-element elementor-element-4850f585 elementor-section-boxed elementor-section-height-default elementor-section-height-default sc_fly_static\" data-id=\"4850f585\" data-element_type=\"section\" data-settings=\"{&quot;background_background&quot;:&quot;classic&quot;}\">\n\t\t\t\t\t\t<div class=\"elementor-container elementor-column-gap-extended\">\n\t\t\t\t\t<div class=\"elementor-column elementor-col-100 elementor-top-column elementor-element elementor-element-60ab1c4f sc_content_align_inherit sc_layouts_column_icons_position_left sc_fly_static\" data-id=\"60ab1c4f\" data-element_type=\"column\">\n\t\t\t<div class=\"elementor-widget-wrap elementor-element-populated\">\n\t\t\t\t\t\t<div class=\"elementor-element elementor-element-31a0bd26 sc_fly_static elementor-widget elementor-widget-text-editor\" data-id=\"31a0bd26\" data-element_type=\"widget\" data-widget_type=\"text-editor.default\">\n\t\t\t\t<div class=\"elementor-widget-container\">\n\t\t\t\t\t\t\t\t\t<div class=\"col-lg-8\">\n<div class=\"box_contents_in\">\n<h3 class=\"mb-4\"><strong>Cookie Policy<\/strong><\/h3>\n<p id=\"cookie-0\" data-translate=\"cookie-0\">Last modified: 12-Jul-2024<\/p>\n\n<\/div>\n<\/div>\n<div class=\"col-lg-8\">\n<div class=\"box_contents_in\">\n<h4 id=\"cookie-1\" class=\"mb-4\" data-translate=\"cookie-1\">What are cookies?<\/h4>\n<p id=\"cookie-2\" data-translate=\"cookie-2\">This Cookie Policy explains what cookies are and how we use them, the types of cookies we use, that is, the information we collect using cookies and how it is used, and how to manage cookie settings. Cookies are small text files used to store small pieces of information. They are stored on your device when the website is loaded on your browser. These cookies help us make the website work properly, make it safer, provide a better user experience, understand how the website works, and analyze what works and where it needs improvement.<\/p>\n\n<\/div>\n<\/div>\n<div class=\"col-lg-8\">\n<div class=\"box_contents_in\">\n<h4 id=\"cookie-3\" class=\"mb-4\" data-translate=\"cookie-3\">How do we use cookies?<\/h4>\n<p id=\"cookie-4\" data-translate=\"cookie-4\">Like most online services, our website uses first-party and third-party cookies for different purposes. First-party cookies are mostly necessary for the website to function properly and do not collect any personal information. Third-party cookies used on our website are primarily to understand how the website works, how you interact with our website, to keep our services secure, to provide advertisements relevant to you, and ultimately to provide you with a better and improved user experience and to speed up your future interactions with our website.<\/p>\n\n<\/div>\n<\/div>\t\t\t\t\t\t\t\t<\/div>\n\t\t\t\t<\/div>\n\t\t\t\t\t<\/div>\n\t\t<\/div>\n\t\t\t\t\t<\/div>\n\t\t<\/section>\n\t\t\t\t<section class=\"elementor-section elementor-top-section elementor-element elementor-element-678f3fe elementor-section-boxed elementor-section-height-default elementor-section-height-default sc_fly_static\" data-id=\"678f3fe\" data-element_type=\"section\">\n\t\t\t\t\t\t<div class=\"elementor-container elementor-column-gap-extended\">\n\t\t\t\t\t<div class=\"elementor-column elementor-col-100 elementor-top-column elementor-element elementor-element-3747087 sc_content_align_inherit sc_layouts_column_icons_position_left sc_fly_static\" data-id=\"3747087\" data-element_type=\"column\">\n\t\t\t<div class=\"elementor-widget-wrap\">\n\t\t\t\t\t\t\t<\/div>\n\t\t<\/div>\n\t\t\t\t\t<\/div>\n\t\t<\/section>\n\t\t\t\t<section class=\"elementor-section elementor-top-section elementor-element elementor-element-5b8e4749 elementor-section-boxed elementor-section-height-default elementor-section-height-default sc_fly_static\" data-id=\"5b8e4749\" data-element_type=\"section\" data-settings=\"{&quot;background_background&quot;:&quot;classic&quot;}\">\n\t\t\t\t\t\t<div class=\"elementor-container elementor-column-gap-extended\">\n\t\t\t\t\t<div class=\"elementor-column elementor-col-100 elementor-top-column elementor-element elementor-element-1e671580 sc_content_align_inherit sc_layouts_column_icons_position_left sc_fly_static\" data-id=\"1e671580\" data-element_type=\"column\">\n\t\t\t<div class=\"elementor-widget-wrap elementor-element-populated\">\n\t\t\t\t\t\t<div class=\"elementor-element elementor-element-d5493d9 sc_fly_static elementor-widget elementor-widget-text-editor\" data-id=\"d5493d9\" data-element_type=\"widget\" data-widget_type=\"text-editor.default\">\n\t\t\t\t<div class=\"elementor-widget-container\">\n\t\t\t\t\t\t\t\t\t<div class=\"col-lg-8\"><div class=\"box_contents_in\"><h4 id=\"cookie-7\" class=\"mb-4\" data-translate=\"cookie-7\">Managing cookie preferences<\/h4><p id=\"cookie-8\" data-translate=\"cookie-8\">You can change your cookie preferences at any time by clicking on the button above. By doing so, you can view the cookie consent banner and change your preferences or withdraw your consent immediately. In addition, different browsers offer different methods for blocking and deleting cookies used by websites. You can change your browser settings to block\/delete cookies. Listed below are links to support documents on how to manage and delete cookies from major web browsers.<\/p><p>Chrome:\u00a0<a href=\"https:\/\/support.google.com\/accounts\/answer\/32050\">https:\/\/support.google.com\/accounts\/answer\/32050<\/a><\/p><p>Safari:\u00a0<a href=\"https:\/\/support.apple.com\/en-in\/guide\/safari\/sfri11471\/mac\">https:\/\/support.apple.com\/en-in\/guide\/safari\/sfri11471\/mac<\/a><\/p><p>Firefox:\u00a0<a href=\"https:\/\/support.mozilla.org\/en-US\/kb\/clear-cookies-and-site-data-firefox?redirectslug=delete-cookies-remove-info-websites-stored&amp;redirectlocale=en-US\">https:\/\/support.mozilla.org\/en-US\/kb\/clear-cookies-and-site-data-firefox?redirectslug=delete-cookies-remove-info-websites-stored&amp;redirectlocale=en-US<\/a><\/p><p>Internet Explore:\u00a0<a href=\"https:\/\/support.microsoft.com\/en-us\/topic\/how-to-delete-cookie-files-in-internet-explorer-bca9446f-d873-78de-77ba-d42645fa52fc\">https:\/\/support.microsoft.com\/en-us\/topic\/how-to-delete-cookie-files-in-internet-explorer-bca9446f-d873-78de-77ba-d42645fa52fc<\/a><\/p><\/div><\/div>\t\t\t\t\t\t\t\t<\/div>\n\t\t\t\t<\/div>\n\t\t\t\t<div class=\"elementor-element elementor-element-ab6716a sc_fly_static elementor-widget elementor-widget-html\" data-id=\"ab6716a\" data-element_type=\"widget\" data-widget_type=\"html.default\">\n\t\t\t\t<div class=\"elementor-widget-container\">\n\t\t\t\t\t<div class= \"cky-audit-table-element\"><\/div>\t\t\t\t<\/div>\n\t\t\t\t<\/div>\n\t\t\t\t\t<\/div>\n\t\t<\/div>\n\t\t\t\t\t<\/div>\n\t\t<\/section>\n\t\t\t\t<section class=\"elementor-section elementor-top-section elementor-element elementor-element-420606c elementor-section-boxed elementor-section-height-default elementor-section-height-default sc_fly_static\" data-id=\"420606c\" data-element_type=\"section\">\n\t\t\t\t\t\t<div class=\"elementor-container elementor-column-gap-extended\">\n\t\t\t\t\t<div class=\"elementor-column elementor-col-100 elementor-top-column elementor-element elementor-element-1544d41 sc_content_align_inherit sc_layouts_column_icons_position_left sc_fly_static\" data-id=\"1544d41\" data-element_type=\"column\">\n\t\t\t<div class=\"elementor-widget-wrap elementor-element-populated\">\n\t\t\t\t\t\t<div class=\"elementor-element elementor-element-18e4144 sc_fly_static elementor-widget elementor-widget-html\" data-id=\"18e4144\" data-element_type=\"widget\" data-widget_type=\"html.default\">\n\t\t\t\t<div class=\"elementor-widget-container\">\n\t\t\t\t\t<h5>Dichiarazione di accessibilit\u00e0<\/h5>\r\n\r\n<p>Questo sito \u00e8 stato progettato e sviluppato con l\u2019obiettivo di garantire l\u2019accessibilit\u00e0 dei contenuti digitali al maggior numero possibile di utenti, nel rispetto delle Web Content Accessibility Guidelines (WCAG) 2.1 \u2013 livello AA, come previsto dalla normativa europea vigente.<\/p>\r\n\r\n<h5>Impegno per l\u2019accessibilit\u00e0<\/h5>\r\n<p>L\u2019accessibilit\u00e0 \u00e8 considerata un requisito essenziale. Le scelte di progettazione, sviluppo e aggiornamento dei contenuti tengono conto dei principi di percepibilit\u00e0, utilizzabilit\u00e0, comprensibilit\u00e0 e robustezza.<\/p>\r\n\r\n<h5>Stato di conformit\u00e0<\/h5>\r\n<p>Il sito risulta ampiamente conforme ai requisiti di accessibilit\u00e0 delle WCAG 2.1 livello AA. Eventuali aree di miglioramento vengono gestite nell\u2019ambito di un processo di aggiornamento continuo.<\/p>\r\n\r\n<h5>Metodo di valutazione<\/h5>\r\n<p>La valutazione dell\u2019accessibilit\u00e0 \u00e8 stata effettuata attraverso:<\/p>\r\n<ul>\r\n  <li>strumenti automatici di analisi dell\u2019accessibilit\u00e0;<\/li>\r\n  <li>test manuali di navigazione tramite tastiera;<\/li>\r\n  <li>verifica della struttura semantica delle pagine;<\/li>\r\n  <li>controlli di contrasto cromatico e leggibilit\u00e0 dei testi.<\/li>\r\n<\/ul>\r\n\r\n<h5>Compatibilit\u00e0 e requisiti tecnici<\/h5>\r\n<p>Il sito \u00e8 progettato per essere fruibile con i principali browser moderni e tecnologie assistive comunemente utilizzate (screen reader, navigazione da tastiera, zoom del browser).<\/p>\r\n\r\n<h5>Segnalazioni e contatti<\/h5>\r\n<p>Eventuali difficolt\u00e0 di accesso ai contenuti o problemi di usabilit\u00e0 possono essere segnalati scrivendo a:<\/p>\r\n<p><a href=\"mailto:info@artedellapatina.com\" style=\"color:#000; text-decoration:none;\">info@artedellapatina.com<\/a><\/p>\r\n\r\n<h5>Aggiornamenti<\/h5>\r\n<ul>\r\n  <li>Data dell\u2019ultimo aggiornamento: 13\/03\/2026<\/li>\r\n<\/ul>\t\t\t\t<\/div>\n\t\t\t\t<\/div>\n\t\t\t\t\t<\/div>\n\t\t<\/div>\n\t\t\t\t\t<\/div>\n\t\t<\/section>\n\t\t\t\t<\/div>","protected":false},"excerpt":{"rendered":"<p>Privacy Policy La tua privacy \u00e8 importante per noi. In questa Privacy Policy descriviamo come raccogliamo, utilizziamo e proteggiamo le informazioni personali che ci fornisci attraverso il nostro sito web.&hellip;<\/p>","protected":false},"author":3,"featured_media":0,"parent":0,"menu_order":0,"comment_status":"closed","ping_status":"closed","template":"","meta":{"footnotes":""},"class_list":["post-12954","page","type-page","status-publish","hentry"],"yoast_head":"<!-- This site is optimized with the Yoast SEO plugin v27.1.1 - https:\/\/yoast.com\/product\/yoast-seo-wordpress\/ -->\n<title>Privacy and Cookie Policy - Arte della Patina<\/title>\n<meta name=\"robots\" content=\"index, follow, max-snippet:-1, max-image-preview:large, max-video-preview:-1\" \/>\n<link rel=\"canonical\" href=\"https:\/\/artedellapatina.com\/en\/privacy-policy\/\" \/>\n<meta property=\"og:locale\" content=\"en_GB\" \/>\n<meta property=\"og:type\" content=\"article\" \/>\n<meta property=\"og:title\" content=\"Privacy and Cookie Policy - Arte della Patina\" \/>\n<meta property=\"og:description\" content=\"Privacy Policy La tua privacy \u00e8 importante per noi. In questa Privacy Policy descriviamo come raccogliamo, utilizziamo e proteggiamo le informazioni personali che ci fornisci attraverso il nostro sito web.&hellip;\" \/>\n<meta property=\"og:url\" content=\"https:\/\/artedellapatina.com\/en\/privacy-policy\/\" \/>\n<meta property=\"og:site_name\" content=\"Arte della Patina\" \/>\n<meta property=\"article:modified_time\" content=\"2026-03-30T10:35:22+00:00\" \/>\n<meta property=\"og:image\" content=\"https:\/\/artedellapatina.com\/wp-content\/uploads\/2024\/11\/Logo-per-firma-png-trasparente.png\" \/>\n\t<meta property=\"og:image:width\" content=\"591\" \/>\n\t<meta property=\"og:image:height\" content=\"591\" \/>\n\t<meta property=\"og:image:type\" content=\"image\/png\" \/>\n<meta name=\"twitter:card\" content=\"summary_large_image\" \/>\n<meta name=\"twitter:label1\" content=\"Estimated reading time\" \/>\n\t<meta name=\"twitter:data1\" content=\"5 minutes\" \/>\n<script type=\"application\/ld+json\" class=\"yoast-schema-graph\">{\"@context\":\"https:\/\/schema.org\",\"@graph\":[{\"@type\":\"WebPage\",\"@id\":\"https:\/\/artedellapatina.com\/privacy-policy\/\",\"url\":\"https:\/\/artedellapatina.com\/privacy-policy\/\",\"name\":\"Privacy and Cookie Policy - Arte della Patina\",\"isPartOf\":{\"@id\":\"https:\/\/artedellapatina.com\/#website\"},\"datePublished\":\"2020-08-27T08:23:10+00:00\",\"dateModified\":\"2026-03-30T10:35:22+00:00\",\"breadcrumb\":{\"@id\":\"https:\/\/artedellapatina.com\/privacy-policy\/#breadcrumb\"},\"inLanguage\":\"en-GB\",\"potentialAction\":[{\"@type\":\"ReadAction\",\"target\":[\"https:\/\/artedellapatina.com\/privacy-policy\/\"]}]},{\"@type\":\"BreadcrumbList\",\"@id\":\"https:\/\/artedellapatina.com\/privacy-policy\/#breadcrumb\",\"itemListElement\":[{\"@type\":\"ListItem\",\"position\":1,\"name\":\"Home\",\"item\":\"https:\/\/artedellapatina.com\/\"},{\"@type\":\"ListItem\",\"position\":2,\"name\":\"Privacy and Cookie Policy\"}]},{\"@type\":\"WebSite\",\"@id\":\"https:\/\/artedellapatina.com\/#website\",\"url\":\"https:\/\/artedellapatina.com\/\",\"name\":\"Arte della Patina\",\"description\":\"\",\"publisher\":{\"@id\":\"https:\/\/artedellapatina.com\/#organization\"},\"potentialAction\":[{\"@type\":\"SearchAction\",\"target\":{\"@type\":\"EntryPoint\",\"urlTemplate\":\"https:\/\/artedellapatina.com\/?s={search_term_string}\"},\"query-input\":{\"@type\":\"PropertyValueSpecification\",\"valueRequired\":true,\"valueName\":\"search_term_string\"}}],\"inLanguage\":\"en-GB\"},{\"@type\":\"Organization\",\"@id\":\"https:\/\/artedellapatina.com\/#organization\",\"name\":\"Arte della Patina\",\"url\":\"https:\/\/artedellapatina.com\/\",\"logo\":{\"@type\":\"ImageObject\",\"inLanguage\":\"en-GB\",\"@id\":\"https:\/\/artedellapatina.com\/#\/schema\/logo\/image\/\",\"url\":\"https:\/\/artedellapatina.com\/wp-content\/uploads\/2024\/11\/Logo-per-firma-png-trasparente.png\",\"contentUrl\":\"https:\/\/artedellapatina.com\/wp-content\/uploads\/2024\/11\/Logo-per-firma-png-trasparente.png\",\"width\":591,\"height\":591,\"caption\":\"Arte della Patina\"},\"image\":{\"@id\":\"https:\/\/artedellapatina.com\/#\/schema\/logo\/image\/\"}}]}<\/script>\n<!-- \/ Yoast SEO plugin. -->","yoast_head_json":{"title":"Privacy and Cookie Policy - Arte della Patina","robots":{"index":"index","follow":"follow","max-snippet":"max-snippet:-1","max-image-preview":"max-image-preview:large","max-video-preview":"max-video-preview:-1"},"canonical":"https:\/\/artedellapatina.com\/en\/privacy-policy\/","og_locale":"en_GB","og_type":"article","og_title":"Privacy and Cookie Policy - Arte della Patina","og_description":"Privacy Policy La tua privacy \u00e8 importante per noi. In questa Privacy Policy descriviamo come raccogliamo, utilizziamo e proteggiamo le informazioni personali che ci fornisci attraverso il nostro sito web.&hellip;","og_url":"https:\/\/artedellapatina.com\/en\/privacy-policy\/","og_site_name":"Arte della Patina","article_modified_time":"2026-03-30T10:35:22+00:00","og_image":[{"width":591,"height":591,"url":"https:\/\/artedellapatina.com\/wp-content\/uploads\/2024\/11\/Logo-per-firma-png-trasparente.png","type":"image\/png"}],"twitter_card":"summary_large_image","twitter_misc":{"Estimated reading time":"5 minutes"},"schema":{"@context":"https:\/\/schema.org","@graph":[{"@type":"WebPage","@id":"https:\/\/artedellapatina.com\/privacy-policy\/","url":"https:\/\/artedellapatina.com\/privacy-policy\/","name":"Privacy and Cookie Policy - Arte della Patina","isPartOf":{"@id":"https:\/\/artedellapatina.com\/#website"},"datePublished":"2020-08-27T08:23:10+00:00","dateModified":"2026-03-30T10:35:22+00:00","breadcrumb":{"@id":"https:\/\/artedellapatina.com\/privacy-policy\/#breadcrumb"},"inLanguage":"en-GB","potentialAction":[{"@type":"ReadAction","target":["https:\/\/artedellapatina.com\/privacy-policy\/"]}]},{"@type":"BreadcrumbList","@id":"https:\/\/artedellapatina.com\/privacy-policy\/#breadcrumb","itemListElement":[{"@type":"ListItem","position":1,"name":"Home","item":"https:\/\/artedellapatina.com\/"},{"@type":"ListItem","position":2,"name":"Privacy and Cookie Policy"}]},{"@type":"WebSite","@id":"https:\/\/artedellapatina.com\/#website","url":"https:\/\/artedellapatina.com\/","name":"Art of Patina","description":"","publisher":{"@id":"https:\/\/artedellapatina.com\/#organization"},"potentialAction":[{"@type":"SearchAction","target":{"@type":"EntryPoint","urlTemplate":"https:\/\/artedellapatina.com\/?s={search_term_string}"},"query-input":{"@type":"PropertyValueSpecification","valueRequired":true,"valueName":"search_term_string"}}],"inLanguage":"en-GB"},{"@type":"Organization","@id":"https:\/\/artedellapatina.com\/#organization","name":"Art of Patina","url":"https:\/\/artedellapatina.com\/","logo":{"@type":"ImageObject","inLanguage":"en-GB","@id":"https:\/\/artedellapatina.com\/#\/schema\/logo\/image\/","url":"https:\/\/artedellapatina.com\/wp-content\/uploads\/2024\/11\/Logo-per-firma-png-trasparente.png","contentUrl":"https:\/\/artedellapatina.com\/wp-content\/uploads\/2024\/11\/Logo-per-firma-png-trasparente.png","width":591,"height":591,"caption":"Arte della Patina"},"image":{"@id":"https:\/\/artedellapatina.com\/#\/schema\/logo\/image\/"}}]}},"_links":{"self":[{"href":"https:\/\/artedellapatina.com\/en\/wp-json\/wp\/v2\/pages\/12954","targetHints":{"allow":["GET"]}}],"collection":[{"href":"https:\/\/artedellapatina.com\/en\/wp-json\/wp\/v2\/pages"}],"about":[{"href":"https:\/\/artedellapatina.com\/en\/wp-json\/wp\/v2\/types\/page"}],"author":[{"embeddable":true,"href":"https:\/\/artedellapatina.com\/en\/wp-json\/wp\/v2\/users\/3"}],"replies":[{"embeddable":true,"href":"https:\/\/artedellapatina.com\/en\/wp-json\/wp\/v2\/comments?post=12954"}],"version-history":[{"count":31,"href":"https:\/\/artedellapatina.com\/en\/wp-json\/wp\/v2\/pages\/12954\/revisions"}],"predecessor-version":[{"id":25910,"href":"https:\/\/artedellapatina.com\/en\/wp-json\/wp\/v2\/pages\/12954\/revisions\/25910"}],"wp:attachment":[{"href":"https:\/\/artedellapatina.com\/en\/wp-json\/wp\/v2\/media?parent=12954"}],"curies":[{"name":"wp","href":"https:\/\/api.w.org\/{rel}","templated":true}]}}