{"id":23568,"date":"2024-10-11T14:58:33","date_gmt":"2024-10-11T12:58:33","guid":{"rendered":"https:\/\/artedellapatina.com\/?post_type=product&#038;p=23568"},"modified":"2026-01-19T10:05:00","modified_gmt":"2026-01-19T09:05:00","slug":"soluzione-cerosa-allacqua","status":"publish","type":"product","link":"https:\/\/artedellapatina.com\/en\/product\/soluzione-cerosa-allacqua\/","title":{"rendered":"Soluzione Cerosa all\u2019Acqua"},"content":{"rendered":"<p>H412: Nocivo per gli organismi acquatici con effetti di lunga durata \/ Harmful to aquatic life with long-lasting effects \/ Nocif pour les organismes aquatiques, entra\u00eene des effets n\u00e9fastes \u00e0 long terme\/ Nocivo para los organismos acu\u00e1ticos, con efectos de larga duraci\u00f3n<\/p>\n<p>Contiene\/Contains\/Contient: MASSA DI REAZIONE DI 5-CLORO-2- METIL-2H-ISOTIAZOL-3-ONE E 2-METIL-2H-ISOTIAZOL-3-ONE (3:1), 2-OTTIL-2H-ISOTIAZOL-3-ONE, 1,2-benzisotiazol-3(2H)-one<\/p>\n<p>Pu\u00f2 provocare una reazione allergica \/ May cause an allergic reaction\/ Peut provoquer une r\u00e9action allergique\/ Puede provocar una reacci\u00f3n al\u00e9rgica.<\/p>\n<p>P273: Non disperdere nell\u2019ambiente \/ Do not release into the environment \/ Ne pas disperser dans l\u2019environnement<\/p>\n<p>No liberar al medio ambiente.\u00a0 \/\u00a0 VOC (Direttiva 2004\/42\/CE): Impregnanti non filmogeni per legno (per interni ed esterni).<\/p>\n<p>VOC espressi in g\/litro di prodotto pronto all\u2019uso: 18,73 &#8211; Limite massimo: 130,00 \/ VOC (Directive 2004\/42\/EC): Non-film-forming wood stains (for interior and exterior use). &#8211; VOC expressed in g\/l of ready-to-use product: 18.73 &#8211; Maximum limit: 130.00\u00a0 \/\u00a0 COV (Directive 2004\/42\/CE): Impr\u00e9gnants non filmog\u00e8nes pour bois (pour int\u00e9rieur et ext\u00e9rieur). &#8211; COV exprim\u00e9s en g\/l de produit pr\u00eat \u00e0 l\u2019emploi: 18,73 &#8211; Limite maximale: 130,00 \/ COV (Directiva 2004\/42\/CE): Impregnantes no film\u00f3genos para madera (para interior y exterior). &#8211; COV expresados en g\/l de producto listo para usar: 18,73 &#8211; L\u00edmite m\u00e1ximo: 130,00<\/p>","protected":false},"excerpt":{"rendered":"<p>The water-based Cerosa solution is neutral, based on modified cerous dispersions, particularly suitable for the treatment of wood products. With high penetration power in the support, gives protection during the process of ancient coating, ensuring a durable and authentic result.<\/p>","protected":false},"featured_media":24392,"comment_status":"open","ping_status":"closed","template":"","meta":[],"product_brand":[],"product_cat":[257,232,264],"product_tag":[],"class_list":{"0":"post-23568","1":"product","2":"type-product","3":"status-publish","4":"has-post-thumbnail","6":"product_cat-finiture-e-prodotti-per-anticare","7":"product_cat-patina-toscana","8":"product_cat-tempera-fiorentina-prodotti-per-tecnica","10":"first","11":"instock","12":"taxable","13":"shipping-taxable","14":"purchasable","15":"product-type-variable","16":"has-default-attributes"},"yoast_head":"<!-- This site is optimized with the Yoast SEO plugin v27.1.1 - https:\/\/yoast.com\/product\/yoast-seo-wordpress\/ -->\n<title>Soluzione Cerosa all\u2019Acqua - Arte della Patina<\/title>\n<meta name=\"robots\" content=\"index, follow, max-snippet:-1, max-image-preview:large, max-video-preview:-1\" \/>\n<link rel=\"canonical\" href=\"https:\/\/artedellapatina.com\/en\/product\/soluzione-cerosa-allacqua\/\" \/>\n<meta property=\"og:locale\" content=\"en_GB\" \/>\n<meta property=\"og:type\" content=\"article\" \/>\n<meta property=\"og:title\" content=\"Soluzione Cerosa all\u2019Acqua - Arte della Patina\" \/>\n<meta property=\"og:description\" content=\"La Soluzione Cerosa all\u2019acqua \u00e8 neutra, a base di dispersioni cerose modificate, particolarmente indicata nel trattamento di manufatti in legno. Dotata di elevato potere di penetrazione nel supporto, conferisce una protezione durante il processo di patinatura antica, garantendo un risultato durevole e autentico.\" \/>\n<meta property=\"og:url\" content=\"https:\/\/artedellapatina.com\/en\/product\/soluzione-cerosa-allacqua\/\" \/>\n<meta property=\"og:site_name\" content=\"Arte della Patina\" \/>\n<meta property=\"article:modified_time\" content=\"2026-01-19T09:05:00+00:00\" \/>\n<meta property=\"og:image\" content=\"https:\/\/artedellapatina.com\/wp-content\/uploads\/2024\/11\/Soluzione-Cerosa-ok-copia-scaled.jpg\" \/>\n\t<meta property=\"og:image:width\" content=\"2560\" \/>\n\t<meta property=\"og:image:height\" content=\"2560\" \/>\n\t<meta property=\"og:image:type\" content=\"image\/jpeg\" \/>\n<meta name=\"twitter:card\" content=\"summary_large_image\" \/>\n<meta name=\"twitter:label1\" content=\"Estimated reading time\" \/>\n\t<meta name=\"twitter:data1\" content=\"2 minutes\" \/>\n<script type=\"application\/ld+json\" class=\"yoast-schema-graph\">{\"@context\":\"https:\/\/schema.org\",\"@graph\":[{\"@type\":\"WebPage\",\"@id\":\"https:\/\/artedellapatina.com\/product\/soluzione-cerosa-allacqua\/\",\"url\":\"https:\/\/artedellapatina.com\/product\/soluzione-cerosa-allacqua\/\",\"name\":\"Soluzione Cerosa all\u2019Acqua - Arte della Patina\",\"isPartOf\":{\"@id\":\"https:\/\/artedellapatina.com\/#website\"},\"primaryImageOfPage\":{\"@id\":\"https:\/\/artedellapatina.com\/product\/soluzione-cerosa-allacqua\/#primaryimage\"},\"image\":{\"@id\":\"https:\/\/artedellapatina.com\/product\/soluzione-cerosa-allacqua\/#primaryimage\"},\"thumbnailUrl\":\"https:\/\/artedellapatina.com\/wp-content\/uploads\/2024\/11\/Soluzione-Cerosa-ok-copia-scaled.jpg\",\"datePublished\":\"2024-10-11T12:58:33+00:00\",\"dateModified\":\"2026-01-19T09:05:00+00:00\",\"breadcrumb\":{\"@id\":\"https:\/\/artedellapatina.com\/product\/soluzione-cerosa-allacqua\/#breadcrumb\"},\"inLanguage\":\"en-GB\",\"potentialAction\":[{\"@type\":\"ReadAction\",\"target\":[\"https:\/\/artedellapatina.com\/product\/soluzione-cerosa-allacqua\/\"]}]},{\"@type\":\"ImageObject\",\"inLanguage\":\"en-GB\",\"@id\":\"https:\/\/artedellapatina.com\/product\/soluzione-cerosa-allacqua\/#primaryimage\",\"url\":\"https:\/\/artedellapatina.com\/wp-content\/uploads\/2024\/11\/Soluzione-Cerosa-ok-copia-scaled.jpg\",\"contentUrl\":\"https:\/\/artedellapatina.com\/wp-content\/uploads\/2024\/11\/Soluzione-Cerosa-ok-copia-scaled.jpg\",\"width\":2560,\"height\":2560},{\"@type\":\"BreadcrumbList\",\"@id\":\"https:\/\/artedellapatina.com\/product\/soluzione-cerosa-allacqua\/#breadcrumb\",\"itemListElement\":[{\"@type\":\"ListItem\",\"position\":1,\"name\":\"Home\",\"item\":\"https:\/\/artedellapatina.com\/\"},{\"@type\":\"ListItem\",\"position\":2,\"name\":\"Shop\",\"item\":\"https:\/\/artedellapatina.com\/shop\/\"},{\"@type\":\"ListItem\",\"position\":3,\"name\":\"Soluzione Cerosa all\u2019Acqua\"}]},{\"@type\":\"WebSite\",\"@id\":\"https:\/\/artedellapatina.com\/#website\",\"url\":\"https:\/\/artedellapatina.com\/\",\"name\":\"Arte della Patina\",\"description\":\"\",\"publisher\":{\"@id\":\"https:\/\/artedellapatina.com\/#organization\"},\"potentialAction\":[{\"@type\":\"SearchAction\",\"target\":{\"@type\":\"EntryPoint\",\"urlTemplate\":\"https:\/\/artedellapatina.com\/?s={search_term_string}\"},\"query-input\":{\"@type\":\"PropertyValueSpecification\",\"valueRequired\":true,\"valueName\":\"search_term_string\"}}],\"inLanguage\":\"en-GB\"},{\"@type\":\"Organization\",\"@id\":\"https:\/\/artedellapatina.com\/#organization\",\"name\":\"Arte della Patina\",\"url\":\"https:\/\/artedellapatina.com\/\",\"logo\":{\"@type\":\"ImageObject\",\"inLanguage\":\"en-GB\",\"@id\":\"https:\/\/artedellapatina.com\/#\/schema\/logo\/image\/\",\"url\":\"https:\/\/artedellapatina.com\/wp-content\/uploads\/2024\/11\/Logo-per-firma-png-trasparente.png\",\"contentUrl\":\"https:\/\/artedellapatina.com\/wp-content\/uploads\/2024\/11\/Logo-per-firma-png-trasparente.png\",\"width\":591,\"height\":591,\"caption\":\"Arte della Patina\"},\"image\":{\"@id\":\"https:\/\/artedellapatina.com\/#\/schema\/logo\/image\/\"}}]}<\/script>\n<!-- \/ Yoast SEO plugin. -->","yoast_head_json":{"title":"Soluzione Cerosa all\u2019Acqua - Arte della Patina","robots":{"index":"index","follow":"follow","max-snippet":"max-snippet:-1","max-image-preview":"max-image-preview:large","max-video-preview":"max-video-preview:-1"},"canonical":"https:\/\/artedellapatina.com\/en\/product\/soluzione-cerosa-allacqua\/","og_locale":"en_GB","og_type":"article","og_title":"Soluzione Cerosa all\u2019Acqua - Arte della Patina","og_description":"La Soluzione Cerosa all\u2019acqua \u00e8 neutra, a base di dispersioni cerose modificate, particolarmente indicata nel trattamento di manufatti in legno. Dotata di elevato potere di penetrazione nel supporto, conferisce una protezione durante il processo di patinatura antica, garantendo un risultato durevole e autentico.","og_url":"https:\/\/artedellapatina.com\/en\/product\/soluzione-cerosa-allacqua\/","og_site_name":"Arte della Patina","article_modified_time":"2026-01-19T09:05:00+00:00","og_image":[{"width":2560,"height":2560,"url":"https:\/\/artedellapatina.com\/wp-content\/uploads\/2024\/11\/Soluzione-Cerosa-ok-copia-scaled.jpg","type":"image\/jpeg"}],"twitter_card":"summary_large_image","twitter_misc":{"Estimated reading time":"2 minutes"},"schema":{"@context":"https:\/\/schema.org","@graph":[{"@type":"WebPage","@id":"https:\/\/artedellapatina.com\/product\/soluzione-cerosa-allacqua\/","url":"https:\/\/artedellapatina.com\/product\/soluzione-cerosa-allacqua\/","name":"Soluzione Cerosa all\u2019Acqua - Arte della Patina","isPartOf":{"@id":"https:\/\/artedellapatina.com\/#website"},"primaryImageOfPage":{"@id":"https:\/\/artedellapatina.com\/product\/soluzione-cerosa-allacqua\/#primaryimage"},"image":{"@id":"https:\/\/artedellapatina.com\/product\/soluzione-cerosa-allacqua\/#primaryimage"},"thumbnailUrl":"https:\/\/artedellapatina.com\/wp-content\/uploads\/2024\/11\/Soluzione-Cerosa-ok-copia-scaled.jpg","datePublished":"2024-10-11T12:58:33+00:00","dateModified":"2026-01-19T09:05:00+00:00","breadcrumb":{"@id":"https:\/\/artedellapatina.com\/product\/soluzione-cerosa-allacqua\/#breadcrumb"},"inLanguage":"en-GB","potentialAction":[{"@type":"ReadAction","target":["https:\/\/artedellapatina.com\/product\/soluzione-cerosa-allacqua\/"]}]},{"@type":"ImageObject","inLanguage":"en-GB","@id":"https:\/\/artedellapatina.com\/product\/soluzione-cerosa-allacqua\/#primaryimage","url":"https:\/\/artedellapatina.com\/wp-content\/uploads\/2024\/11\/Soluzione-Cerosa-ok-copia-scaled.jpg","contentUrl":"https:\/\/artedellapatina.com\/wp-content\/uploads\/2024\/11\/Soluzione-Cerosa-ok-copia-scaled.jpg","width":2560,"height":2560},{"@type":"BreadcrumbList","@id":"https:\/\/artedellapatina.com\/product\/soluzione-cerosa-allacqua\/#breadcrumb","itemListElement":[{"@type":"ListItem","position":1,"name":"Home","item":"https:\/\/artedellapatina.com\/"},{"@type":"ListItem","position":2,"name":"Shop","item":"https:\/\/artedellapatina.com\/shop\/"},{"@type":"ListItem","position":3,"name":"Soluzione Cerosa all\u2019Acqua"}]},{"@type":"WebSite","@id":"https:\/\/artedellapatina.com\/#website","url":"https:\/\/artedellapatina.com\/","name":"Art of Patina","description":"","publisher":{"@id":"https:\/\/artedellapatina.com\/#organization"},"potentialAction":[{"@type":"SearchAction","target":{"@type":"EntryPoint","urlTemplate":"https:\/\/artedellapatina.com\/?s={search_term_string}"},"query-input":{"@type":"PropertyValueSpecification","valueRequired":true,"valueName":"search_term_string"}}],"inLanguage":"en-GB"},{"@type":"Organization","@id":"https:\/\/artedellapatina.com\/#organization","name":"Art of Patina","url":"https:\/\/artedellapatina.com\/","logo":{"@type":"ImageObject","inLanguage":"en-GB","@id":"https:\/\/artedellapatina.com\/#\/schema\/logo\/image\/","url":"https:\/\/artedellapatina.com\/wp-content\/uploads\/2024\/11\/Logo-per-firma-png-trasparente.png","contentUrl":"https:\/\/artedellapatina.com\/wp-content\/uploads\/2024\/11\/Logo-per-firma-png-trasparente.png","width":591,"height":591,"caption":"Arte della Patina"},"image":{"@id":"https:\/\/artedellapatina.com\/#\/schema\/logo\/image\/"}}]}},"_links":{"self":[{"href":"https:\/\/artedellapatina.com\/en\/wp-json\/wp\/v2\/product\/23568","targetHints":{"allow":["GET"]}}],"collection":[{"href":"https:\/\/artedellapatina.com\/en\/wp-json\/wp\/v2\/product"}],"about":[{"href":"https:\/\/artedellapatina.com\/en\/wp-json\/wp\/v2\/types\/product"}],"replies":[{"embeddable":true,"href":"https:\/\/artedellapatina.com\/en\/wp-json\/wp\/v2\/comments?post=23568"}],"wp:featuredmedia":[{"embeddable":true,"href":"https:\/\/artedellapatina.com\/en\/wp-json\/wp\/v2\/media\/24392"}],"wp:attachment":[{"href":"https:\/\/artedellapatina.com\/en\/wp-json\/wp\/v2\/media?parent=23568"}],"wp:term":[{"taxonomy":"product_brand","embeddable":true,"href":"https:\/\/artedellapatina.com\/en\/wp-json\/wp\/v2\/product_brand?post=23568"},{"taxonomy":"product_cat","embeddable":true,"href":"https:\/\/artedellapatina.com\/en\/wp-json\/wp\/v2\/product_cat?post=23568"},{"taxonomy":"product_tag","embeddable":true,"href":"https:\/\/artedellapatina.com\/en\/wp-json\/wp\/v2\/product_tag?post=23568"}],"curies":[{"name":"wp","href":"https:\/\/api.w.org\/{rel}","templated":true}]}}