{"id":23612,"date":"2024-11-18T15:10:41","date_gmt":"2024-11-18T14:10:41","guid":{"rendered":"https:\/\/artedellapatina.com\/?post_type=product&#038;p=23612"},"modified":"2024-11-22T11:50:45","modified_gmt":"2024-11-22T10:50:45","slug":"cera-neutra-florentia-copia","status":"publish","type":"product","link":"https:\/\/artedellapatina.com\/en\/product\/cera-neutra-florentia-copia\/","title":{"rendered":"Talco Fine 1878"},"content":{"rendered":"<p>UH210: Scheda dati di sicurezza disponibile su richiesta \/ Safety data sheet available upon request \/ Fiche de donn\u00e9es de s\u00e9curit\u00e9 disponible sur demande \/ Hoja de datos de seguridad disponible bajo petici\u00f3n<\/p>","protected":false},"excerpt":{"rendered":"<p>Talco Fine 1878 is a reference product in the restoration of furniture, designed to meet the needs of the most demanding craftsmen, framers, gilders and lackers. Its high quality formulation, with ultra-fine grain, is ideal for softening lacquers, giving a velvety and refined appearance to the treated surfaces.<\/p>\n<p>Thanks to its versatility, this talc is perfectly suited for various applications, improving the aesthetics and finish of restoration work. It is an indispensable ally to achieve professional results, ensuring a touch of elegance and sophistication in every project.<\/p>\n<p>The Talco Fine 1878 is used in the final stage of coating to make the furniture soft and velvety. It is recommended to apply a small amount with the brush directly after the Neutral Wax Florentia, which gives good adhesion and stability.<\/p>","protected":false},"featured_media":24405,"comment_status":"open","ping_status":"closed","template":"","meta":[],"product_brand":[],"product_cat":[257,232,235,233,234],"product_tag":[],"class_list":{"0":"post-23612","1":"product","2":"type-product","3":"status-publish","4":"has-post-thumbnail","6":"product_cat-finiture-e-prodotti-per-anticare","7":"product_cat-patina-toscana","8":"product_cat-patine-antiche","9":"product_cat-tempera-antica","10":"product_cat-tempera-materica","12":"first","13":"instock","14":"taxable","15":"shipping-taxable","16":"purchasable","17":"product-type-variable","18":"has-default-attributes"},"yoast_head":"<!-- This site is optimized with the Yoast SEO plugin v27.1.1 - https:\/\/yoast.com\/product\/yoast-seo-wordpress\/ -->\n<title>Talco Fine 1878 - Arte della Patina<\/title>\n<meta name=\"robots\" content=\"index, follow, max-snippet:-1, max-image-preview:large, max-video-preview:-1\" \/>\n<link rel=\"canonical\" href=\"https:\/\/artedellapatina.com\/en\/product\/cera-neutra-florentia-copia\/\" \/>\n<meta property=\"og:locale\" content=\"en_GB\" \/>\n<meta property=\"og:type\" content=\"article\" \/>\n<meta property=\"og:title\" content=\"Talco Fine 1878 - Arte della Patina\" \/>\n<meta property=\"og:description\" content=\"Il Talco Fine 1878 \u00e8 un prodotto di riferimento nel restauro dei mobili, progettato per soddisfare le esigenze di artigiani, corniciai, doratori e laccatori pi\u00f9 esigenti. La sua formulazione di alta qualit\u00e0, con grana ultra-fine, \u00e8 ideale per ammorbidire le laccature, conferendo un aspetto vellutato e raffinato alle superfici trattate.  Grazie alla sua versatilit\u00e0, questo talco si presta perfettamente a diverse applicazioni, migliorando l\u2019estetica e la finitura dei lavori di restauro. \u00c8 un alleato indispensabile per ottenere risultati professionali, garantendo un tocco di eleganza e sofisticatezza in ogni progetto.  Il Talco Fine 1878 \u00e8 usato nella fase finale della patinatura per rendere il mobile morbido e vellutato. \u00c8 consigliato applicarne una piccola quantit\u00e0 con il pennello direttamente dopo la Cera Neutra Florentia, che gli conferisce una buona aderenza e stabilit\u00e0.\" \/>\n<meta property=\"og:url\" content=\"https:\/\/artedellapatina.com\/en\/product\/cera-neutra-florentia-copia\/\" \/>\n<meta property=\"og:site_name\" content=\"Arte della Patina\" \/>\n<meta property=\"article:modified_time\" content=\"2024-11-22T10:50:45+00:00\" \/>\n<meta property=\"og:image\" content=\"https:\/\/artedellapatina.com\/wp-content\/uploads\/2024\/11\/Talco-fine-copia.jpg\" \/>\n\t<meta property=\"og:image:width\" content=\"1962\" \/>\n\t<meta property=\"og:image:height\" content=\"1962\" \/>\n\t<meta property=\"og:image:type\" content=\"image\/jpeg\" \/>\n<meta name=\"twitter:card\" content=\"summary_large_image\" \/>\n<script type=\"application\/ld+json\" class=\"yoast-schema-graph\">{\"@context\":\"https:\/\/schema.org\",\"@graph\":[{\"@type\":\"WebPage\",\"@id\":\"https:\/\/artedellapatina.com\/product\/cera-neutra-florentia-copia\/\",\"url\":\"https:\/\/artedellapatina.com\/product\/cera-neutra-florentia-copia\/\",\"name\":\"Talco Fine 1878 - Arte della Patina\",\"isPartOf\":{\"@id\":\"https:\/\/artedellapatina.com\/#website\"},\"primaryImageOfPage\":{\"@id\":\"https:\/\/artedellapatina.com\/product\/cera-neutra-florentia-copia\/#primaryimage\"},\"image\":{\"@id\":\"https:\/\/artedellapatina.com\/product\/cera-neutra-florentia-copia\/#primaryimage\"},\"thumbnailUrl\":\"https:\/\/artedellapatina.com\/wp-content\/uploads\/2024\/11\/Talco-fine-copia.jpg\",\"datePublished\":\"2024-11-18T14:10:41+00:00\",\"dateModified\":\"2024-11-22T10:50:45+00:00\",\"breadcrumb\":{\"@id\":\"https:\/\/artedellapatina.com\/product\/cera-neutra-florentia-copia\/#breadcrumb\"},\"inLanguage\":\"en-GB\",\"potentialAction\":[{\"@type\":\"ReadAction\",\"target\":[\"https:\/\/artedellapatina.com\/product\/cera-neutra-florentia-copia\/\"]}]},{\"@type\":\"ImageObject\",\"inLanguage\":\"en-GB\",\"@id\":\"https:\/\/artedellapatina.com\/product\/cera-neutra-florentia-copia\/#primaryimage\",\"url\":\"https:\/\/artedellapatina.com\/wp-content\/uploads\/2024\/11\/Talco-fine-copia.jpg\",\"contentUrl\":\"https:\/\/artedellapatina.com\/wp-content\/uploads\/2024\/11\/Talco-fine-copia.jpg\",\"width\":1962,\"height\":1962},{\"@type\":\"BreadcrumbList\",\"@id\":\"https:\/\/artedellapatina.com\/product\/cera-neutra-florentia-copia\/#breadcrumb\",\"itemListElement\":[{\"@type\":\"ListItem\",\"position\":1,\"name\":\"Home\",\"item\":\"https:\/\/artedellapatina.com\/\"},{\"@type\":\"ListItem\",\"position\":2,\"name\":\"Shop\",\"item\":\"https:\/\/artedellapatina.com\/shop\/\"},{\"@type\":\"ListItem\",\"position\":3,\"name\":\"Talco Fine 1878\"}]},{\"@type\":\"WebSite\",\"@id\":\"https:\/\/artedellapatina.com\/#website\",\"url\":\"https:\/\/artedellapatina.com\/\",\"name\":\"Arte della Patina\",\"description\":\"\",\"publisher\":{\"@id\":\"https:\/\/artedellapatina.com\/#organization\"},\"potentialAction\":[{\"@type\":\"SearchAction\",\"target\":{\"@type\":\"EntryPoint\",\"urlTemplate\":\"https:\/\/artedellapatina.com\/?s={search_term_string}\"},\"query-input\":{\"@type\":\"PropertyValueSpecification\",\"valueRequired\":true,\"valueName\":\"search_term_string\"}}],\"inLanguage\":\"en-GB\"},{\"@type\":\"Organization\",\"@id\":\"https:\/\/artedellapatina.com\/#organization\",\"name\":\"Arte della Patina\",\"url\":\"https:\/\/artedellapatina.com\/\",\"logo\":{\"@type\":\"ImageObject\",\"inLanguage\":\"en-GB\",\"@id\":\"https:\/\/artedellapatina.com\/#\/schema\/logo\/image\/\",\"url\":\"https:\/\/artedellapatina.com\/wp-content\/uploads\/2024\/11\/Logo-per-firma-png-trasparente.png\",\"contentUrl\":\"https:\/\/artedellapatina.com\/wp-content\/uploads\/2024\/11\/Logo-per-firma-png-trasparente.png\",\"width\":591,\"height\":591,\"caption\":\"Arte della Patina\"},\"image\":{\"@id\":\"https:\/\/artedellapatina.com\/#\/schema\/logo\/image\/\"}}]}<\/script>\n<!-- \/ Yoast SEO plugin. -->","yoast_head_json":{"title":"Talco Fine 1878 - Arte della Patina","robots":{"index":"index","follow":"follow","max-snippet":"max-snippet:-1","max-image-preview":"max-image-preview:large","max-video-preview":"max-video-preview:-1"},"canonical":"https:\/\/artedellapatina.com\/en\/product\/cera-neutra-florentia-copia\/","og_locale":"en_GB","og_type":"article","og_title":"Talco Fine 1878 - Arte della Patina","og_description":"Il Talco Fine 1878 \u00e8 un prodotto di riferimento nel restauro dei mobili, progettato per soddisfare le esigenze di artigiani, corniciai, doratori e laccatori pi\u00f9 esigenti. La sua formulazione di alta qualit\u00e0, con grana ultra-fine, \u00e8 ideale per ammorbidire le laccature, conferendo un aspetto vellutato e raffinato alle superfici trattate.  Grazie alla sua versatilit\u00e0, questo talco si presta perfettamente a diverse applicazioni, migliorando l\u2019estetica e la finitura dei lavori di restauro. \u00c8 un alleato indispensabile per ottenere risultati professionali, garantendo un tocco di eleganza e sofisticatezza in ogni progetto.  Il Talco Fine 1878 \u00e8 usato nella fase finale della patinatura per rendere il mobile morbido e vellutato. \u00c8 consigliato applicarne una piccola quantit\u00e0 con il pennello direttamente dopo la Cera Neutra Florentia, che gli conferisce una buona aderenza e stabilit\u00e0.","og_url":"https:\/\/artedellapatina.com\/en\/product\/cera-neutra-florentia-copia\/","og_site_name":"Arte della Patina","article_modified_time":"2024-11-22T10:50:45+00:00","og_image":[{"width":1962,"height":1962,"url":"https:\/\/artedellapatina.com\/wp-content\/uploads\/2024\/11\/Talco-fine-copia.jpg","type":"image\/jpeg"}],"twitter_card":"summary_large_image","schema":{"@context":"https:\/\/schema.org","@graph":[{"@type":"WebPage","@id":"https:\/\/artedellapatina.com\/product\/cera-neutra-florentia-copia\/","url":"https:\/\/artedellapatina.com\/product\/cera-neutra-florentia-copia\/","name":"Talco Fine 1878 - Arte della Patina","isPartOf":{"@id":"https:\/\/artedellapatina.com\/#website"},"primaryImageOfPage":{"@id":"https:\/\/artedellapatina.com\/product\/cera-neutra-florentia-copia\/#primaryimage"},"image":{"@id":"https:\/\/artedellapatina.com\/product\/cera-neutra-florentia-copia\/#primaryimage"},"thumbnailUrl":"https:\/\/artedellapatina.com\/wp-content\/uploads\/2024\/11\/Talco-fine-copia.jpg","datePublished":"2024-11-18T14:10:41+00:00","dateModified":"2024-11-22T10:50:45+00:00","breadcrumb":{"@id":"https:\/\/artedellapatina.com\/product\/cera-neutra-florentia-copia\/#breadcrumb"},"inLanguage":"en-GB","potentialAction":[{"@type":"ReadAction","target":["https:\/\/artedellapatina.com\/product\/cera-neutra-florentia-copia\/"]}]},{"@type":"ImageObject","inLanguage":"en-GB","@id":"https:\/\/artedellapatina.com\/product\/cera-neutra-florentia-copia\/#primaryimage","url":"https:\/\/artedellapatina.com\/wp-content\/uploads\/2024\/11\/Talco-fine-copia.jpg","contentUrl":"https:\/\/artedellapatina.com\/wp-content\/uploads\/2024\/11\/Talco-fine-copia.jpg","width":1962,"height":1962},{"@type":"BreadcrumbList","@id":"https:\/\/artedellapatina.com\/product\/cera-neutra-florentia-copia\/#breadcrumb","itemListElement":[{"@type":"ListItem","position":1,"name":"Home","item":"https:\/\/artedellapatina.com\/"},{"@type":"ListItem","position":2,"name":"Shop","item":"https:\/\/artedellapatina.com\/shop\/"},{"@type":"ListItem","position":3,"name":"Talco Fine 1878"}]},{"@type":"WebSite","@id":"https:\/\/artedellapatina.com\/#website","url":"https:\/\/artedellapatina.com\/","name":"Art of Patina","description":"","publisher":{"@id":"https:\/\/artedellapatina.com\/#organization"},"potentialAction":[{"@type":"SearchAction","target":{"@type":"EntryPoint","urlTemplate":"https:\/\/artedellapatina.com\/?s={search_term_string}"},"query-input":{"@type":"PropertyValueSpecification","valueRequired":true,"valueName":"search_term_string"}}],"inLanguage":"en-GB"},{"@type":"Organization","@id":"https:\/\/artedellapatina.com\/#organization","name":"Art of Patina","url":"https:\/\/artedellapatina.com\/","logo":{"@type":"ImageObject","inLanguage":"en-GB","@id":"https:\/\/artedellapatina.com\/#\/schema\/logo\/image\/","url":"https:\/\/artedellapatina.com\/wp-content\/uploads\/2024\/11\/Logo-per-firma-png-trasparente.png","contentUrl":"https:\/\/artedellapatina.com\/wp-content\/uploads\/2024\/11\/Logo-per-firma-png-trasparente.png","width":591,"height":591,"caption":"Arte della Patina"},"image":{"@id":"https:\/\/artedellapatina.com\/#\/schema\/logo\/image\/"}}]}},"_links":{"self":[{"href":"https:\/\/artedellapatina.com\/en\/wp-json\/wp\/v2\/product\/23612","targetHints":{"allow":["GET"]}}],"collection":[{"href":"https:\/\/artedellapatina.com\/en\/wp-json\/wp\/v2\/product"}],"about":[{"href":"https:\/\/artedellapatina.com\/en\/wp-json\/wp\/v2\/types\/product"}],"replies":[{"embeddable":true,"href":"https:\/\/artedellapatina.com\/en\/wp-json\/wp\/v2\/comments?post=23612"}],"wp:featuredmedia":[{"embeddable":true,"href":"https:\/\/artedellapatina.com\/en\/wp-json\/wp\/v2\/media\/24405"}],"wp:attachment":[{"href":"https:\/\/artedellapatina.com\/en\/wp-json\/wp\/v2\/media?parent=23612"}],"wp:term":[{"taxonomy":"product_brand","embeddable":true,"href":"https:\/\/artedellapatina.com\/en\/wp-json\/wp\/v2\/product_brand?post=23612"},{"taxonomy":"product_cat","embeddable":true,"href":"https:\/\/artedellapatina.com\/en\/wp-json\/wp\/v2\/product_cat?post=23612"},{"taxonomy":"product_tag","embeddable":true,"href":"https:\/\/artedellapatina.com\/en\/wp-json\/wp\/v2\/product_tag?post=23612"}],"curies":[{"name":"wp","href":"https:\/\/api.w.org\/{rel}","templated":true}]}}