{"id":23681,"date":"2024-10-31T18:38:33","date_gmt":"2024-10-31T17:38:33","guid":{"rendered":"https:\/\/artedellapatina.com\/?post_type=product&#038;p=23681"},"modified":"2026-01-19T10:05:05","modified_gmt":"2026-01-19T09:05:05","slug":"muffa-nobile-anticante","status":"publish","type":"product","link":"https:\/\/artedellapatina.com\/en\/product\/muffa-nobile-anticante\/","title":{"rendered":"Muffa Nobile Anticante"},"content":{"rendered":"<p>UH210: Scheda dati di sicurezza disponibile su richiesta \/ Safety data sheet available upon request \/ Fiche de donn\u00e9es de s\u00e9curit\u00e9 disponible sur demande \/ Hoja de datos de seguridad disponible bajo petici\u00f3n<\/p>","protected":false},"excerpt":{"rendered":"<p>When mixed with water, the preparation can be stored at room temperature for 15 days.<\/p>\n<p>Instructions: Add 450ml of very hot water and shake the bottle well. Spray with the trigger.<\/p>\n<p>Once the preparation has been mixed with water it can be stored at room temperature for 15 days.<\/p>","protected":false},"featured_media":24390,"comment_status":"open","ping_status":"closed","template":"","meta":[],"product_brand":[],"product_cat":[257,232,264],"product_tag":[],"class_list":{"0":"post-23681","1":"product","2":"type-product","3":"status-publish","4":"has-post-thumbnail","6":"product_cat-finiture-e-prodotti-per-anticare","7":"product_cat-patina-toscana","8":"product_cat-tempera-fiorentina-prodotti-per-tecnica","10":"first","11":"instock","12":"taxable","13":"shipping-taxable","14":"purchasable","15":"product-type-simple"},"yoast_head":"<!-- This site is optimized with the Yoast SEO plugin v27.1.1 - https:\/\/yoast.com\/product\/yoast-seo-wordpress\/ -->\n<title>Muffa Nobile Anticante - Arte della Patina<\/title>\n<meta name=\"robots\" content=\"index, follow, max-snippet:-1, max-image-preview:large, max-video-preview:-1\" \/>\n<link rel=\"canonical\" href=\"https:\/\/artedellapatina.com\/en\/product\/muffa-nobile-anticante\/\" \/>\n<meta property=\"og:locale\" content=\"en_GB\" \/>\n<meta property=\"og:type\" content=\"article\" \/>\n<meta property=\"og:title\" content=\"Muffa Nobile Anticante - Arte della Patina\" \/>\n<meta property=\"og:description\" content=\"Una miscela di terre naturali per conferire un tono invecchiato, donando una sfumatura simile a quella procurata dalla muffa che si insinua nei mobili e negli oggetti antichi.  Istruzioni: Aggiungere 450ml di acqua molto calda e agitare bene il flacone. Nebulizzare con il trigger apposito.  Una volta che il preparato \u00e8 stato miscelato con acqua pu\u00f2 essere conservato a temperatura ambiente per 15 giorni.\" \/>\n<meta property=\"og:url\" content=\"https:\/\/artedellapatina.com\/en\/product\/muffa-nobile-anticante\/\" \/>\n<meta property=\"og:site_name\" content=\"Arte della Patina\" \/>\n<meta property=\"article:modified_time\" content=\"2026-01-19T09:05:05+00:00\" \/>\n<meta property=\"og:image\" content=\"https:\/\/artedellapatina.com\/wp-content\/uploads\/2024\/11\/Muffa-Nobile-Anticante-ok-copia-scaled.jpg\" \/>\n\t<meta property=\"og:image:width\" content=\"2560\" \/>\n\t<meta property=\"og:image:height\" content=\"2560\" \/>\n\t<meta property=\"og:image:type\" content=\"image\/jpeg\" \/>\n<meta name=\"twitter:card\" content=\"summary_large_image\" \/>\n<meta name=\"twitter:label1\" content=\"Estimated reading time\" \/>\n\t<meta name=\"twitter:data1\" content=\"1 minute\" \/>\n<script type=\"application\/ld+json\" class=\"yoast-schema-graph\">{\"@context\":\"https:\/\/schema.org\",\"@graph\":[{\"@type\":\"WebPage\",\"@id\":\"https:\/\/artedellapatina.com\/product\/muffa-nobile-anticante\/\",\"url\":\"https:\/\/artedellapatina.com\/product\/muffa-nobile-anticante\/\",\"name\":\"Muffa Nobile Anticante - Arte della Patina\",\"isPartOf\":{\"@id\":\"https:\/\/artedellapatina.com\/#website\"},\"primaryImageOfPage\":{\"@id\":\"https:\/\/artedellapatina.com\/product\/muffa-nobile-anticante\/#primaryimage\"},\"image\":{\"@id\":\"https:\/\/artedellapatina.com\/product\/muffa-nobile-anticante\/#primaryimage\"},\"thumbnailUrl\":\"https:\/\/artedellapatina.com\/wp-content\/uploads\/2024\/11\/Muffa-Nobile-Anticante-ok-copia-scaled.jpg\",\"datePublished\":\"2024-10-31T17:38:33+00:00\",\"dateModified\":\"2026-01-19T09:05:05+00:00\",\"breadcrumb\":{\"@id\":\"https:\/\/artedellapatina.com\/product\/muffa-nobile-anticante\/#breadcrumb\"},\"inLanguage\":\"en-GB\",\"potentialAction\":[{\"@type\":\"ReadAction\",\"target\":[\"https:\/\/artedellapatina.com\/product\/muffa-nobile-anticante\/\"]}]},{\"@type\":\"ImageObject\",\"inLanguage\":\"en-GB\",\"@id\":\"https:\/\/artedellapatina.com\/product\/muffa-nobile-anticante\/#primaryimage\",\"url\":\"https:\/\/artedellapatina.com\/wp-content\/uploads\/2024\/11\/Muffa-Nobile-Anticante-ok-copia-scaled.jpg\",\"contentUrl\":\"https:\/\/artedellapatina.com\/wp-content\/uploads\/2024\/11\/Muffa-Nobile-Anticante-ok-copia-scaled.jpg\",\"width\":2560,\"height\":2560},{\"@type\":\"BreadcrumbList\",\"@id\":\"https:\/\/artedellapatina.com\/product\/muffa-nobile-anticante\/#breadcrumb\",\"itemListElement\":[{\"@type\":\"ListItem\",\"position\":1,\"name\":\"Home\",\"item\":\"https:\/\/artedellapatina.com\/\"},{\"@type\":\"ListItem\",\"position\":2,\"name\":\"Shop\",\"item\":\"https:\/\/artedellapatina.com\/shop\/\"},{\"@type\":\"ListItem\",\"position\":3,\"name\":\"Muffa Nobile Anticante\"}]},{\"@type\":\"WebSite\",\"@id\":\"https:\/\/artedellapatina.com\/#website\",\"url\":\"https:\/\/artedellapatina.com\/\",\"name\":\"Arte della Patina\",\"description\":\"\",\"publisher\":{\"@id\":\"https:\/\/artedellapatina.com\/#organization\"},\"potentialAction\":[{\"@type\":\"SearchAction\",\"target\":{\"@type\":\"EntryPoint\",\"urlTemplate\":\"https:\/\/artedellapatina.com\/?s={search_term_string}\"},\"query-input\":{\"@type\":\"PropertyValueSpecification\",\"valueRequired\":true,\"valueName\":\"search_term_string\"}}],\"inLanguage\":\"en-GB\"},{\"@type\":\"Organization\",\"@id\":\"https:\/\/artedellapatina.com\/#organization\",\"name\":\"Arte della Patina\",\"url\":\"https:\/\/artedellapatina.com\/\",\"logo\":{\"@type\":\"ImageObject\",\"inLanguage\":\"en-GB\",\"@id\":\"https:\/\/artedellapatina.com\/#\/schema\/logo\/image\/\",\"url\":\"https:\/\/artedellapatina.com\/wp-content\/uploads\/2024\/11\/Logo-per-firma-png-trasparente.png\",\"contentUrl\":\"https:\/\/artedellapatina.com\/wp-content\/uploads\/2024\/11\/Logo-per-firma-png-trasparente.png\",\"width\":591,\"height\":591,\"caption\":\"Arte della Patina\"},\"image\":{\"@id\":\"https:\/\/artedellapatina.com\/#\/schema\/logo\/image\/\"}}]}<\/script>\n<!-- \/ Yoast SEO plugin. -->","yoast_head_json":{"title":"Muffa Nobile Anticante - Arte della Patina","robots":{"index":"index","follow":"follow","max-snippet":"max-snippet:-1","max-image-preview":"max-image-preview:large","max-video-preview":"max-video-preview:-1"},"canonical":"https:\/\/artedellapatina.com\/en\/product\/muffa-nobile-anticante\/","og_locale":"en_GB","og_type":"article","og_title":"Muffa Nobile Anticante - Arte della Patina","og_description":"Una miscela di terre naturali per conferire un tono invecchiato, donando una sfumatura simile a quella procurata dalla muffa che si insinua nei mobili e negli oggetti antichi.  Istruzioni: Aggiungere 450ml di acqua molto calda e agitare bene il flacone. Nebulizzare con il trigger apposito.  Una volta che il preparato \u00e8 stato miscelato con acqua pu\u00f2 essere conservato a temperatura ambiente per 15 giorni.","og_url":"https:\/\/artedellapatina.com\/en\/product\/muffa-nobile-anticante\/","og_site_name":"Arte della Patina","article_modified_time":"2026-01-19T09:05:05+00:00","og_image":[{"width":2560,"height":2560,"url":"https:\/\/artedellapatina.com\/wp-content\/uploads\/2024\/11\/Muffa-Nobile-Anticante-ok-copia-scaled.jpg","type":"image\/jpeg"}],"twitter_card":"summary_large_image","twitter_misc":{"Estimated reading time":"1 minute"},"schema":{"@context":"https:\/\/schema.org","@graph":[{"@type":"WebPage","@id":"https:\/\/artedellapatina.com\/product\/muffa-nobile-anticante\/","url":"https:\/\/artedellapatina.com\/product\/muffa-nobile-anticante\/","name":"Muffa Nobile Anticante - Arte della Patina","isPartOf":{"@id":"https:\/\/artedellapatina.com\/#website"},"primaryImageOfPage":{"@id":"https:\/\/artedellapatina.com\/product\/muffa-nobile-anticante\/#primaryimage"},"image":{"@id":"https:\/\/artedellapatina.com\/product\/muffa-nobile-anticante\/#primaryimage"},"thumbnailUrl":"https:\/\/artedellapatina.com\/wp-content\/uploads\/2024\/11\/Muffa-Nobile-Anticante-ok-copia-scaled.jpg","datePublished":"2024-10-31T17:38:33+00:00","dateModified":"2026-01-19T09:05:05+00:00","breadcrumb":{"@id":"https:\/\/artedellapatina.com\/product\/muffa-nobile-anticante\/#breadcrumb"},"inLanguage":"en-GB","potentialAction":[{"@type":"ReadAction","target":["https:\/\/artedellapatina.com\/product\/muffa-nobile-anticante\/"]}]},{"@type":"ImageObject","inLanguage":"en-GB","@id":"https:\/\/artedellapatina.com\/product\/muffa-nobile-anticante\/#primaryimage","url":"https:\/\/artedellapatina.com\/wp-content\/uploads\/2024\/11\/Muffa-Nobile-Anticante-ok-copia-scaled.jpg","contentUrl":"https:\/\/artedellapatina.com\/wp-content\/uploads\/2024\/11\/Muffa-Nobile-Anticante-ok-copia-scaled.jpg","width":2560,"height":2560},{"@type":"BreadcrumbList","@id":"https:\/\/artedellapatina.com\/product\/muffa-nobile-anticante\/#breadcrumb","itemListElement":[{"@type":"ListItem","position":1,"name":"Home","item":"https:\/\/artedellapatina.com\/"},{"@type":"ListItem","position":2,"name":"Shop","item":"https:\/\/artedellapatina.com\/shop\/"},{"@type":"ListItem","position":3,"name":"Muffa Nobile Anticante"}]},{"@type":"WebSite","@id":"https:\/\/artedellapatina.com\/#website","url":"https:\/\/artedellapatina.com\/","name":"Art of Patina","description":"","publisher":{"@id":"https:\/\/artedellapatina.com\/#organization"},"potentialAction":[{"@type":"SearchAction","target":{"@type":"EntryPoint","urlTemplate":"https:\/\/artedellapatina.com\/?s={search_term_string}"},"query-input":{"@type":"PropertyValueSpecification","valueRequired":true,"valueName":"search_term_string"}}],"inLanguage":"en-GB"},{"@type":"Organization","@id":"https:\/\/artedellapatina.com\/#organization","name":"Art of Patina","url":"https:\/\/artedellapatina.com\/","logo":{"@type":"ImageObject","inLanguage":"en-GB","@id":"https:\/\/artedellapatina.com\/#\/schema\/logo\/image\/","url":"https:\/\/artedellapatina.com\/wp-content\/uploads\/2024\/11\/Logo-per-firma-png-trasparente.png","contentUrl":"https:\/\/artedellapatina.com\/wp-content\/uploads\/2024\/11\/Logo-per-firma-png-trasparente.png","width":591,"height":591,"caption":"Arte della Patina"},"image":{"@id":"https:\/\/artedellapatina.com\/#\/schema\/logo\/image\/"}}]}},"_links":{"self":[{"href":"https:\/\/artedellapatina.com\/en\/wp-json\/wp\/v2\/product\/23681","targetHints":{"allow":["GET"]}}],"collection":[{"href":"https:\/\/artedellapatina.com\/en\/wp-json\/wp\/v2\/product"}],"about":[{"href":"https:\/\/artedellapatina.com\/en\/wp-json\/wp\/v2\/types\/product"}],"replies":[{"embeddable":true,"href":"https:\/\/artedellapatina.com\/en\/wp-json\/wp\/v2\/comments?post=23681"}],"wp:featuredmedia":[{"embeddable":true,"href":"https:\/\/artedellapatina.com\/en\/wp-json\/wp\/v2\/media\/24390"}],"wp:attachment":[{"href":"https:\/\/artedellapatina.com\/en\/wp-json\/wp\/v2\/media?parent=23681"}],"wp:term":[{"taxonomy":"product_brand","embeddable":true,"href":"https:\/\/artedellapatina.com\/en\/wp-json\/wp\/v2\/product_brand?post=23681"},{"taxonomy":"product_cat","embeddable":true,"href":"https:\/\/artedellapatina.com\/en\/wp-json\/wp\/v2\/product_cat?post=23681"},{"taxonomy":"product_tag","embeddable":true,"href":"https:\/\/artedellapatina.com\/en\/wp-json\/wp\/v2\/product_tag?post=23681"}],"curies":[{"name":"wp","href":"https:\/\/api.w.org\/{rel}","templated":true}]}}