{"id":23712,"date":"2024-11-18T15:12:32","date_gmt":"2024-11-18T14:12:32","guid":{"rendered":"https:\/\/artedellapatina.com\/?post_type=product&#038;p=23712"},"modified":"2026-01-19T10:04:49","modified_gmt":"2026-01-19T09:04:49","slug":"colla-da-indoratori-raffinata","status":"publish","type":"product","link":"https:\/\/artedellapatina.com\/en\/product\/colla-da-indoratori-raffinata\/","title":{"rendered":"Colla della Bottega Fiorentina"},"content":{"rendered":"","protected":false},"excerpt":{"rendered":"<p>La <span style=\"font-weight: 400;\">Colla della Bottega Fiorentina<\/span> is a binder for traditional tempera, in use since the fifteenth century. Formulated for pigments and natural earths guarantees opacity and an antique effect.<\/p>\n<p>Ideal for restorers, artists and craftsmen who wish to reproduce ancient techniques with authentic materials and respectful of the environment.<\/p>\n<p>How to use: Add 500 ml of water directly into the jar containing the grains. Heat the product by placing the package on an electric plate, DO NOT USE GAS STOVES, DO NOT USE INDUCTION PLATES. Be careful not to get boiling. Add pigments or natural earth to create the tempera with glue.<\/p>\n<p>Once the preparation has been mixed with water it can be stored at room temperature for 7 days. Otherwise, store in the freezer; the product will keep in good condition for 24 months.<\/p>","protected":false},"featured_media":24387,"comment_status":"open","ping_status":"closed","template":"","meta":[],"product_brand":[],"product_cat":[256,232,264],"product_tag":[],"class_list":{"0":"post-23712","1":"product","2":"type-product","3":"status-publish","4":"has-post-thumbnail","6":"product_cat-colle-naturali","7":"product_cat-patina-toscana","8":"product_cat-tempera-fiorentina-prodotti-per-tecnica","10":"first","11":"instock","12":"taxable","13":"shipping-taxable","14":"purchasable","15":"product-type-simple"},"yoast_head":"<!-- This site is optimized with the Yoast SEO plugin v27.1.1 - https:\/\/yoast.com\/product\/yoast-seo-wordpress\/ -->\n<title>Colla della Bottega Fiorentina - Arte della Patina<\/title>\n<meta name=\"robots\" content=\"index, follow, max-snippet:-1, max-image-preview:large, max-video-preview:-1\" \/>\n<link rel=\"canonical\" href=\"https:\/\/artedellapatina.com\/en\/product\/colla-da-indoratori-raffinata\/\" \/>\n<meta property=\"og:locale\" content=\"en_GB\" \/>\n<meta property=\"og:type\" content=\"article\" \/>\n<meta property=\"og:title\" content=\"Colla della Bottega Fiorentina - Arte della Patina\" \/>\n<meta property=\"og:description\" content=\"La Colla della Bottega Fiorentina \u00e8 un legante per tempere tradizionali, in uso fin dal XV secolo. Formulata per pigmenti e terre naturali garantisce opacit\u00e0 e un effetto antico.  Ideale per restauratori, artisti e artigiani che desiderano riprodurre tecniche antiche con materiali autentici e rispettosi dell\u2019ambiente.  Modalit\u00e0 d\u2019Uso: Aggiungere 500 ml di acqua direttamente nel barattolo contenente i grani. Scaldare il prodotto ponendo la confezione su una piastra elettrica, NON UTILIZZARE FORNELLI A GAS, NON UTILIZZARE PIASTRE AD INDUZIONE. Attenzione a non arrivare all\u2019ebollizione. Aggiungere pigmenti o terre naturali per creare la tempera a colla.  Una volta che il preparato \u00e8 stato miscelato con acqua pu\u00f2 essere conservato a temperatura ambiente per 7 giorni. Altrimenti riporre in freezer; il prodotto si conserver\u00e0 in buone condizioni per 24 mesi.\" \/>\n<meta property=\"og:url\" content=\"https:\/\/artedellapatina.com\/en\/product\/colla-da-indoratori-raffinata\/\" \/>\n<meta property=\"og:site_name\" content=\"Arte della Patina\" \/>\n<meta property=\"article:modified_time\" content=\"2026-01-19T09:04:49+00:00\" \/>\n<meta property=\"og:image\" content=\"https:\/\/artedellapatina.com\/wp-content\/uploads\/2024\/11\/Colla-della-Bottega-Fiorentina-copi-ok.jpg\" \/>\n\t<meta property=\"og:image:width\" content=\"2240\" \/>\n\t<meta property=\"og:image:height\" content=\"2240\" \/>\n\t<meta property=\"og:image:type\" content=\"image\/jpeg\" \/>\n<meta name=\"twitter:card\" content=\"summary_large_image\" \/>\n<meta name=\"twitter:label1\" content=\"Estimated reading time\" \/>\n\t<meta name=\"twitter:data1\" content=\"1 minute\" \/>\n<script type=\"application\/ld+json\" class=\"yoast-schema-graph\">{\"@context\":\"https:\/\/schema.org\",\"@graph\":[{\"@type\":\"WebPage\",\"@id\":\"https:\/\/artedellapatina.com\/product\/colla-da-indoratori-raffinata\/\",\"url\":\"https:\/\/artedellapatina.com\/product\/colla-da-indoratori-raffinata\/\",\"name\":\"Colla della Bottega Fiorentina - Arte della Patina\",\"isPartOf\":{\"@id\":\"https:\/\/artedellapatina.com\/#website\"},\"primaryImageOfPage\":{\"@id\":\"https:\/\/artedellapatina.com\/product\/colla-da-indoratori-raffinata\/#primaryimage\"},\"image\":{\"@id\":\"https:\/\/artedellapatina.com\/product\/colla-da-indoratori-raffinata\/#primaryimage\"},\"thumbnailUrl\":\"https:\/\/artedellapatina.com\/wp-content\/uploads\/2024\/11\/Colla-della-Bottega-Fiorentina-copi-ok.jpg\",\"datePublished\":\"2024-11-18T14:12:32+00:00\",\"dateModified\":\"2026-01-19T09:04:49+00:00\",\"breadcrumb\":{\"@id\":\"https:\/\/artedellapatina.com\/product\/colla-da-indoratori-raffinata\/#breadcrumb\"},\"inLanguage\":\"en-GB\",\"potentialAction\":[{\"@type\":\"ReadAction\",\"target\":[\"https:\/\/artedellapatina.com\/product\/colla-da-indoratori-raffinata\/\"]}]},{\"@type\":\"ImageObject\",\"inLanguage\":\"en-GB\",\"@id\":\"https:\/\/artedellapatina.com\/product\/colla-da-indoratori-raffinata\/#primaryimage\",\"url\":\"https:\/\/artedellapatina.com\/wp-content\/uploads\/2024\/11\/Colla-della-Bottega-Fiorentina-copi-ok.jpg\",\"contentUrl\":\"https:\/\/artedellapatina.com\/wp-content\/uploads\/2024\/11\/Colla-della-Bottega-Fiorentina-copi-ok.jpg\",\"width\":2240,\"height\":2240},{\"@type\":\"BreadcrumbList\",\"@id\":\"https:\/\/artedellapatina.com\/product\/colla-da-indoratori-raffinata\/#breadcrumb\",\"itemListElement\":[{\"@type\":\"ListItem\",\"position\":1,\"name\":\"Home\",\"item\":\"https:\/\/artedellapatina.com\/\"},{\"@type\":\"ListItem\",\"position\":2,\"name\":\"Shop\",\"item\":\"https:\/\/artedellapatina.com\/shop\/\"},{\"@type\":\"ListItem\",\"position\":3,\"name\":\"Colla della Bottega Fiorentina\"}]},{\"@type\":\"WebSite\",\"@id\":\"https:\/\/artedellapatina.com\/#website\",\"url\":\"https:\/\/artedellapatina.com\/\",\"name\":\"Arte della Patina\",\"description\":\"\",\"publisher\":{\"@id\":\"https:\/\/artedellapatina.com\/#organization\"},\"potentialAction\":[{\"@type\":\"SearchAction\",\"target\":{\"@type\":\"EntryPoint\",\"urlTemplate\":\"https:\/\/artedellapatina.com\/?s={search_term_string}\"},\"query-input\":{\"@type\":\"PropertyValueSpecification\",\"valueRequired\":true,\"valueName\":\"search_term_string\"}}],\"inLanguage\":\"en-GB\"},{\"@type\":\"Organization\",\"@id\":\"https:\/\/artedellapatina.com\/#organization\",\"name\":\"Arte della Patina\",\"url\":\"https:\/\/artedellapatina.com\/\",\"logo\":{\"@type\":\"ImageObject\",\"inLanguage\":\"en-GB\",\"@id\":\"https:\/\/artedellapatina.com\/#\/schema\/logo\/image\/\",\"url\":\"https:\/\/artedellapatina.com\/wp-content\/uploads\/2024\/11\/Logo-per-firma-png-trasparente.png\",\"contentUrl\":\"https:\/\/artedellapatina.com\/wp-content\/uploads\/2024\/11\/Logo-per-firma-png-trasparente.png\",\"width\":591,\"height\":591,\"caption\":\"Arte della Patina\"},\"image\":{\"@id\":\"https:\/\/artedellapatina.com\/#\/schema\/logo\/image\/\"}}]}<\/script>\n<!-- \/ Yoast SEO plugin. -->","yoast_head_json":{"title":"Colla della Bottega Fiorentina - Arte della Patina","robots":{"index":"index","follow":"follow","max-snippet":"max-snippet:-1","max-image-preview":"max-image-preview:large","max-video-preview":"max-video-preview:-1"},"canonical":"https:\/\/artedellapatina.com\/en\/product\/colla-da-indoratori-raffinata\/","og_locale":"en_GB","og_type":"article","og_title":"Colla della Bottega Fiorentina - Arte della Patina","og_description":"La Colla della Bottega Fiorentina \u00e8 un legante per tempere tradizionali, in uso fin dal XV secolo. Formulata per pigmenti e terre naturali garantisce opacit\u00e0 e un effetto antico.  Ideale per restauratori, artisti e artigiani che desiderano riprodurre tecniche antiche con materiali autentici e rispettosi dell\u2019ambiente.  Modalit\u00e0 d\u2019Uso: Aggiungere 500 ml di acqua direttamente nel barattolo contenente i grani. Scaldare il prodotto ponendo la confezione su una piastra elettrica, NON UTILIZZARE FORNELLI A GAS, NON UTILIZZARE PIASTRE AD INDUZIONE. Attenzione a non arrivare all\u2019ebollizione. Aggiungere pigmenti o terre naturali per creare la tempera a colla.  Una volta che il preparato \u00e8 stato miscelato con acqua pu\u00f2 essere conservato a temperatura ambiente per 7 giorni. Altrimenti riporre in freezer; il prodotto si conserver\u00e0 in buone condizioni per 24 mesi.","og_url":"https:\/\/artedellapatina.com\/en\/product\/colla-da-indoratori-raffinata\/","og_site_name":"Arte della Patina","article_modified_time":"2026-01-19T09:04:49+00:00","og_image":[{"width":2240,"height":2240,"url":"https:\/\/artedellapatina.com\/wp-content\/uploads\/2024\/11\/Colla-della-Bottega-Fiorentina-copi-ok.jpg","type":"image\/jpeg"}],"twitter_card":"summary_large_image","twitter_misc":{"Estimated reading time":"1 minute"},"schema":{"@context":"https:\/\/schema.org","@graph":[{"@type":"WebPage","@id":"https:\/\/artedellapatina.com\/product\/colla-da-indoratori-raffinata\/","url":"https:\/\/artedellapatina.com\/product\/colla-da-indoratori-raffinata\/","name":"Colla della Bottega Fiorentina - Arte della Patina","isPartOf":{"@id":"https:\/\/artedellapatina.com\/#website"},"primaryImageOfPage":{"@id":"https:\/\/artedellapatina.com\/product\/colla-da-indoratori-raffinata\/#primaryimage"},"image":{"@id":"https:\/\/artedellapatina.com\/product\/colla-da-indoratori-raffinata\/#primaryimage"},"thumbnailUrl":"https:\/\/artedellapatina.com\/wp-content\/uploads\/2024\/11\/Colla-della-Bottega-Fiorentina-copi-ok.jpg","datePublished":"2024-11-18T14:12:32+00:00","dateModified":"2026-01-19T09:04:49+00:00","breadcrumb":{"@id":"https:\/\/artedellapatina.com\/product\/colla-da-indoratori-raffinata\/#breadcrumb"},"inLanguage":"en-GB","potentialAction":[{"@type":"ReadAction","target":["https:\/\/artedellapatina.com\/product\/colla-da-indoratori-raffinata\/"]}]},{"@type":"ImageObject","inLanguage":"en-GB","@id":"https:\/\/artedellapatina.com\/product\/colla-da-indoratori-raffinata\/#primaryimage","url":"https:\/\/artedellapatina.com\/wp-content\/uploads\/2024\/11\/Colla-della-Bottega-Fiorentina-copi-ok.jpg","contentUrl":"https:\/\/artedellapatina.com\/wp-content\/uploads\/2024\/11\/Colla-della-Bottega-Fiorentina-copi-ok.jpg","width":2240,"height":2240},{"@type":"BreadcrumbList","@id":"https:\/\/artedellapatina.com\/product\/colla-da-indoratori-raffinata\/#breadcrumb","itemListElement":[{"@type":"ListItem","position":1,"name":"Home","item":"https:\/\/artedellapatina.com\/"},{"@type":"ListItem","position":2,"name":"Shop","item":"https:\/\/artedellapatina.com\/shop\/"},{"@type":"ListItem","position":3,"name":"Colla della Bottega Fiorentina"}]},{"@type":"WebSite","@id":"https:\/\/artedellapatina.com\/#website","url":"https:\/\/artedellapatina.com\/","name":"Art of Patina","description":"","publisher":{"@id":"https:\/\/artedellapatina.com\/#organization"},"potentialAction":[{"@type":"SearchAction","target":{"@type":"EntryPoint","urlTemplate":"https:\/\/artedellapatina.com\/?s={search_term_string}"},"query-input":{"@type":"PropertyValueSpecification","valueRequired":true,"valueName":"search_term_string"}}],"inLanguage":"en-GB"},{"@type":"Organization","@id":"https:\/\/artedellapatina.com\/#organization","name":"Art of Patina","url":"https:\/\/artedellapatina.com\/","logo":{"@type":"ImageObject","inLanguage":"en-GB","@id":"https:\/\/artedellapatina.com\/#\/schema\/logo\/image\/","url":"https:\/\/artedellapatina.com\/wp-content\/uploads\/2024\/11\/Logo-per-firma-png-trasparente.png","contentUrl":"https:\/\/artedellapatina.com\/wp-content\/uploads\/2024\/11\/Logo-per-firma-png-trasparente.png","width":591,"height":591,"caption":"Arte della Patina"},"image":{"@id":"https:\/\/artedellapatina.com\/#\/schema\/logo\/image\/"}}]}},"_links":{"self":[{"href":"https:\/\/artedellapatina.com\/en\/wp-json\/wp\/v2\/product\/23712","targetHints":{"allow":["GET"]}}],"collection":[{"href":"https:\/\/artedellapatina.com\/en\/wp-json\/wp\/v2\/product"}],"about":[{"href":"https:\/\/artedellapatina.com\/en\/wp-json\/wp\/v2\/types\/product"}],"replies":[{"embeddable":true,"href":"https:\/\/artedellapatina.com\/en\/wp-json\/wp\/v2\/comments?post=23712"}],"wp:featuredmedia":[{"embeddable":true,"href":"https:\/\/artedellapatina.com\/en\/wp-json\/wp\/v2\/media\/24387"}],"wp:attachment":[{"href":"https:\/\/artedellapatina.com\/en\/wp-json\/wp\/v2\/media?parent=23712"}],"wp:term":[{"taxonomy":"product_brand","embeddable":true,"href":"https:\/\/artedellapatina.com\/en\/wp-json\/wp\/v2\/product_brand?post=23712"},{"taxonomy":"product_cat","embeddable":true,"href":"https:\/\/artedellapatina.com\/en\/wp-json\/wp\/v2\/product_cat?post=23712"},{"taxonomy":"product_tag","embeddable":true,"href":"https:\/\/artedellapatina.com\/en\/wp-json\/wp\/v2\/product_tag?post=23712"}],"curies":[{"name":"wp","href":"https:\/\/api.w.org\/{rel}","templated":true}]}}