{"id":23717,"date":"2024-11-18T15:12:33","date_gmt":"2024-11-18T14:12:33","guid":{"rendered":"https:\/\/artedellapatina.com\/?post_type=product&#038;p=23717"},"modified":"2024-12-20T16:39:02","modified_gmt":"2024-12-20T15:39:02","slug":"emulsione-preparatoria","status":"publish","type":"product","link":"https:\/\/artedellapatina.com\/en\/product\/emulsione-preparatoria\/","title":{"rendered":"Emulsione Preparatoria"},"content":{"rendered":"<p>EUH210: Scheda dati di sicurezza disponibile su richiesta \/ Safety data sheet available upon request \/ Fiche de donn\u00e9es de s\u00e9curit\u00e9 disponible sur demande \/ Ficha de datos de seguridad disponible previa solicitud<br \/>\nEUH208: Pu\u00f2 provocare una reazione allergica\/It can cause an allergic reaction\/Cela peut provoquer une r\u00e9action allergique\/ Puede causar una reacci\u00f3n al\u00e9rgica.<br \/>\nContiene\/Contains\/Contient: 5-Chloro-2-methyl-4-isothiazolin-3-one [EC no. 247-500-7] \/ 2-Methyl-2H-isothiazol-3-one [EC no. 220-239-6] (3:1), 1,2-benzisotiazol-3(2H)-one<\/p>","protected":false},"excerpt":{"rendered":"<p>The Preparatory Emulsion is a primer.<\/p>\n<p>This particular product is an aqueous solution containing an acrylic copolymer and, once the water has evaporated and reached the minimum temperature for film formation, it creates a smooth, robust and transparent film free of any sticky residue.<\/p>\n<p>Instructions for use: Apply with the brush a single coat of product at a temperature not lower than 10 degrees. Drying time: 1 hour.<\/p>","protected":false},"featured_media":24399,"comment_status":"open","ping_status":"closed","template":"","meta":[],"product_brand":[],"product_cat":[255,232],"product_tag":[],"class_list":{"0":"post-23717","1":"product","2":"type-product","3":"status-publish","4":"has-post-thumbnail","6":"product_cat-aggrappanti-e-fondi","7":"product_cat-patina-toscana","9":"first","10":"instock","11":"taxable","12":"shipping-taxable","13":"purchasable","14":"product-type-variable","15":"has-default-attributes"},"yoast_head":"<!-- This site is optimized with the Yoast SEO plugin v27.1.1 - https:\/\/yoast.com\/product\/yoast-seo-wordpress\/ -->\n<title>Emulsione Preparatoria - Arte della Patina<\/title>\n<meta name=\"robots\" content=\"index, follow, max-snippet:-1, max-image-preview:large, max-video-preview:-1\" \/>\n<link rel=\"canonical\" href=\"https:\/\/artedellapatina.com\/en\/product\/emulsione-preparatoria\/\" \/>\n<meta property=\"og:locale\" content=\"en_GB\" \/>\n<meta property=\"og:type\" content=\"article\" \/>\n<meta property=\"og:title\" content=\"Emulsione Preparatoria - Arte della Patina\" \/>\n<meta property=\"og:description\" content=\"L\u2019Emulsione Preparatoria \u00e8 un primer.  Questo particolare prodotto \u00e8 una soluzione acquosa che contiene un copolimero acrilico e, una volta evaporata l\u2019acqua e raggiunta la temperatura minima per la formazione della pellicola, crea un film liscio, robusto e trasparente, privo di qualsiasi residuo appiccicoso.  Istruzioni per l\u2019uso: Applicare con il pennello una sola mano di prodotto ad una temperatura non inferiore a 10 gradi. Tempo di essiccazione: 1 ora.\" \/>\n<meta property=\"og:url\" content=\"https:\/\/artedellapatina.com\/en\/product\/emulsione-preparatoria\/\" \/>\n<meta property=\"og:site_name\" content=\"Arte della Patina\" \/>\n<meta property=\"article:modified_time\" content=\"2024-12-20T15:39:02+00:00\" \/>\n<meta property=\"og:image\" content=\"https:\/\/artedellapatina.com\/wp-content\/uploads\/2024\/11\/Emulsione-Preparatoria-ok-copia.jpg\" \/>\n\t<meta property=\"og:image:width\" content=\"2216\" \/>\n\t<meta property=\"og:image:height\" content=\"2216\" \/>\n\t<meta property=\"og:image:type\" content=\"image\/jpeg\" \/>\n<meta name=\"twitter:card\" content=\"summary_large_image\" \/>\n<script type=\"application\/ld+json\" class=\"yoast-schema-graph\">{\"@context\":\"https:\/\/schema.org\",\"@graph\":[{\"@type\":\"WebPage\",\"@id\":\"https:\/\/artedellapatina.com\/product\/emulsione-preparatoria\/\",\"url\":\"https:\/\/artedellapatina.com\/product\/emulsione-preparatoria\/\",\"name\":\"Emulsione Preparatoria - Arte della Patina\",\"isPartOf\":{\"@id\":\"https:\/\/artedellapatina.com\/#website\"},\"primaryImageOfPage\":{\"@id\":\"https:\/\/artedellapatina.com\/product\/emulsione-preparatoria\/#primaryimage\"},\"image\":{\"@id\":\"https:\/\/artedellapatina.com\/product\/emulsione-preparatoria\/#primaryimage\"},\"thumbnailUrl\":\"https:\/\/artedellapatina.com\/wp-content\/uploads\/2024\/11\/Emulsione-Preparatoria-ok-copia.jpg\",\"datePublished\":\"2024-11-18T14:12:33+00:00\",\"dateModified\":\"2024-12-20T15:39:02+00:00\",\"breadcrumb\":{\"@id\":\"https:\/\/artedellapatina.com\/product\/emulsione-preparatoria\/#breadcrumb\"},\"inLanguage\":\"en-GB\",\"potentialAction\":[{\"@type\":\"ReadAction\",\"target\":[\"https:\/\/artedellapatina.com\/product\/emulsione-preparatoria\/\"]}]},{\"@type\":\"ImageObject\",\"inLanguage\":\"en-GB\",\"@id\":\"https:\/\/artedellapatina.com\/product\/emulsione-preparatoria\/#primaryimage\",\"url\":\"https:\/\/artedellapatina.com\/wp-content\/uploads\/2024\/11\/Emulsione-Preparatoria-ok-copia.jpg\",\"contentUrl\":\"https:\/\/artedellapatina.com\/wp-content\/uploads\/2024\/11\/Emulsione-Preparatoria-ok-copia.jpg\",\"width\":2216,\"height\":2216},{\"@type\":\"BreadcrumbList\",\"@id\":\"https:\/\/artedellapatina.com\/product\/emulsione-preparatoria\/#breadcrumb\",\"itemListElement\":[{\"@type\":\"ListItem\",\"position\":1,\"name\":\"Home\",\"item\":\"https:\/\/artedellapatina.com\/\"},{\"@type\":\"ListItem\",\"position\":2,\"name\":\"Shop\",\"item\":\"https:\/\/artedellapatina.com\/shop\/\"},{\"@type\":\"ListItem\",\"position\":3,\"name\":\"Emulsione Preparatoria\"}]},{\"@type\":\"WebSite\",\"@id\":\"https:\/\/artedellapatina.com\/#website\",\"url\":\"https:\/\/artedellapatina.com\/\",\"name\":\"Arte della Patina\",\"description\":\"\",\"publisher\":{\"@id\":\"https:\/\/artedellapatina.com\/#organization\"},\"potentialAction\":[{\"@type\":\"SearchAction\",\"target\":{\"@type\":\"EntryPoint\",\"urlTemplate\":\"https:\/\/artedellapatina.com\/?s={search_term_string}\"},\"query-input\":{\"@type\":\"PropertyValueSpecification\",\"valueRequired\":true,\"valueName\":\"search_term_string\"}}],\"inLanguage\":\"en-GB\"},{\"@type\":\"Organization\",\"@id\":\"https:\/\/artedellapatina.com\/#organization\",\"name\":\"Arte della Patina\",\"url\":\"https:\/\/artedellapatina.com\/\",\"logo\":{\"@type\":\"ImageObject\",\"inLanguage\":\"en-GB\",\"@id\":\"https:\/\/artedellapatina.com\/#\/schema\/logo\/image\/\",\"url\":\"https:\/\/artedellapatina.com\/wp-content\/uploads\/2024\/11\/Logo-per-firma-png-trasparente.png\",\"contentUrl\":\"https:\/\/artedellapatina.com\/wp-content\/uploads\/2024\/11\/Logo-per-firma-png-trasparente.png\",\"width\":591,\"height\":591,\"caption\":\"Arte della Patina\"},\"image\":{\"@id\":\"https:\/\/artedellapatina.com\/#\/schema\/logo\/image\/\"}}]}<\/script>\n<!-- \/ Yoast SEO plugin. -->","yoast_head_json":{"title":"Emulsione Preparatoria - Arte della Patina","robots":{"index":"index","follow":"follow","max-snippet":"max-snippet:-1","max-image-preview":"max-image-preview:large","max-video-preview":"max-video-preview:-1"},"canonical":"https:\/\/artedellapatina.com\/en\/product\/emulsione-preparatoria\/","og_locale":"en_GB","og_type":"article","og_title":"Emulsione Preparatoria - Arte della Patina","og_description":"L\u2019Emulsione Preparatoria \u00e8 un primer.  Questo particolare prodotto \u00e8 una soluzione acquosa che contiene un copolimero acrilico e, una volta evaporata l\u2019acqua e raggiunta la temperatura minima per la formazione della pellicola, crea un film liscio, robusto e trasparente, privo di qualsiasi residuo appiccicoso.  Istruzioni per l\u2019uso: Applicare con il pennello una sola mano di prodotto ad una temperatura non inferiore a 10 gradi. Tempo di essiccazione: 1 ora.","og_url":"https:\/\/artedellapatina.com\/en\/product\/emulsione-preparatoria\/","og_site_name":"Arte della Patina","article_modified_time":"2024-12-20T15:39:02+00:00","og_image":[{"width":2216,"height":2216,"url":"https:\/\/artedellapatina.com\/wp-content\/uploads\/2024\/11\/Emulsione-Preparatoria-ok-copia.jpg","type":"image\/jpeg"}],"twitter_card":"summary_large_image","schema":{"@context":"https:\/\/schema.org","@graph":[{"@type":"WebPage","@id":"https:\/\/artedellapatina.com\/product\/emulsione-preparatoria\/","url":"https:\/\/artedellapatina.com\/product\/emulsione-preparatoria\/","name":"Emulsione Preparatoria - Arte della Patina","isPartOf":{"@id":"https:\/\/artedellapatina.com\/#website"},"primaryImageOfPage":{"@id":"https:\/\/artedellapatina.com\/product\/emulsione-preparatoria\/#primaryimage"},"image":{"@id":"https:\/\/artedellapatina.com\/product\/emulsione-preparatoria\/#primaryimage"},"thumbnailUrl":"https:\/\/artedellapatina.com\/wp-content\/uploads\/2024\/11\/Emulsione-Preparatoria-ok-copia.jpg","datePublished":"2024-11-18T14:12:33+00:00","dateModified":"2024-12-20T15:39:02+00:00","breadcrumb":{"@id":"https:\/\/artedellapatina.com\/product\/emulsione-preparatoria\/#breadcrumb"},"inLanguage":"en-GB","potentialAction":[{"@type":"ReadAction","target":["https:\/\/artedellapatina.com\/product\/emulsione-preparatoria\/"]}]},{"@type":"ImageObject","inLanguage":"en-GB","@id":"https:\/\/artedellapatina.com\/product\/emulsione-preparatoria\/#primaryimage","url":"https:\/\/artedellapatina.com\/wp-content\/uploads\/2024\/11\/Emulsione-Preparatoria-ok-copia.jpg","contentUrl":"https:\/\/artedellapatina.com\/wp-content\/uploads\/2024\/11\/Emulsione-Preparatoria-ok-copia.jpg","width":2216,"height":2216},{"@type":"BreadcrumbList","@id":"https:\/\/artedellapatina.com\/product\/emulsione-preparatoria\/#breadcrumb","itemListElement":[{"@type":"ListItem","position":1,"name":"Home","item":"https:\/\/artedellapatina.com\/"},{"@type":"ListItem","position":2,"name":"Shop","item":"https:\/\/artedellapatina.com\/shop\/"},{"@type":"ListItem","position":3,"name":"Emulsione Preparatoria"}]},{"@type":"WebSite","@id":"https:\/\/artedellapatina.com\/#website","url":"https:\/\/artedellapatina.com\/","name":"Art of Patina","description":"","publisher":{"@id":"https:\/\/artedellapatina.com\/#organization"},"potentialAction":[{"@type":"SearchAction","target":{"@type":"EntryPoint","urlTemplate":"https:\/\/artedellapatina.com\/?s={search_term_string}"},"query-input":{"@type":"PropertyValueSpecification","valueRequired":true,"valueName":"search_term_string"}}],"inLanguage":"en-GB"},{"@type":"Organization","@id":"https:\/\/artedellapatina.com\/#organization","name":"Art of Patina","url":"https:\/\/artedellapatina.com\/","logo":{"@type":"ImageObject","inLanguage":"en-GB","@id":"https:\/\/artedellapatina.com\/#\/schema\/logo\/image\/","url":"https:\/\/artedellapatina.com\/wp-content\/uploads\/2024\/11\/Logo-per-firma-png-trasparente.png","contentUrl":"https:\/\/artedellapatina.com\/wp-content\/uploads\/2024\/11\/Logo-per-firma-png-trasparente.png","width":591,"height":591,"caption":"Arte della Patina"},"image":{"@id":"https:\/\/artedellapatina.com\/#\/schema\/logo\/image\/"}}]}},"_links":{"self":[{"href":"https:\/\/artedellapatina.com\/en\/wp-json\/wp\/v2\/product\/23717","targetHints":{"allow":["GET"]}}],"collection":[{"href":"https:\/\/artedellapatina.com\/en\/wp-json\/wp\/v2\/product"}],"about":[{"href":"https:\/\/artedellapatina.com\/en\/wp-json\/wp\/v2\/types\/product"}],"replies":[{"embeddable":true,"href":"https:\/\/artedellapatina.com\/en\/wp-json\/wp\/v2\/comments?post=23717"}],"wp:featuredmedia":[{"embeddable":true,"href":"https:\/\/artedellapatina.com\/en\/wp-json\/wp\/v2\/media\/24399"}],"wp:attachment":[{"href":"https:\/\/artedellapatina.com\/en\/wp-json\/wp\/v2\/media?parent=23717"}],"wp:term":[{"taxonomy":"product_brand","embeddable":true,"href":"https:\/\/artedellapatina.com\/en\/wp-json\/wp\/v2\/product_brand?post=23717"},{"taxonomy":"product_cat","embeddable":true,"href":"https:\/\/artedellapatina.com\/en\/wp-json\/wp\/v2\/product_cat?post=23717"},{"taxonomy":"product_tag","embeddable":true,"href":"https:\/\/artedellapatina.com\/en\/wp-json\/wp\/v2\/product_tag?post=23717"}],"curies":[{"name":"wp","href":"https:\/\/api.w.org\/{rel}","templated":true}]}}