{"id":23719,"date":"2024-11-18T15:12:52","date_gmt":"2024-11-18T14:12:52","guid":{"rendered":"https:\/\/artedellapatina.com\/?post_type=product&#038;p=23719"},"modified":"2026-01-19T10:01:44","modified_gmt":"2026-01-19T09:01:44","slug":"decerante-supremo","status":"publish","type":"product","link":"https:\/\/artedellapatina.com\/en\/product\/decerante-supremo\/","title":{"rendered":"Decerante Supremo"},"content":{"rendered":"<p>EUH210: Scheda dati di sicurezza disponibile su richiesta \/ Safety data sheet available upon request Fiche de donn\u00e9es de s\u00e9curit\u00e9 disponible sur demande \/ Ficha de datos de seguridad disponible previa solicitud.<\/p>\n<p>&nbsp;<\/p>\n<p>Pu\u00f2 provocare una reazione allergica\/It can cause an allergic reaction\/Cela peut provoquer une r\u00e9action allergique\/ Puede causar una reacci\u00f3n al\u00e9rgica.<\/p>\n<p>&nbsp;<\/p>\n<p>VOC (Direttiva 2004\/42\/CE) &#8211; Preparazione e pulizia &#8211; Predetergente.<\/p>\n<p>VOC espressi in g\/litro di prodotto pronto all\u2019uso: 188,10 &#8211; Limite massimo: 200,00 \/ VOC (Directive 2004\/42\/EC) &#8211; Preparation and Cleaning &#8211; Predetergent.<\/p>\n<p>VOC expressed in g\/liter of ready-to-use product: 188.10 &#8211; Maximum limit: 200.00 \/ COV (Directive 2004\/42\/CE) &#8211; Pr\u00e9paration et Nettoyage &#8211; Pr\u00e9d\u00e9tergent.<\/p>\n<p>COV exprim\u00e9s en g\/litre de produit pr\u00eat \u00e0 l\u2019emploi: 188,10 &#8211; Limite maximal: 200,00 \/ COV (Directiva 2004\/42\/CE) &#8211; Preparaci\u00f3n y Limpieza &#8211; Predetergente.<\/p>\n<p>COV expresados en g\/litro de producto listo para usar: 188,10 &#8211; L\u00edmite m\u00e1ximo: 200,00.<\/p>","protected":false},"excerpt":{"rendered":"<p>The Supreme Decerante is suitable for cleaning and removing waxes of any kind from wood surfaces. Non-flammable, water-soluble in any ratio.<\/p>\n<p>Instructions: Apply with brush.<\/p>","protected":false},"featured_media":24397,"comment_status":"open","ping_status":"closed","template":"","meta":[],"product_brand":[],"product_cat":[232,254,233,264,234],"product_tag":[],"class_list":{"0":"post-23719","1":"product","2":"type-product","3":"status-publish","4":"has-post-thumbnail","6":"product_cat-patina-toscana","7":"product_cat-prodotti-per-la-preparazione-del-mobile","8":"product_cat-tempera-antica","9":"product_cat-tempera-fiorentina-prodotti-per-tecnica","10":"product_cat-tempera-materica","12":"first","13":"instock","14":"taxable","15":"shipping-taxable","16":"purchasable","17":"product-type-variable","18":"has-default-attributes"},"yoast_head":"<!-- This site is optimized with the Yoast SEO plugin v27.1.1 - https:\/\/yoast.com\/product\/yoast-seo-wordpress\/ -->\n<title>Decerante Supremo - Arte della Patina<\/title>\n<meta name=\"robots\" content=\"index, follow, max-snippet:-1, max-image-preview:large, max-video-preview:-1\" \/>\n<link rel=\"canonical\" href=\"https:\/\/artedellapatina.com\/en\/product\/decerante-supremo\/\" \/>\n<meta property=\"og:locale\" content=\"en_GB\" \/>\n<meta property=\"og:type\" content=\"article\" \/>\n<meta property=\"og:title\" content=\"Decerante Supremo - Arte della Patina\" \/>\n<meta property=\"og:description\" content=\"Il Decerante Supremo \u00e8 indicato per la pulizia e l\u2019asportazione di cere di qualsiasi genere dalle superfici in legno. Non infiammabile, diluibile con acqua in qualsiasi rapporto.  Istruzioni: Applicare a pennello.\" \/>\n<meta property=\"og:url\" content=\"https:\/\/artedellapatina.com\/en\/product\/decerante-supremo\/\" \/>\n<meta property=\"og:site_name\" content=\"Arte della Patina\" \/>\n<meta property=\"article:modified_time\" content=\"2026-01-19T09:01:44+00:00\" \/>\n<meta property=\"og:image\" content=\"https:\/\/artedellapatina.com\/wp-content\/uploads\/2024\/11\/Decerante-Supremo-ok-copia.jpg\" \/>\n\t<meta property=\"og:image:width\" content=\"2129\" \/>\n\t<meta property=\"og:image:height\" content=\"2129\" \/>\n\t<meta property=\"og:image:type\" content=\"image\/jpeg\" \/>\n<meta name=\"twitter:card\" content=\"summary_large_image\" \/>\n<meta name=\"twitter:label1\" content=\"Estimated reading time\" \/>\n\t<meta name=\"twitter:data1\" content=\"1 minute\" \/>\n<script type=\"application\/ld+json\" class=\"yoast-schema-graph\">{\"@context\":\"https:\/\/schema.org\",\"@graph\":[{\"@type\":\"WebPage\",\"@id\":\"https:\/\/artedellapatina.com\/product\/decerante-supremo\/\",\"url\":\"https:\/\/artedellapatina.com\/product\/decerante-supremo\/\",\"name\":\"Decerante Supremo - Arte della Patina\",\"isPartOf\":{\"@id\":\"https:\/\/artedellapatina.com\/#website\"},\"primaryImageOfPage\":{\"@id\":\"https:\/\/artedellapatina.com\/product\/decerante-supremo\/#primaryimage\"},\"image\":{\"@id\":\"https:\/\/artedellapatina.com\/product\/decerante-supremo\/#primaryimage\"},\"thumbnailUrl\":\"https:\/\/artedellapatina.com\/wp-content\/uploads\/2024\/11\/Decerante-Supremo-ok-copia.jpg\",\"datePublished\":\"2024-11-18T14:12:52+00:00\",\"dateModified\":\"2026-01-19T09:01:44+00:00\",\"breadcrumb\":{\"@id\":\"https:\/\/artedellapatina.com\/product\/decerante-supremo\/#breadcrumb\"},\"inLanguage\":\"en-GB\",\"potentialAction\":[{\"@type\":\"ReadAction\",\"target\":[\"https:\/\/artedellapatina.com\/product\/decerante-supremo\/\"]}]},{\"@type\":\"ImageObject\",\"inLanguage\":\"en-GB\",\"@id\":\"https:\/\/artedellapatina.com\/product\/decerante-supremo\/#primaryimage\",\"url\":\"https:\/\/artedellapatina.com\/wp-content\/uploads\/2024\/11\/Decerante-Supremo-ok-copia.jpg\",\"contentUrl\":\"https:\/\/artedellapatina.com\/wp-content\/uploads\/2024\/11\/Decerante-Supremo-ok-copia.jpg\",\"width\":2129,\"height\":2129},{\"@type\":\"BreadcrumbList\",\"@id\":\"https:\/\/artedellapatina.com\/product\/decerante-supremo\/#breadcrumb\",\"itemListElement\":[{\"@type\":\"ListItem\",\"position\":1,\"name\":\"Home\",\"item\":\"https:\/\/artedellapatina.com\/\"},{\"@type\":\"ListItem\",\"position\":2,\"name\":\"Shop\",\"item\":\"https:\/\/artedellapatina.com\/shop\/\"},{\"@type\":\"ListItem\",\"position\":3,\"name\":\"Decerante Supremo\"}]},{\"@type\":\"WebSite\",\"@id\":\"https:\/\/artedellapatina.com\/#website\",\"url\":\"https:\/\/artedellapatina.com\/\",\"name\":\"Arte della Patina\",\"description\":\"\",\"publisher\":{\"@id\":\"https:\/\/artedellapatina.com\/#organization\"},\"potentialAction\":[{\"@type\":\"SearchAction\",\"target\":{\"@type\":\"EntryPoint\",\"urlTemplate\":\"https:\/\/artedellapatina.com\/?s={search_term_string}\"},\"query-input\":{\"@type\":\"PropertyValueSpecification\",\"valueRequired\":true,\"valueName\":\"search_term_string\"}}],\"inLanguage\":\"en-GB\"},{\"@type\":\"Organization\",\"@id\":\"https:\/\/artedellapatina.com\/#organization\",\"name\":\"Arte della Patina\",\"url\":\"https:\/\/artedellapatina.com\/\",\"logo\":{\"@type\":\"ImageObject\",\"inLanguage\":\"en-GB\",\"@id\":\"https:\/\/artedellapatina.com\/#\/schema\/logo\/image\/\",\"url\":\"https:\/\/artedellapatina.com\/wp-content\/uploads\/2024\/11\/Logo-per-firma-png-trasparente.png\",\"contentUrl\":\"https:\/\/artedellapatina.com\/wp-content\/uploads\/2024\/11\/Logo-per-firma-png-trasparente.png\",\"width\":591,\"height\":591,\"caption\":\"Arte della Patina\"},\"image\":{\"@id\":\"https:\/\/artedellapatina.com\/#\/schema\/logo\/image\/\"}}]}<\/script>\n<!-- \/ Yoast SEO plugin. -->","yoast_head_json":{"title":"Decerante Supremo - Arte della Patina","robots":{"index":"index","follow":"follow","max-snippet":"max-snippet:-1","max-image-preview":"max-image-preview:large","max-video-preview":"max-video-preview:-1"},"canonical":"https:\/\/artedellapatina.com\/en\/product\/decerante-supremo\/","og_locale":"en_GB","og_type":"article","og_title":"Decerante Supremo - Arte della Patina","og_description":"Il Decerante Supremo \u00e8 indicato per la pulizia e l\u2019asportazione di cere di qualsiasi genere dalle superfici in legno. Non infiammabile, diluibile con acqua in qualsiasi rapporto.  Istruzioni: Applicare a pennello.","og_url":"https:\/\/artedellapatina.com\/en\/product\/decerante-supremo\/","og_site_name":"Arte della Patina","article_modified_time":"2026-01-19T09:01:44+00:00","og_image":[{"width":2129,"height":2129,"url":"https:\/\/artedellapatina.com\/wp-content\/uploads\/2024\/11\/Decerante-Supremo-ok-copia.jpg","type":"image\/jpeg"}],"twitter_card":"summary_large_image","twitter_misc":{"Estimated reading time":"1 minute"},"schema":{"@context":"https:\/\/schema.org","@graph":[{"@type":"WebPage","@id":"https:\/\/artedellapatina.com\/product\/decerante-supremo\/","url":"https:\/\/artedellapatina.com\/product\/decerante-supremo\/","name":"Decerante Supremo - Arte della Patina","isPartOf":{"@id":"https:\/\/artedellapatina.com\/#website"},"primaryImageOfPage":{"@id":"https:\/\/artedellapatina.com\/product\/decerante-supremo\/#primaryimage"},"image":{"@id":"https:\/\/artedellapatina.com\/product\/decerante-supremo\/#primaryimage"},"thumbnailUrl":"https:\/\/artedellapatina.com\/wp-content\/uploads\/2024\/11\/Decerante-Supremo-ok-copia.jpg","datePublished":"2024-11-18T14:12:52+00:00","dateModified":"2026-01-19T09:01:44+00:00","breadcrumb":{"@id":"https:\/\/artedellapatina.com\/product\/decerante-supremo\/#breadcrumb"},"inLanguage":"en-GB","potentialAction":[{"@type":"ReadAction","target":["https:\/\/artedellapatina.com\/product\/decerante-supremo\/"]}]},{"@type":"ImageObject","inLanguage":"en-GB","@id":"https:\/\/artedellapatina.com\/product\/decerante-supremo\/#primaryimage","url":"https:\/\/artedellapatina.com\/wp-content\/uploads\/2024\/11\/Decerante-Supremo-ok-copia.jpg","contentUrl":"https:\/\/artedellapatina.com\/wp-content\/uploads\/2024\/11\/Decerante-Supremo-ok-copia.jpg","width":2129,"height":2129},{"@type":"BreadcrumbList","@id":"https:\/\/artedellapatina.com\/product\/decerante-supremo\/#breadcrumb","itemListElement":[{"@type":"ListItem","position":1,"name":"Home","item":"https:\/\/artedellapatina.com\/"},{"@type":"ListItem","position":2,"name":"Shop","item":"https:\/\/artedellapatina.com\/shop\/"},{"@type":"ListItem","position":3,"name":"Decerante Supremo"}]},{"@type":"WebSite","@id":"https:\/\/artedellapatina.com\/#website","url":"https:\/\/artedellapatina.com\/","name":"Art of Patina","description":"","publisher":{"@id":"https:\/\/artedellapatina.com\/#organization"},"potentialAction":[{"@type":"SearchAction","target":{"@type":"EntryPoint","urlTemplate":"https:\/\/artedellapatina.com\/?s={search_term_string}"},"query-input":{"@type":"PropertyValueSpecification","valueRequired":true,"valueName":"search_term_string"}}],"inLanguage":"en-GB"},{"@type":"Organization","@id":"https:\/\/artedellapatina.com\/#organization","name":"Art of Patina","url":"https:\/\/artedellapatina.com\/","logo":{"@type":"ImageObject","inLanguage":"en-GB","@id":"https:\/\/artedellapatina.com\/#\/schema\/logo\/image\/","url":"https:\/\/artedellapatina.com\/wp-content\/uploads\/2024\/11\/Logo-per-firma-png-trasparente.png","contentUrl":"https:\/\/artedellapatina.com\/wp-content\/uploads\/2024\/11\/Logo-per-firma-png-trasparente.png","width":591,"height":591,"caption":"Arte della Patina"},"image":{"@id":"https:\/\/artedellapatina.com\/#\/schema\/logo\/image\/"}}]}},"_links":{"self":[{"href":"https:\/\/artedellapatina.com\/en\/wp-json\/wp\/v2\/product\/23719","targetHints":{"allow":["GET"]}}],"collection":[{"href":"https:\/\/artedellapatina.com\/en\/wp-json\/wp\/v2\/product"}],"about":[{"href":"https:\/\/artedellapatina.com\/en\/wp-json\/wp\/v2\/types\/product"}],"replies":[{"embeddable":true,"href":"https:\/\/artedellapatina.com\/en\/wp-json\/wp\/v2\/comments?post=23719"}],"wp:featuredmedia":[{"embeddable":true,"href":"https:\/\/artedellapatina.com\/en\/wp-json\/wp\/v2\/media\/24397"}],"wp:attachment":[{"href":"https:\/\/artedellapatina.com\/en\/wp-json\/wp\/v2\/media?parent=23719"}],"wp:term":[{"taxonomy":"product_brand","embeddable":true,"href":"https:\/\/artedellapatina.com\/en\/wp-json\/wp\/v2\/product_brand?post=23719"},{"taxonomy":"product_cat","embeddable":true,"href":"https:\/\/artedellapatina.com\/en\/wp-json\/wp\/v2\/product_cat?post=23719"},{"taxonomy":"product_tag","embeddable":true,"href":"https:\/\/artedellapatina.com\/en\/wp-json\/wp\/v2\/product_tag?post=23719"}],"curies":[{"name":"wp","href":"https:\/\/api.w.org\/{rel}","templated":true}]}}