{"id":23931,"date":"2024-11-20T17:25:39","date_gmt":"2024-11-20T16:25:39","guid":{"rendered":"https:\/\/artedellapatina.com\/?post_type=product&#038;p=23931"},"modified":"2024-12-18T15:55:23","modified_gmt":"2024-12-18T14:55:23","slug":"caseina-gel","status":"publish","type":"product","link":"https:\/\/artedellapatina.com\/en\/product\/caseina-gel\/","title":{"rendered":"Caseina Gel"},"content":{"rendered":"","protected":false},"excerpt":{"rendered":"<p>Ready-to-use casein base, without the addition of ammonia. Indispensable for the varnishing, traditional pictorial technique that consists in the superimposition of a color on another already dry so as to make appear the layer below. The Casein gel of Patina Style is a water-based binder that increases and highlights the brightness, transparency of pigments and natural earths. Applicable both indoors and outdoors. Product free of harmful substances and low in volatile organic compounds.<\/p>","protected":false},"featured_media":23756,"comment_status":"open","ping_status":"closed","template":"","meta":[],"product_brand":[],"product_cat":[256,234],"product_tag":[],"class_list":{"0":"post-23931","1":"product","2":"type-product","3":"status-publish","4":"has-post-thumbnail","6":"product_cat-colle-naturali","7":"product_cat-tempera-materica","9":"first","10":"instock","11":"taxable","12":"shipping-taxable","13":"purchasable","14":"product-type-variable","15":"has-default-attributes"},"yoast_head":"<!-- This site is optimized with the Yoast SEO plugin v27.1.1 - https:\/\/yoast.com\/product\/yoast-seo-wordpress\/ -->\n<title>Caseina Gel - Arte della Patina<\/title>\n<meta name=\"robots\" content=\"index, follow, max-snippet:-1, max-image-preview:large, max-video-preview:-1\" \/>\n<link rel=\"canonical\" href=\"https:\/\/artedellapatina.com\/en\/product\/caseina-gel\/\" \/>\n<meta property=\"og:locale\" content=\"en_GB\" \/>\n<meta property=\"og:type\" content=\"article\" \/>\n<meta property=\"og:title\" content=\"Caseina Gel - Arte della Patina\" \/>\n<meta property=\"og:description\" content=\"Base alla Caseina pronta all\u2019uso, senza aggiunta di ammoniaca. Indispensabile per la velatura, tecnica pittorica tradizionale che consiste nella sovrapposizione di un colore su di un altro gi\u00e0 asciutto in modo da far apparire il livello sottostante. La Caseina gel di Patina Style \u00e8 un legante a base di acqua che aumenta e risalta la luminosit\u00e0, trasparenza dei pigmenti e delle terre naturali. Applicabile sia all\u2019interno che all\u2019esterno. Prodotto privo di sostanze nocive ed a basso contenuto di composti organici volatili.\" \/>\n<meta property=\"og:url\" content=\"https:\/\/artedellapatina.com\/en\/product\/caseina-gel\/\" \/>\n<meta property=\"og:site_name\" content=\"Arte della Patina\" \/>\n<meta property=\"article:modified_time\" content=\"2024-12-18T14:55:23+00:00\" \/>\n<meta property=\"og:image\" content=\"https:\/\/artedellapatina.com\/wp-content\/uploads\/2024\/11\/Caseina-Gel-scaled.jpg\" \/>\n\t<meta property=\"og:image:width\" content=\"2560\" \/>\n\t<meta property=\"og:image:height\" content=\"2560\" \/>\n\t<meta property=\"og:image:type\" content=\"image\/jpeg\" \/>\n<meta name=\"twitter:card\" content=\"summary_large_image\" \/>\n<script type=\"application\/ld+json\" class=\"yoast-schema-graph\">{\"@context\":\"https:\/\/schema.org\",\"@graph\":[{\"@type\":\"WebPage\",\"@id\":\"https:\/\/artedellapatina.com\/product\/caseina-gel\/\",\"url\":\"https:\/\/artedellapatina.com\/product\/caseina-gel\/\",\"name\":\"Caseina Gel - Arte della Patina\",\"isPartOf\":{\"@id\":\"https:\/\/artedellapatina.com\/#website\"},\"primaryImageOfPage\":{\"@id\":\"https:\/\/artedellapatina.com\/product\/caseina-gel\/#primaryimage\"},\"image\":{\"@id\":\"https:\/\/artedellapatina.com\/product\/caseina-gel\/#primaryimage\"},\"thumbnailUrl\":\"https:\/\/artedellapatina.com\/wp-content\/uploads\/2024\/11\/Caseina-Gel-scaled.jpg\",\"datePublished\":\"2024-11-20T16:25:39+00:00\",\"dateModified\":\"2024-12-18T14:55:23+00:00\",\"breadcrumb\":{\"@id\":\"https:\/\/artedellapatina.com\/product\/caseina-gel\/#breadcrumb\"},\"inLanguage\":\"en-GB\",\"potentialAction\":[{\"@type\":\"ReadAction\",\"target\":[\"https:\/\/artedellapatina.com\/product\/caseina-gel\/\"]}]},{\"@type\":\"ImageObject\",\"inLanguage\":\"en-GB\",\"@id\":\"https:\/\/artedellapatina.com\/product\/caseina-gel\/#primaryimage\",\"url\":\"https:\/\/artedellapatina.com\/wp-content\/uploads\/2024\/11\/Caseina-Gel-scaled.jpg\",\"contentUrl\":\"https:\/\/artedellapatina.com\/wp-content\/uploads\/2024\/11\/Caseina-Gel-scaled.jpg\",\"width\":2560,\"height\":2560},{\"@type\":\"BreadcrumbList\",\"@id\":\"https:\/\/artedellapatina.com\/product\/caseina-gel\/#breadcrumb\",\"itemListElement\":[{\"@type\":\"ListItem\",\"position\":1,\"name\":\"Home\",\"item\":\"https:\/\/artedellapatina.com\/\"},{\"@type\":\"ListItem\",\"position\":2,\"name\":\"Shop\",\"item\":\"https:\/\/artedellapatina.com\/shop\/\"},{\"@type\":\"ListItem\",\"position\":3,\"name\":\"Caseina Gel\"}]},{\"@type\":\"WebSite\",\"@id\":\"https:\/\/artedellapatina.com\/#website\",\"url\":\"https:\/\/artedellapatina.com\/\",\"name\":\"Arte della Patina\",\"description\":\"\",\"publisher\":{\"@id\":\"https:\/\/artedellapatina.com\/#organization\"},\"potentialAction\":[{\"@type\":\"SearchAction\",\"target\":{\"@type\":\"EntryPoint\",\"urlTemplate\":\"https:\/\/artedellapatina.com\/?s={search_term_string}\"},\"query-input\":{\"@type\":\"PropertyValueSpecification\",\"valueRequired\":true,\"valueName\":\"search_term_string\"}}],\"inLanguage\":\"en-GB\"},{\"@type\":\"Organization\",\"@id\":\"https:\/\/artedellapatina.com\/#organization\",\"name\":\"Arte della Patina\",\"url\":\"https:\/\/artedellapatina.com\/\",\"logo\":{\"@type\":\"ImageObject\",\"inLanguage\":\"en-GB\",\"@id\":\"https:\/\/artedellapatina.com\/#\/schema\/logo\/image\/\",\"url\":\"https:\/\/artedellapatina.com\/wp-content\/uploads\/2024\/11\/Logo-per-firma-png-trasparente.png\",\"contentUrl\":\"https:\/\/artedellapatina.com\/wp-content\/uploads\/2024\/11\/Logo-per-firma-png-trasparente.png\",\"width\":591,\"height\":591,\"caption\":\"Arte della Patina\"},\"image\":{\"@id\":\"https:\/\/artedellapatina.com\/#\/schema\/logo\/image\/\"}}]}<\/script>\n<!-- \/ Yoast SEO plugin. -->","yoast_head_json":{"title":"Caseina Gel - Arte della Patina","robots":{"index":"index","follow":"follow","max-snippet":"max-snippet:-1","max-image-preview":"max-image-preview:large","max-video-preview":"max-video-preview:-1"},"canonical":"https:\/\/artedellapatina.com\/en\/product\/caseina-gel\/","og_locale":"en_GB","og_type":"article","og_title":"Caseina Gel - Arte della Patina","og_description":"Base alla Caseina pronta all\u2019uso, senza aggiunta di ammoniaca. Indispensabile per la velatura, tecnica pittorica tradizionale che consiste nella sovrapposizione di un colore su di un altro gi\u00e0 asciutto in modo da far apparire il livello sottostante. La Caseina gel di Patina Style \u00e8 un legante a base di acqua che aumenta e risalta la luminosit\u00e0, trasparenza dei pigmenti e delle terre naturali. Applicabile sia all\u2019interno che all\u2019esterno. Prodotto privo di sostanze nocive ed a basso contenuto di composti organici volatili.","og_url":"https:\/\/artedellapatina.com\/en\/product\/caseina-gel\/","og_site_name":"Arte della Patina","article_modified_time":"2024-12-18T14:55:23+00:00","og_image":[{"width":2560,"height":2560,"url":"https:\/\/artedellapatina.com\/wp-content\/uploads\/2024\/11\/Caseina-Gel-scaled.jpg","type":"image\/jpeg"}],"twitter_card":"summary_large_image","schema":{"@context":"https:\/\/schema.org","@graph":[{"@type":"WebPage","@id":"https:\/\/artedellapatina.com\/product\/caseina-gel\/","url":"https:\/\/artedellapatina.com\/product\/caseina-gel\/","name":"Caseina Gel - Arte della Patina","isPartOf":{"@id":"https:\/\/artedellapatina.com\/#website"},"primaryImageOfPage":{"@id":"https:\/\/artedellapatina.com\/product\/caseina-gel\/#primaryimage"},"image":{"@id":"https:\/\/artedellapatina.com\/product\/caseina-gel\/#primaryimage"},"thumbnailUrl":"https:\/\/artedellapatina.com\/wp-content\/uploads\/2024\/11\/Caseina-Gel-scaled.jpg","datePublished":"2024-11-20T16:25:39+00:00","dateModified":"2024-12-18T14:55:23+00:00","breadcrumb":{"@id":"https:\/\/artedellapatina.com\/product\/caseina-gel\/#breadcrumb"},"inLanguage":"en-GB","potentialAction":[{"@type":"ReadAction","target":["https:\/\/artedellapatina.com\/product\/caseina-gel\/"]}]},{"@type":"ImageObject","inLanguage":"en-GB","@id":"https:\/\/artedellapatina.com\/product\/caseina-gel\/#primaryimage","url":"https:\/\/artedellapatina.com\/wp-content\/uploads\/2024\/11\/Caseina-Gel-scaled.jpg","contentUrl":"https:\/\/artedellapatina.com\/wp-content\/uploads\/2024\/11\/Caseina-Gel-scaled.jpg","width":2560,"height":2560},{"@type":"BreadcrumbList","@id":"https:\/\/artedellapatina.com\/product\/caseina-gel\/#breadcrumb","itemListElement":[{"@type":"ListItem","position":1,"name":"Home","item":"https:\/\/artedellapatina.com\/"},{"@type":"ListItem","position":2,"name":"Shop","item":"https:\/\/artedellapatina.com\/shop\/"},{"@type":"ListItem","position":3,"name":"Caseina Gel"}]},{"@type":"WebSite","@id":"https:\/\/artedellapatina.com\/#website","url":"https:\/\/artedellapatina.com\/","name":"Art of Patina","description":"","publisher":{"@id":"https:\/\/artedellapatina.com\/#organization"},"potentialAction":[{"@type":"SearchAction","target":{"@type":"EntryPoint","urlTemplate":"https:\/\/artedellapatina.com\/?s={search_term_string}"},"query-input":{"@type":"PropertyValueSpecification","valueRequired":true,"valueName":"search_term_string"}}],"inLanguage":"en-GB"},{"@type":"Organization","@id":"https:\/\/artedellapatina.com\/#organization","name":"Art of Patina","url":"https:\/\/artedellapatina.com\/","logo":{"@type":"ImageObject","inLanguage":"en-GB","@id":"https:\/\/artedellapatina.com\/#\/schema\/logo\/image\/","url":"https:\/\/artedellapatina.com\/wp-content\/uploads\/2024\/11\/Logo-per-firma-png-trasparente.png","contentUrl":"https:\/\/artedellapatina.com\/wp-content\/uploads\/2024\/11\/Logo-per-firma-png-trasparente.png","width":591,"height":591,"caption":"Arte della Patina"},"image":{"@id":"https:\/\/artedellapatina.com\/#\/schema\/logo\/image\/"}}]}},"_links":{"self":[{"href":"https:\/\/artedellapatina.com\/en\/wp-json\/wp\/v2\/product\/23931","targetHints":{"allow":["GET"]}}],"collection":[{"href":"https:\/\/artedellapatina.com\/en\/wp-json\/wp\/v2\/product"}],"about":[{"href":"https:\/\/artedellapatina.com\/en\/wp-json\/wp\/v2\/types\/product"}],"replies":[{"embeddable":true,"href":"https:\/\/artedellapatina.com\/en\/wp-json\/wp\/v2\/comments?post=23931"}],"wp:featuredmedia":[{"embeddable":true,"href":"https:\/\/artedellapatina.com\/en\/wp-json\/wp\/v2\/media\/23756"}],"wp:attachment":[{"href":"https:\/\/artedellapatina.com\/en\/wp-json\/wp\/v2\/media?parent=23931"}],"wp:term":[{"taxonomy":"product_brand","embeddable":true,"href":"https:\/\/artedellapatina.com\/en\/wp-json\/wp\/v2\/product_brand?post=23931"},{"taxonomy":"product_cat","embeddable":true,"href":"https:\/\/artedellapatina.com\/en\/wp-json\/wp\/v2\/product_cat?post=23931"},{"taxonomy":"product_tag","embeddable":true,"href":"https:\/\/artedellapatina.com\/en\/wp-json\/wp\/v2\/product_tag?post=23931"}],"curies":[{"name":"wp","href":"https:\/\/api.w.org\/{rel}","templated":true}]}}