{"id":23999,"date":"2024-11-18T12:16:26","date_gmt":"2024-11-18T11:16:26","guid":{"rendered":"https:\/\/artedellapatina.com\/?post_type=product&#038;p=23999"},"modified":"2024-12-20T17:39:05","modified_gmt":"2024-12-20T16:39:05","slug":"blu-reale","status":"publish","type":"product","link":"https:\/\/artedellapatina.com\/en\/product\/blu-reale\/","title":{"rendered":"Blu Reale"},"content":{"rendered":"<p>EUH210: Scheda dati di sicurezza disponibile su richiesta \/ Safety data sheet available upon request Fiche de donn\u00e9es de s\u00e9curit\u00e9 disponible sur demande \/ Ficha de datos de seguridad disponible previa solicitud<br \/>\nEUH211: Attenzione! In caso di vaporizzazione possono formarsi goccioline respirabili pericolose. Non respirare i vapori o le nebbie. \/ Attention! Dangerous breathable droplets may form in case of vaporization.<br \/>\nDo not breathe vapors or mists. \/ Attention! Des gouttelettes respirables dangereuses peuvent se former en cas de vaporisation. Ne respirez pas les vapeurs ou les brumes. \/ \u00a1Atenci\u00f3n! En caso de vaporizaci\u00f3n pueden formarse gotas respirables peligrosas. No respire los vapores o las nieblas.<br \/>\nEUH208: Pu\u00f2 provocare una reazione allergica\/It can cause an allergic reaction\/Cela peut provoquer une r\u00e9action allergique\/ Puede causar una reacci\u00f3n al\u00e9rgica.<br \/>\nContiene\/Contains\/Contient: Contiene: 5-Chloro-2-methyl-4-isothiazolin-3-one [EC no. 247-500-7] \/ 2-Methyl-2H-isothiazol-3-one [EC no. 220-239-6]  (3:1), 1,2-benzisotiazol-3(2H)-one<br \/>\nP103: Leggere l\u2019etichetta prima dell\u2019uso \/ To read the label before use \/ Lire l\u2019\u00e9tiquette avant usage \/ Leer la etiqueta antes de usar &#8211; P102: Tenere fuori dalla portata dei bambini \/ Keep out of reach of children \/ Tenir hors de port\u00e9e des enfants \/ Mantener fuera del alcance de los ni\u00f1os &#8211; P101: In caso di consultazione di un medico, tenere a disposizione il contenitore o l\u2019etichetta del prodotto. VOC (Direttiva 2004\/42\/CE): Pitture per pareti esterne di supporto minerale. VOC espressi in g\/litro di prodotto pronto all\u2019uso: 2,61 Limite massimo: 40,00 \/ In case of consultation with a doctor, keep the container or label of the product available. VOC (Directive 2004\/42\/EC): Paints for external walls of mineral support. VOC expressed in g\/litre of ready-to-use product: 2.61 Maximum limit: 40.00 \/ En cas de consultation m\u00e9dicale, gardez le conteneur ou l\u2019\u00e9tiquette du produit \u00e0 disposition. COV (Directive 2004\/42\/CE): Peintures pour murs ext\u00e9rieurs \u00e0 support min\u00e9ral. COV exprim\u00e9s en g\/litre de produit pr\u00eat \u00e0 l\u2019emploi: 2,61 Limite maximal: 40,00 \/ En caso de consulta con un m\u00e9dico, mantenga a disposici\u00f3n el envase o la etiqueta del producto. COV (Directiva 2004\/42\/CE): Pinturas para paredes exteriores de soporte mineral. COV expresados en g\/litro de producto listo para usar: 2,61 L\u00edmite m\u00e1ximo: 40,00 <\/p>","protected":false},"excerpt":{"rendered":"<p>\"Royal Blue\" - deep and vivid blue, inspired by the coat of arms of the Swedish royal house, in which it is the background of golden yellow raving lions. Made with the pigment \"Mineral Blue\" that does not need the addition of other colors to achieve extremely intense shades.<\/p>","protected":false},"featured_media":23782,"comment_status":"open","ping_status":"closed","template":"","meta":[],"product_brand":[],"product_cat":[244,233,234],"product_tag":[],"class_list":{"0":"post-23999","1":"product","2":"type-product","3":"status-publish","4":"has-post-thumbnail","6":"product_cat-gustavian-tempere","7":"product_cat-tempera-antica","8":"product_cat-tempera-materica","10":"first","11":"instock","12":"taxable","13":"shipping-taxable","14":"purchasable","15":"product-type-variable","16":"has-default-attributes"},"yoast_head":"<!-- This site is optimized with the Yoast SEO plugin v27.1.1 - https:\/\/yoast.com\/product\/yoast-seo-wordpress\/ -->\n<title>Blu Reale - Arte della Patina<\/title>\n<meta name=\"robots\" content=\"index, follow, max-snippet:-1, max-image-preview:large, max-video-preview:-1\" \/>\n<link rel=\"canonical\" href=\"https:\/\/artedellapatina.com\/en\/product\/blu-reale\/\" \/>\n<meta property=\"og:locale\" content=\"en_GB\" \/>\n<meta property=\"og:type\" content=\"article\" \/>\n<meta property=\"og:title\" content=\"Blu Reale - Arte della Patina\" \/>\n<meta property=\"og:description\" content=\"\u201cBlu Reale\u201d \u2013 Blu profondo e vivo, ispirato allo stemma della casata reale svedese, nel quale fa da sfondo a dei leoni rampanti giallo oro. Realizzato con il pigmento \u201cBlu Minerale\u201d che non ha bisogno dell\u2019aggiunta di altri colori per raggiungere sfumature estremamente intense.\" \/>\n<meta property=\"og:url\" content=\"https:\/\/artedellapatina.com\/en\/product\/blu-reale\/\" \/>\n<meta property=\"og:site_name\" content=\"Arte della Patina\" \/>\n<meta property=\"article:modified_time\" content=\"2024-12-20T16:39:05+00:00\" \/>\n<meta property=\"og:image\" content=\"https:\/\/artedellapatina.com\/wp-content\/uploads\/2024\/11\/GUSTAVIAN_009_Blu-Reale-scaled.jpg\" \/>\n\t<meta property=\"og:image:width\" content=\"2560\" \/>\n\t<meta property=\"og:image:height\" content=\"2560\" \/>\n\t<meta property=\"og:image:type\" content=\"image\/jpeg\" \/>\n<meta name=\"twitter:card\" content=\"summary_large_image\" \/>\n<meta name=\"twitter:label1\" content=\"Estimated reading time\" \/>\n\t<meta name=\"twitter:data1\" content=\"2 minutes\" \/>\n<script type=\"application\/ld+json\" class=\"yoast-schema-graph\">{\"@context\":\"https:\/\/schema.org\",\"@graph\":[{\"@type\":\"WebPage\",\"@id\":\"https:\/\/artedellapatina.com\/product\/blu-reale\/\",\"url\":\"https:\/\/artedellapatina.com\/product\/blu-reale\/\",\"name\":\"Blu Reale - Arte della Patina\",\"isPartOf\":{\"@id\":\"https:\/\/artedellapatina.com\/#website\"},\"primaryImageOfPage\":{\"@id\":\"https:\/\/artedellapatina.com\/product\/blu-reale\/#primaryimage\"},\"image\":{\"@id\":\"https:\/\/artedellapatina.com\/product\/blu-reale\/#primaryimage\"},\"thumbnailUrl\":\"https:\/\/artedellapatina.com\/wp-content\/uploads\/2024\/11\/GUSTAVIAN_009_Blu-Reale-scaled.jpg\",\"datePublished\":\"2024-11-18T11:16:26+00:00\",\"dateModified\":\"2024-12-20T16:39:05+00:00\",\"breadcrumb\":{\"@id\":\"https:\/\/artedellapatina.com\/product\/blu-reale\/#breadcrumb\"},\"inLanguage\":\"en-GB\",\"potentialAction\":[{\"@type\":\"ReadAction\",\"target\":[\"https:\/\/artedellapatina.com\/product\/blu-reale\/\"]}]},{\"@type\":\"ImageObject\",\"inLanguage\":\"en-GB\",\"@id\":\"https:\/\/artedellapatina.com\/product\/blu-reale\/#primaryimage\",\"url\":\"https:\/\/artedellapatina.com\/wp-content\/uploads\/2024\/11\/GUSTAVIAN_009_Blu-Reale-scaled.jpg\",\"contentUrl\":\"https:\/\/artedellapatina.com\/wp-content\/uploads\/2024\/11\/GUSTAVIAN_009_Blu-Reale-scaled.jpg\",\"width\":2560,\"height\":2560},{\"@type\":\"BreadcrumbList\",\"@id\":\"https:\/\/artedellapatina.com\/product\/blu-reale\/#breadcrumb\",\"itemListElement\":[{\"@type\":\"ListItem\",\"position\":1,\"name\":\"Home\",\"item\":\"https:\/\/artedellapatina.com\/\"},{\"@type\":\"ListItem\",\"position\":2,\"name\":\"Shop\",\"item\":\"https:\/\/artedellapatina.com\/shop\/\"},{\"@type\":\"ListItem\",\"position\":3,\"name\":\"Blu Reale\"}]},{\"@type\":\"WebSite\",\"@id\":\"https:\/\/artedellapatina.com\/#website\",\"url\":\"https:\/\/artedellapatina.com\/\",\"name\":\"Arte della Patina\",\"description\":\"\",\"publisher\":{\"@id\":\"https:\/\/artedellapatina.com\/#organization\"},\"potentialAction\":[{\"@type\":\"SearchAction\",\"target\":{\"@type\":\"EntryPoint\",\"urlTemplate\":\"https:\/\/artedellapatina.com\/?s={search_term_string}\"},\"query-input\":{\"@type\":\"PropertyValueSpecification\",\"valueRequired\":true,\"valueName\":\"search_term_string\"}}],\"inLanguage\":\"en-GB\"},{\"@type\":\"Organization\",\"@id\":\"https:\/\/artedellapatina.com\/#organization\",\"name\":\"Arte della Patina\",\"url\":\"https:\/\/artedellapatina.com\/\",\"logo\":{\"@type\":\"ImageObject\",\"inLanguage\":\"en-GB\",\"@id\":\"https:\/\/artedellapatina.com\/#\/schema\/logo\/image\/\",\"url\":\"https:\/\/artedellapatina.com\/wp-content\/uploads\/2024\/11\/Logo-per-firma-png-trasparente.png\",\"contentUrl\":\"https:\/\/artedellapatina.com\/wp-content\/uploads\/2024\/11\/Logo-per-firma-png-trasparente.png\",\"width\":591,\"height\":591,\"caption\":\"Arte della Patina\"},\"image\":{\"@id\":\"https:\/\/artedellapatina.com\/#\/schema\/logo\/image\/\"}}]}<\/script>\n<!-- \/ Yoast SEO plugin. -->","yoast_head_json":{"title":"Blu Reale - Arte della Patina","robots":{"index":"index","follow":"follow","max-snippet":"max-snippet:-1","max-image-preview":"max-image-preview:large","max-video-preview":"max-video-preview:-1"},"canonical":"https:\/\/artedellapatina.com\/en\/product\/blu-reale\/","og_locale":"en_GB","og_type":"article","og_title":"Blu Reale - Arte della Patina","og_description":"\u201cBlu Reale\u201d \u2013 Blu profondo e vivo, ispirato allo stemma della casata reale svedese, nel quale fa da sfondo a dei leoni rampanti giallo oro. Realizzato con il pigmento \u201cBlu Minerale\u201d che non ha bisogno dell\u2019aggiunta di altri colori per raggiungere sfumature estremamente intense.","og_url":"https:\/\/artedellapatina.com\/en\/product\/blu-reale\/","og_site_name":"Arte della Patina","article_modified_time":"2024-12-20T16:39:05+00:00","og_image":[{"width":2560,"height":2560,"url":"https:\/\/artedellapatina.com\/wp-content\/uploads\/2024\/11\/GUSTAVIAN_009_Blu-Reale-scaled.jpg","type":"image\/jpeg"}],"twitter_card":"summary_large_image","twitter_misc":{"Estimated reading time":"2 minutes"},"schema":{"@context":"https:\/\/schema.org","@graph":[{"@type":"WebPage","@id":"https:\/\/artedellapatina.com\/product\/blu-reale\/","url":"https:\/\/artedellapatina.com\/product\/blu-reale\/","name":"Blu Reale - Arte della Patina","isPartOf":{"@id":"https:\/\/artedellapatina.com\/#website"},"primaryImageOfPage":{"@id":"https:\/\/artedellapatina.com\/product\/blu-reale\/#primaryimage"},"image":{"@id":"https:\/\/artedellapatina.com\/product\/blu-reale\/#primaryimage"},"thumbnailUrl":"https:\/\/artedellapatina.com\/wp-content\/uploads\/2024\/11\/GUSTAVIAN_009_Blu-Reale-scaled.jpg","datePublished":"2024-11-18T11:16:26+00:00","dateModified":"2024-12-20T16:39:05+00:00","breadcrumb":{"@id":"https:\/\/artedellapatina.com\/product\/blu-reale\/#breadcrumb"},"inLanguage":"en-GB","potentialAction":[{"@type":"ReadAction","target":["https:\/\/artedellapatina.com\/product\/blu-reale\/"]}]},{"@type":"ImageObject","inLanguage":"en-GB","@id":"https:\/\/artedellapatina.com\/product\/blu-reale\/#primaryimage","url":"https:\/\/artedellapatina.com\/wp-content\/uploads\/2024\/11\/GUSTAVIAN_009_Blu-Reale-scaled.jpg","contentUrl":"https:\/\/artedellapatina.com\/wp-content\/uploads\/2024\/11\/GUSTAVIAN_009_Blu-Reale-scaled.jpg","width":2560,"height":2560},{"@type":"BreadcrumbList","@id":"https:\/\/artedellapatina.com\/product\/blu-reale\/#breadcrumb","itemListElement":[{"@type":"ListItem","position":1,"name":"Home","item":"https:\/\/artedellapatina.com\/"},{"@type":"ListItem","position":2,"name":"Shop","item":"https:\/\/artedellapatina.com\/shop\/"},{"@type":"ListItem","position":3,"name":"Blu Reale"}]},{"@type":"WebSite","@id":"https:\/\/artedellapatina.com\/#website","url":"https:\/\/artedellapatina.com\/","name":"Art of Patina","description":"","publisher":{"@id":"https:\/\/artedellapatina.com\/#organization"},"potentialAction":[{"@type":"SearchAction","target":{"@type":"EntryPoint","urlTemplate":"https:\/\/artedellapatina.com\/?s={search_term_string}"},"query-input":{"@type":"PropertyValueSpecification","valueRequired":true,"valueName":"search_term_string"}}],"inLanguage":"en-GB"},{"@type":"Organization","@id":"https:\/\/artedellapatina.com\/#organization","name":"Art of Patina","url":"https:\/\/artedellapatina.com\/","logo":{"@type":"ImageObject","inLanguage":"en-GB","@id":"https:\/\/artedellapatina.com\/#\/schema\/logo\/image\/","url":"https:\/\/artedellapatina.com\/wp-content\/uploads\/2024\/11\/Logo-per-firma-png-trasparente.png","contentUrl":"https:\/\/artedellapatina.com\/wp-content\/uploads\/2024\/11\/Logo-per-firma-png-trasparente.png","width":591,"height":591,"caption":"Arte della Patina"},"image":{"@id":"https:\/\/artedellapatina.com\/#\/schema\/logo\/image\/"}}]}},"_links":{"self":[{"href":"https:\/\/artedellapatina.com\/en\/wp-json\/wp\/v2\/product\/23999","targetHints":{"allow":["GET"]}}],"collection":[{"href":"https:\/\/artedellapatina.com\/en\/wp-json\/wp\/v2\/product"}],"about":[{"href":"https:\/\/artedellapatina.com\/en\/wp-json\/wp\/v2\/types\/product"}],"replies":[{"embeddable":true,"href":"https:\/\/artedellapatina.com\/en\/wp-json\/wp\/v2\/comments?post=23999"}],"wp:featuredmedia":[{"embeddable":true,"href":"https:\/\/artedellapatina.com\/en\/wp-json\/wp\/v2\/media\/23782"}],"wp:attachment":[{"href":"https:\/\/artedellapatina.com\/en\/wp-json\/wp\/v2\/media?parent=23999"}],"wp:term":[{"taxonomy":"product_brand","embeddable":true,"href":"https:\/\/artedellapatina.com\/en\/wp-json\/wp\/v2\/product_brand?post=23999"},{"taxonomy":"product_cat","embeddable":true,"href":"https:\/\/artedellapatina.com\/en\/wp-json\/wp\/v2\/product_cat?post=23999"},{"taxonomy":"product_tag","embeddable":true,"href":"https:\/\/artedellapatina.com\/en\/wp-json\/wp\/v2\/product_tag?post=23999"}],"curies":[{"name":"wp","href":"https:\/\/api.w.org\/{rel}","templated":true}]}}