{"id":24170,"date":"2024-11-18T15:08:49","date_gmt":"2024-11-18T14:08:49","guid":{"rendered":"https:\/\/artedellapatina.com\/?post_type=product&#038;p=24170"},"modified":"2024-12-18T16:04:13","modified_gmt":"2024-12-18T15:04:13","slug":"violetto-permanente-purple","status":"publish","type":"product","link":"https:\/\/artedellapatina.com\/en\/product\/violetto-permanente-purple\/","title":{"rendered":"Violetto Permanente Purple"},"content":{"rendered":"","protected":false},"excerpt":{"rendered":"<p>Permanent Purple Violet - A pigment created to fill the gap left by the exit from the market, due to its toxicity, of Manganese Violet. The Purple Permanent Violet for sale on the Patina Style Shop is non-toxic and is completely harmless to health.<\/p>","protected":false},"featured_media":23817,"comment_status":"open","ping_status":"closed","template":"","meta":[],"product_brand":[],"product_cat":[258],"product_tag":[],"class_list":{"0":"post-24170","1":"product","2":"type-product","3":"status-publish","4":"has-post-thumbnail","6":"product_cat-pigmenti-e-terre-naturali-in-polvere","8":"first","9":"instock","10":"taxable","11":"shipping-taxable","12":"purchasable","13":"product-type-variable","14":"has-default-attributes"},"yoast_head":"<!-- This site is optimized with the Yoast SEO plugin v27.1.1 - https:\/\/yoast.com\/product\/yoast-seo-wordpress\/ -->\n<title>Violetto Permanente Purple - Arte della Patina<\/title>\n<meta name=\"robots\" content=\"index, follow, max-snippet:-1, max-image-preview:large, max-video-preview:-1\" \/>\n<link rel=\"canonical\" href=\"https:\/\/artedellapatina.com\/en\/product\/violetto-permanente-purple\/\" \/>\n<meta property=\"og:locale\" content=\"en_GB\" \/>\n<meta property=\"og:type\" content=\"article\" \/>\n<meta property=\"og:title\" content=\"Violetto Permanente Purple - Arte della Patina\" \/>\n<meta property=\"og:description\" content=\"Violetto Permanente Purple \u2013 Pigmento creato per colmare il vuoto lasciato dall\u2019uscita dal mercato, a causa della sua tossicit\u00e0, del Violetto Manganese. Il Violetto Permanente Purple in vendita sullo Shop di Patina Style non \u00e8 tossico ed \u00e8 del tutto innocuo per la salute.\" \/>\n<meta property=\"og:url\" content=\"https:\/\/artedellapatina.com\/en\/product\/violetto-permanente-purple\/\" \/>\n<meta property=\"og:site_name\" content=\"Arte della Patina\" \/>\n<meta property=\"article:modified_time\" content=\"2024-12-18T15:04:13+00:00\" \/>\n<meta property=\"og:image\" content=\"https:\/\/artedellapatina.com\/wp-content\/uploads\/2024\/11\/VIOLETTO-PERM.-PURPLE.jpg\" \/>\n\t<meta property=\"og:image:width\" content=\"2104\" \/>\n\t<meta property=\"og:image:height\" content=\"2104\" \/>\n\t<meta property=\"og:image:type\" content=\"image\/jpeg\" \/>\n<meta name=\"twitter:card\" content=\"summary_large_image\" \/>\n<script type=\"application\/ld+json\" class=\"yoast-schema-graph\">{\"@context\":\"https:\/\/schema.org\",\"@graph\":[{\"@type\":\"WebPage\",\"@id\":\"https:\/\/artedellapatina.com\/product\/violetto-permanente-purple\/\",\"url\":\"https:\/\/artedellapatina.com\/product\/violetto-permanente-purple\/\",\"name\":\"Violetto Permanente Purple - Arte della Patina\",\"isPartOf\":{\"@id\":\"https:\/\/artedellapatina.com\/#website\"},\"primaryImageOfPage\":{\"@id\":\"https:\/\/artedellapatina.com\/product\/violetto-permanente-purple\/#primaryimage\"},\"image\":{\"@id\":\"https:\/\/artedellapatina.com\/product\/violetto-permanente-purple\/#primaryimage\"},\"thumbnailUrl\":\"https:\/\/artedellapatina.com\/wp-content\/uploads\/2024\/11\/VIOLETTO-PERM.-PURPLE.jpg\",\"datePublished\":\"2024-11-18T14:08:49+00:00\",\"dateModified\":\"2024-12-18T15:04:13+00:00\",\"breadcrumb\":{\"@id\":\"https:\/\/artedellapatina.com\/product\/violetto-permanente-purple\/#breadcrumb\"},\"inLanguage\":\"en-GB\",\"potentialAction\":[{\"@type\":\"ReadAction\",\"target\":[\"https:\/\/artedellapatina.com\/product\/violetto-permanente-purple\/\"]}]},{\"@type\":\"ImageObject\",\"inLanguage\":\"en-GB\",\"@id\":\"https:\/\/artedellapatina.com\/product\/violetto-permanente-purple\/#primaryimage\",\"url\":\"https:\/\/artedellapatina.com\/wp-content\/uploads\/2024\/11\/VIOLETTO-PERM.-PURPLE.jpg\",\"contentUrl\":\"https:\/\/artedellapatina.com\/wp-content\/uploads\/2024\/11\/VIOLETTO-PERM.-PURPLE.jpg\",\"width\":2104,\"height\":2104},{\"@type\":\"BreadcrumbList\",\"@id\":\"https:\/\/artedellapatina.com\/product\/violetto-permanente-purple\/#breadcrumb\",\"itemListElement\":[{\"@type\":\"ListItem\",\"position\":1,\"name\":\"Home\",\"item\":\"https:\/\/artedellapatina.com\/\"},{\"@type\":\"ListItem\",\"position\":2,\"name\":\"Shop\",\"item\":\"https:\/\/artedellapatina.com\/shop\/\"},{\"@type\":\"ListItem\",\"position\":3,\"name\":\"Violetto Permanente Purple\"}]},{\"@type\":\"WebSite\",\"@id\":\"https:\/\/artedellapatina.com\/#website\",\"url\":\"https:\/\/artedellapatina.com\/\",\"name\":\"Arte della Patina\",\"description\":\"\",\"publisher\":{\"@id\":\"https:\/\/artedellapatina.com\/#organization\"},\"potentialAction\":[{\"@type\":\"SearchAction\",\"target\":{\"@type\":\"EntryPoint\",\"urlTemplate\":\"https:\/\/artedellapatina.com\/?s={search_term_string}\"},\"query-input\":{\"@type\":\"PropertyValueSpecification\",\"valueRequired\":true,\"valueName\":\"search_term_string\"}}],\"inLanguage\":\"en-GB\"},{\"@type\":\"Organization\",\"@id\":\"https:\/\/artedellapatina.com\/#organization\",\"name\":\"Arte della Patina\",\"url\":\"https:\/\/artedellapatina.com\/\",\"logo\":{\"@type\":\"ImageObject\",\"inLanguage\":\"en-GB\",\"@id\":\"https:\/\/artedellapatina.com\/#\/schema\/logo\/image\/\",\"url\":\"https:\/\/artedellapatina.com\/wp-content\/uploads\/2024\/11\/Logo-per-firma-png-trasparente.png\",\"contentUrl\":\"https:\/\/artedellapatina.com\/wp-content\/uploads\/2024\/11\/Logo-per-firma-png-trasparente.png\",\"width\":591,\"height\":591,\"caption\":\"Arte della Patina\"},\"image\":{\"@id\":\"https:\/\/artedellapatina.com\/#\/schema\/logo\/image\/\"}}]}<\/script>\n<!-- \/ Yoast SEO plugin. -->","yoast_head_json":{"title":"Violetto Permanente Purple - Arte della Patina","robots":{"index":"index","follow":"follow","max-snippet":"max-snippet:-1","max-image-preview":"max-image-preview:large","max-video-preview":"max-video-preview:-1"},"canonical":"https:\/\/artedellapatina.com\/en\/product\/violetto-permanente-purple\/","og_locale":"en_GB","og_type":"article","og_title":"Violetto Permanente Purple - Arte della Patina","og_description":"Violetto Permanente Purple \u2013 Pigmento creato per colmare il vuoto lasciato dall\u2019uscita dal mercato, a causa della sua tossicit\u00e0, del Violetto Manganese. Il Violetto Permanente Purple in vendita sullo Shop di Patina Style non \u00e8 tossico ed \u00e8 del tutto innocuo per la salute.","og_url":"https:\/\/artedellapatina.com\/en\/product\/violetto-permanente-purple\/","og_site_name":"Arte della Patina","article_modified_time":"2024-12-18T15:04:13+00:00","og_image":[{"width":2104,"height":2104,"url":"https:\/\/artedellapatina.com\/wp-content\/uploads\/2024\/11\/VIOLETTO-PERM.-PURPLE.jpg","type":"image\/jpeg"}],"twitter_card":"summary_large_image","schema":{"@context":"https:\/\/schema.org","@graph":[{"@type":"WebPage","@id":"https:\/\/artedellapatina.com\/product\/violetto-permanente-purple\/","url":"https:\/\/artedellapatina.com\/product\/violetto-permanente-purple\/","name":"Violetto Permanente Purple - Arte della Patina","isPartOf":{"@id":"https:\/\/artedellapatina.com\/#website"},"primaryImageOfPage":{"@id":"https:\/\/artedellapatina.com\/product\/violetto-permanente-purple\/#primaryimage"},"image":{"@id":"https:\/\/artedellapatina.com\/product\/violetto-permanente-purple\/#primaryimage"},"thumbnailUrl":"https:\/\/artedellapatina.com\/wp-content\/uploads\/2024\/11\/VIOLETTO-PERM.-PURPLE.jpg","datePublished":"2024-11-18T14:08:49+00:00","dateModified":"2024-12-18T15:04:13+00:00","breadcrumb":{"@id":"https:\/\/artedellapatina.com\/product\/violetto-permanente-purple\/#breadcrumb"},"inLanguage":"en-GB","potentialAction":[{"@type":"ReadAction","target":["https:\/\/artedellapatina.com\/product\/violetto-permanente-purple\/"]}]},{"@type":"ImageObject","inLanguage":"en-GB","@id":"https:\/\/artedellapatina.com\/product\/violetto-permanente-purple\/#primaryimage","url":"https:\/\/artedellapatina.com\/wp-content\/uploads\/2024\/11\/VIOLETTO-PERM.-PURPLE.jpg","contentUrl":"https:\/\/artedellapatina.com\/wp-content\/uploads\/2024\/11\/VIOLETTO-PERM.-PURPLE.jpg","width":2104,"height":2104},{"@type":"BreadcrumbList","@id":"https:\/\/artedellapatina.com\/product\/violetto-permanente-purple\/#breadcrumb","itemListElement":[{"@type":"ListItem","position":1,"name":"Home","item":"https:\/\/artedellapatina.com\/"},{"@type":"ListItem","position":2,"name":"Shop","item":"https:\/\/artedellapatina.com\/shop\/"},{"@type":"ListItem","position":3,"name":"Violetto Permanente Purple"}]},{"@type":"WebSite","@id":"https:\/\/artedellapatina.com\/#website","url":"https:\/\/artedellapatina.com\/","name":"Art of Patina","description":"","publisher":{"@id":"https:\/\/artedellapatina.com\/#organization"},"potentialAction":[{"@type":"SearchAction","target":{"@type":"EntryPoint","urlTemplate":"https:\/\/artedellapatina.com\/?s={search_term_string}"},"query-input":{"@type":"PropertyValueSpecification","valueRequired":true,"valueName":"search_term_string"}}],"inLanguage":"en-GB"},{"@type":"Organization","@id":"https:\/\/artedellapatina.com\/#organization","name":"Art of Patina","url":"https:\/\/artedellapatina.com\/","logo":{"@type":"ImageObject","inLanguage":"en-GB","@id":"https:\/\/artedellapatina.com\/#\/schema\/logo\/image\/","url":"https:\/\/artedellapatina.com\/wp-content\/uploads\/2024\/11\/Logo-per-firma-png-trasparente.png","contentUrl":"https:\/\/artedellapatina.com\/wp-content\/uploads\/2024\/11\/Logo-per-firma-png-trasparente.png","width":591,"height":591,"caption":"Arte della Patina"},"image":{"@id":"https:\/\/artedellapatina.com\/#\/schema\/logo\/image\/"}}]}},"_links":{"self":[{"href":"https:\/\/artedellapatina.com\/en\/wp-json\/wp\/v2\/product\/24170","targetHints":{"allow":["GET"]}}],"collection":[{"href":"https:\/\/artedellapatina.com\/en\/wp-json\/wp\/v2\/product"}],"about":[{"href":"https:\/\/artedellapatina.com\/en\/wp-json\/wp\/v2\/types\/product"}],"replies":[{"embeddable":true,"href":"https:\/\/artedellapatina.com\/en\/wp-json\/wp\/v2\/comments?post=24170"}],"wp:featuredmedia":[{"embeddable":true,"href":"https:\/\/artedellapatina.com\/en\/wp-json\/wp\/v2\/media\/23817"}],"wp:attachment":[{"href":"https:\/\/artedellapatina.com\/en\/wp-json\/wp\/v2\/media?parent=24170"}],"wp:term":[{"taxonomy":"product_brand","embeddable":true,"href":"https:\/\/artedellapatina.com\/en\/wp-json\/wp\/v2\/product_brand?post=24170"},{"taxonomy":"product_cat","embeddable":true,"href":"https:\/\/artedellapatina.com\/en\/wp-json\/wp\/v2\/product_cat?post=24170"},{"taxonomy":"product_tag","embeddable":true,"href":"https:\/\/artedellapatina.com\/en\/wp-json\/wp\/v2\/product_tag?post=24170"}],"curies":[{"name":"wp","href":"https:\/\/api.w.org\/{rel}","templated":true}]}}