{"id":24246,"date":"2024-11-18T15:27:42","date_gmt":"2024-11-18T14:27:42","guid":{"rendered":"https:\/\/artedellapatina.com\/?post_type=product&#038;p=24246"},"modified":"2024-11-18T15:29:28","modified_gmt":"2024-11-18T14:29:28","slug":"bleu-cemento","status":"publish","type":"product","link":"https:\/\/artedellapatina.com\/en\/product\/bleu-cemento\/","title":{"rendered":"Bleu Cemento"},"content":{"rendered":"","protected":false},"excerpt":{"rendered":"<p>Bleu Cemento - Blue pigment treated and fixed on mineral bases. It has good stability to light, humidity and temperature. It has a very strong covering power, used pure gives an enamelled effect with depth effects to the treated surface. Widely used to paint night skies and deep water.\u00a0 Like the other pigments in powder that I chose for the Shop of Patina Style, also Bleu Cemento is completely biocompatible and harmless to health.<\/p>","protected":false},"featured_media":23803,"comment_status":"open","ping_status":"closed","template":"","meta":[],"product_brand":[],"product_cat":[258],"product_tag":[],"class_list":{"0":"post-24246","1":"product","2":"type-product","3":"status-publish","4":"has-post-thumbnail","6":"product_cat-pigmenti-e-terre-naturali-in-polvere","8":"first","9":"instock","10":"taxable","11":"shipping-taxable","12":"purchasable","13":"product-type-variable"},"yoast_head":"<!-- This site is optimized with the Yoast SEO plugin v27.1.1 - https:\/\/yoast.com\/product\/yoast-seo-wordpress\/ -->\n<title>Bleu Cemento - Arte della Patina<\/title>\n<meta name=\"robots\" content=\"index, follow, max-snippet:-1, max-image-preview:large, max-video-preview:-1\" \/>\n<link rel=\"canonical\" href=\"https:\/\/artedellapatina.com\/en\/product\/bleu-cemento\/\" \/>\n<meta property=\"og:locale\" content=\"en_GB\" \/>\n<meta property=\"og:type\" content=\"article\" \/>\n<meta property=\"og:title\" content=\"Bleu Cemento - Arte della Patina\" \/>\n<meta property=\"og:description\" content=\"Bleu Cemento \u2013 Pigmento bleu trattato e fissato su basi minerali. Possiede buona stabilit\u00e0 alla luce, umidit\u00e0 e temperatura. Ha un potere coprente molto forte, utilizzato puro dona un effetto smaltato con effetti di profondit\u00e0 alla superficie trattata. Molto usato per dipingere cieli notturni ed acque profonde.\u00a0Come gli altri pigmenti in polvere che ho scelto per lo Shop di Patina Style, anche il Bleu Cemento \u00e8 completamente biocompatibile ed innocuo per la salute.\" \/>\n<meta property=\"og:url\" content=\"https:\/\/artedellapatina.com\/en\/product\/bleu-cemento\/\" \/>\n<meta property=\"og:site_name\" content=\"Arte della Patina\" \/>\n<meta property=\"article:modified_time\" content=\"2024-11-18T14:29:28+00:00\" \/>\n<meta property=\"og:image\" content=\"https:\/\/artedellapatina.com\/wp-content\/uploads\/2024\/11\/BLEU-CEMENTO.jpg\" \/>\n\t<meta property=\"og:image:width\" content=\"2328\" \/>\n\t<meta property=\"og:image:height\" content=\"2328\" \/>\n\t<meta property=\"og:image:type\" content=\"image\/jpeg\" \/>\n<meta name=\"twitter:card\" content=\"summary_large_image\" \/>\n<script type=\"application\/ld+json\" class=\"yoast-schema-graph\">{\"@context\":\"https:\/\/schema.org\",\"@graph\":[{\"@type\":\"WebPage\",\"@id\":\"https:\/\/artedellapatina.com\/product\/bleu-cemento\/\",\"url\":\"https:\/\/artedellapatina.com\/product\/bleu-cemento\/\",\"name\":\"Bleu Cemento - Arte della Patina\",\"isPartOf\":{\"@id\":\"https:\/\/artedellapatina.com\/#website\"},\"primaryImageOfPage\":{\"@id\":\"https:\/\/artedellapatina.com\/product\/bleu-cemento\/#primaryimage\"},\"image\":{\"@id\":\"https:\/\/artedellapatina.com\/product\/bleu-cemento\/#primaryimage\"},\"thumbnailUrl\":\"https:\/\/artedellapatina.com\/wp-content\/uploads\/2024\/11\/BLEU-CEMENTO.jpg\",\"datePublished\":\"2024-11-18T14:27:42+00:00\",\"dateModified\":\"2024-11-18T14:29:28+00:00\",\"breadcrumb\":{\"@id\":\"https:\/\/artedellapatina.com\/product\/bleu-cemento\/#breadcrumb\"},\"inLanguage\":\"en-GB\",\"potentialAction\":[{\"@type\":\"ReadAction\",\"target\":[\"https:\/\/artedellapatina.com\/product\/bleu-cemento\/\"]}]},{\"@type\":\"ImageObject\",\"inLanguage\":\"en-GB\",\"@id\":\"https:\/\/artedellapatina.com\/product\/bleu-cemento\/#primaryimage\",\"url\":\"https:\/\/artedellapatina.com\/wp-content\/uploads\/2024\/11\/BLEU-CEMENTO.jpg\",\"contentUrl\":\"https:\/\/artedellapatina.com\/wp-content\/uploads\/2024\/11\/BLEU-CEMENTO.jpg\",\"width\":2328,\"height\":2328},{\"@type\":\"BreadcrumbList\",\"@id\":\"https:\/\/artedellapatina.com\/product\/bleu-cemento\/#breadcrumb\",\"itemListElement\":[{\"@type\":\"ListItem\",\"position\":1,\"name\":\"Home\",\"item\":\"https:\/\/artedellapatina.com\/\"},{\"@type\":\"ListItem\",\"position\":2,\"name\":\"Shop\",\"item\":\"https:\/\/artedellapatina.com\/shop\/\"},{\"@type\":\"ListItem\",\"position\":3,\"name\":\"Bleu Cemento\"}]},{\"@type\":\"WebSite\",\"@id\":\"https:\/\/artedellapatina.com\/#website\",\"url\":\"https:\/\/artedellapatina.com\/\",\"name\":\"Arte della Patina\",\"description\":\"\",\"publisher\":{\"@id\":\"https:\/\/artedellapatina.com\/#organization\"},\"potentialAction\":[{\"@type\":\"SearchAction\",\"target\":{\"@type\":\"EntryPoint\",\"urlTemplate\":\"https:\/\/artedellapatina.com\/?s={search_term_string}\"},\"query-input\":{\"@type\":\"PropertyValueSpecification\",\"valueRequired\":true,\"valueName\":\"search_term_string\"}}],\"inLanguage\":\"en-GB\"},{\"@type\":\"Organization\",\"@id\":\"https:\/\/artedellapatina.com\/#organization\",\"name\":\"Arte della Patina\",\"url\":\"https:\/\/artedellapatina.com\/\",\"logo\":{\"@type\":\"ImageObject\",\"inLanguage\":\"en-GB\",\"@id\":\"https:\/\/artedellapatina.com\/#\/schema\/logo\/image\/\",\"url\":\"https:\/\/artedellapatina.com\/wp-content\/uploads\/2024\/11\/Logo-per-firma-png-trasparente.png\",\"contentUrl\":\"https:\/\/artedellapatina.com\/wp-content\/uploads\/2024\/11\/Logo-per-firma-png-trasparente.png\",\"width\":591,\"height\":591,\"caption\":\"Arte della Patina\"},\"image\":{\"@id\":\"https:\/\/artedellapatina.com\/#\/schema\/logo\/image\/\"}}]}<\/script>\n<!-- \/ Yoast SEO plugin. -->","yoast_head_json":{"title":"Bleu Cemento - Arte della Patina","robots":{"index":"index","follow":"follow","max-snippet":"max-snippet:-1","max-image-preview":"max-image-preview:large","max-video-preview":"max-video-preview:-1"},"canonical":"https:\/\/artedellapatina.com\/en\/product\/bleu-cemento\/","og_locale":"en_GB","og_type":"article","og_title":"Bleu Cemento - Arte della Patina","og_description":"Bleu Cemento \u2013 Pigmento bleu trattato e fissato su basi minerali. Possiede buona stabilit\u00e0 alla luce, umidit\u00e0 e temperatura. Ha un potere coprente molto forte, utilizzato puro dona un effetto smaltato con effetti di profondit\u00e0 alla superficie trattata. Molto usato per dipingere cieli notturni ed acque profonde.\u00a0Come gli altri pigmenti in polvere che ho scelto per lo Shop di Patina Style, anche il Bleu Cemento \u00e8 completamente biocompatibile ed innocuo per la salute.","og_url":"https:\/\/artedellapatina.com\/en\/product\/bleu-cemento\/","og_site_name":"Arte della Patina","article_modified_time":"2024-11-18T14:29:28+00:00","og_image":[{"width":2328,"height":2328,"url":"https:\/\/artedellapatina.com\/wp-content\/uploads\/2024\/11\/BLEU-CEMENTO.jpg","type":"image\/jpeg"}],"twitter_card":"summary_large_image","schema":{"@context":"https:\/\/schema.org","@graph":[{"@type":"WebPage","@id":"https:\/\/artedellapatina.com\/product\/bleu-cemento\/","url":"https:\/\/artedellapatina.com\/product\/bleu-cemento\/","name":"Bleu Cemento - Arte della Patina","isPartOf":{"@id":"https:\/\/artedellapatina.com\/#website"},"primaryImageOfPage":{"@id":"https:\/\/artedellapatina.com\/product\/bleu-cemento\/#primaryimage"},"image":{"@id":"https:\/\/artedellapatina.com\/product\/bleu-cemento\/#primaryimage"},"thumbnailUrl":"https:\/\/artedellapatina.com\/wp-content\/uploads\/2024\/11\/BLEU-CEMENTO.jpg","datePublished":"2024-11-18T14:27:42+00:00","dateModified":"2024-11-18T14:29:28+00:00","breadcrumb":{"@id":"https:\/\/artedellapatina.com\/product\/bleu-cemento\/#breadcrumb"},"inLanguage":"en-GB","potentialAction":[{"@type":"ReadAction","target":["https:\/\/artedellapatina.com\/product\/bleu-cemento\/"]}]},{"@type":"ImageObject","inLanguage":"en-GB","@id":"https:\/\/artedellapatina.com\/product\/bleu-cemento\/#primaryimage","url":"https:\/\/artedellapatina.com\/wp-content\/uploads\/2024\/11\/BLEU-CEMENTO.jpg","contentUrl":"https:\/\/artedellapatina.com\/wp-content\/uploads\/2024\/11\/BLEU-CEMENTO.jpg","width":2328,"height":2328},{"@type":"BreadcrumbList","@id":"https:\/\/artedellapatina.com\/product\/bleu-cemento\/#breadcrumb","itemListElement":[{"@type":"ListItem","position":1,"name":"Home","item":"https:\/\/artedellapatina.com\/"},{"@type":"ListItem","position":2,"name":"Shop","item":"https:\/\/artedellapatina.com\/shop\/"},{"@type":"ListItem","position":3,"name":"Bleu Cemento"}]},{"@type":"WebSite","@id":"https:\/\/artedellapatina.com\/#website","url":"https:\/\/artedellapatina.com\/","name":"Art of Patina","description":"","publisher":{"@id":"https:\/\/artedellapatina.com\/#organization"},"potentialAction":[{"@type":"SearchAction","target":{"@type":"EntryPoint","urlTemplate":"https:\/\/artedellapatina.com\/?s={search_term_string}"},"query-input":{"@type":"PropertyValueSpecification","valueRequired":true,"valueName":"search_term_string"}}],"inLanguage":"en-GB"},{"@type":"Organization","@id":"https:\/\/artedellapatina.com\/#organization","name":"Art of Patina","url":"https:\/\/artedellapatina.com\/","logo":{"@type":"ImageObject","inLanguage":"en-GB","@id":"https:\/\/artedellapatina.com\/#\/schema\/logo\/image\/","url":"https:\/\/artedellapatina.com\/wp-content\/uploads\/2024\/11\/Logo-per-firma-png-trasparente.png","contentUrl":"https:\/\/artedellapatina.com\/wp-content\/uploads\/2024\/11\/Logo-per-firma-png-trasparente.png","width":591,"height":591,"caption":"Arte della Patina"},"image":{"@id":"https:\/\/artedellapatina.com\/#\/schema\/logo\/image\/"}}]}},"_links":{"self":[{"href":"https:\/\/artedellapatina.com\/en\/wp-json\/wp\/v2\/product\/24246","targetHints":{"allow":["GET"]}}],"collection":[{"href":"https:\/\/artedellapatina.com\/en\/wp-json\/wp\/v2\/product"}],"about":[{"href":"https:\/\/artedellapatina.com\/en\/wp-json\/wp\/v2\/types\/product"}],"replies":[{"embeddable":true,"href":"https:\/\/artedellapatina.com\/en\/wp-json\/wp\/v2\/comments?post=24246"}],"wp:featuredmedia":[{"embeddable":true,"href":"https:\/\/artedellapatina.com\/en\/wp-json\/wp\/v2\/media\/23803"}],"wp:attachment":[{"href":"https:\/\/artedellapatina.com\/en\/wp-json\/wp\/v2\/media?parent=24246"}],"wp:term":[{"taxonomy":"product_brand","embeddable":true,"href":"https:\/\/artedellapatina.com\/en\/wp-json\/wp\/v2\/product_brand?post=24246"},{"taxonomy":"product_cat","embeddable":true,"href":"https:\/\/artedellapatina.com\/en\/wp-json\/wp\/v2\/product_cat?post=24246"},{"taxonomy":"product_tag","embeddable":true,"href":"https:\/\/artedellapatina.com\/en\/wp-json\/wp\/v2\/product_tag?post=24246"}],"curies":[{"name":"wp","href":"https:\/\/api.w.org\/{rel}","templated":true}]}}