{"id":24250,"date":"2024-11-18T15:29:12","date_gmt":"2024-11-18T14:29:12","guid":{"rendered":"https:\/\/artedellapatina.com\/?post_type=product&#038;p=24250"},"modified":"2024-12-18T15:57:37","modified_gmt":"2024-12-18T14:57:37","slug":"bleu-ercolano","status":"publish","type":"product","link":"https:\/\/artedellapatina.com\/en\/product\/bleu-ercolano\/","title":{"rendered":"Bleu Ercolano"},"content":{"rendered":"","protected":false},"excerpt":{"rendered":"<p>Bleu Ercolano - Based on blue pigment treated and fixed on mineral base. \u00a0 The Bleu Ercolano is the oldest artificial pigment, was already used by the ancient Egyptians (in fact it is also known as Egyptian Blue). Its covering power is medium-low and its tone intense and bright.<\/p>","protected":false},"featured_media":23821,"comment_status":"open","ping_status":"closed","template":"","meta":[],"product_brand":[],"product_cat":[258],"product_tag":[],"class_list":{"0":"post-24250","1":"product","2":"type-product","3":"status-publish","4":"has-post-thumbnail","6":"product_cat-pigmenti-e-terre-naturali-in-polvere","8":"first","9":"instock","10":"taxable","11":"shipping-taxable","12":"purchasable","13":"product-type-variable","14":"has-default-attributes"},"yoast_head":"<!-- This site is optimized with the Yoast SEO plugin v27.1.1 - https:\/\/yoast.com\/product\/yoast-seo-wordpress\/ -->\n<title>Bleu Ercolano - Arte della Patina<\/title>\n<meta name=\"robots\" content=\"index, follow, max-snippet:-1, max-image-preview:large, max-video-preview:-1\" \/>\n<link rel=\"canonical\" href=\"https:\/\/artedellapatina.com\/en\/product\/bleu-ercolano\/\" \/>\n<meta property=\"og:locale\" content=\"en_GB\" \/>\n<meta property=\"og:type\" content=\"article\" \/>\n<meta property=\"og:title\" content=\"Bleu Ercolano - Arte della Patina\" \/>\n<meta property=\"og:description\" content=\"Bleu Ercolano \u2013 A base di pigmento bleu trattato e fissato su base minerale. \u00a0Il Bleu Ercolano \u00e8 il pigmento artificiale pi\u00f9 antico, veniva utilizzato gi\u00e0 dagli antichi Egizi (infatti \u00e8 noto anche col nome di Bleu Egiziano). Il suo potere coprente \u00e8 medio-basso ed il suo tono intenso e lucente.\" \/>\n<meta property=\"og:url\" content=\"https:\/\/artedellapatina.com\/en\/product\/bleu-ercolano\/\" \/>\n<meta property=\"og:site_name\" content=\"Arte della Patina\" \/>\n<meta property=\"article:modified_time\" content=\"2024-12-18T14:57:37+00:00\" \/>\n<meta property=\"og:image\" content=\"https:\/\/artedellapatina.com\/wp-content\/uploads\/2024\/11\/BLEU-ERCOLANO.jpg\" \/>\n\t<meta property=\"og:image:width\" content=\"2088\" \/>\n\t<meta property=\"og:image:height\" content=\"2088\" \/>\n\t<meta property=\"og:image:type\" content=\"image\/jpeg\" \/>\n<meta name=\"twitter:card\" content=\"summary_large_image\" \/>\n<script type=\"application\/ld+json\" class=\"yoast-schema-graph\">{\"@context\":\"https:\/\/schema.org\",\"@graph\":[{\"@type\":\"WebPage\",\"@id\":\"https:\/\/artedellapatina.com\/product\/bleu-ercolano\/\",\"url\":\"https:\/\/artedellapatina.com\/product\/bleu-ercolano\/\",\"name\":\"Bleu Ercolano - Arte della Patina\",\"isPartOf\":{\"@id\":\"https:\/\/artedellapatina.com\/#website\"},\"primaryImageOfPage\":{\"@id\":\"https:\/\/artedellapatina.com\/product\/bleu-ercolano\/#primaryimage\"},\"image\":{\"@id\":\"https:\/\/artedellapatina.com\/product\/bleu-ercolano\/#primaryimage\"},\"thumbnailUrl\":\"https:\/\/artedellapatina.com\/wp-content\/uploads\/2024\/11\/BLEU-ERCOLANO.jpg\",\"datePublished\":\"2024-11-18T14:29:12+00:00\",\"dateModified\":\"2024-12-18T14:57:37+00:00\",\"breadcrumb\":{\"@id\":\"https:\/\/artedellapatina.com\/product\/bleu-ercolano\/#breadcrumb\"},\"inLanguage\":\"en-GB\",\"potentialAction\":[{\"@type\":\"ReadAction\",\"target\":[\"https:\/\/artedellapatina.com\/product\/bleu-ercolano\/\"]}]},{\"@type\":\"ImageObject\",\"inLanguage\":\"en-GB\",\"@id\":\"https:\/\/artedellapatina.com\/product\/bleu-ercolano\/#primaryimage\",\"url\":\"https:\/\/artedellapatina.com\/wp-content\/uploads\/2024\/11\/BLEU-ERCOLANO.jpg\",\"contentUrl\":\"https:\/\/artedellapatina.com\/wp-content\/uploads\/2024\/11\/BLEU-ERCOLANO.jpg\",\"width\":2088,\"height\":2088},{\"@type\":\"BreadcrumbList\",\"@id\":\"https:\/\/artedellapatina.com\/product\/bleu-ercolano\/#breadcrumb\",\"itemListElement\":[{\"@type\":\"ListItem\",\"position\":1,\"name\":\"Home\",\"item\":\"https:\/\/artedellapatina.com\/\"},{\"@type\":\"ListItem\",\"position\":2,\"name\":\"Shop\",\"item\":\"https:\/\/artedellapatina.com\/shop\/\"},{\"@type\":\"ListItem\",\"position\":3,\"name\":\"Bleu Ercolano\"}]},{\"@type\":\"WebSite\",\"@id\":\"https:\/\/artedellapatina.com\/#website\",\"url\":\"https:\/\/artedellapatina.com\/\",\"name\":\"Arte della Patina\",\"description\":\"\",\"publisher\":{\"@id\":\"https:\/\/artedellapatina.com\/#organization\"},\"potentialAction\":[{\"@type\":\"SearchAction\",\"target\":{\"@type\":\"EntryPoint\",\"urlTemplate\":\"https:\/\/artedellapatina.com\/?s={search_term_string}\"},\"query-input\":{\"@type\":\"PropertyValueSpecification\",\"valueRequired\":true,\"valueName\":\"search_term_string\"}}],\"inLanguage\":\"en-GB\"},{\"@type\":\"Organization\",\"@id\":\"https:\/\/artedellapatina.com\/#organization\",\"name\":\"Arte della Patina\",\"url\":\"https:\/\/artedellapatina.com\/\",\"logo\":{\"@type\":\"ImageObject\",\"inLanguage\":\"en-GB\",\"@id\":\"https:\/\/artedellapatina.com\/#\/schema\/logo\/image\/\",\"url\":\"https:\/\/artedellapatina.com\/wp-content\/uploads\/2024\/11\/Logo-per-firma-png-trasparente.png\",\"contentUrl\":\"https:\/\/artedellapatina.com\/wp-content\/uploads\/2024\/11\/Logo-per-firma-png-trasparente.png\",\"width\":591,\"height\":591,\"caption\":\"Arte della Patina\"},\"image\":{\"@id\":\"https:\/\/artedellapatina.com\/#\/schema\/logo\/image\/\"}}]}<\/script>\n<!-- \/ Yoast SEO plugin. -->","yoast_head_json":{"title":"Bleu Ercolano - Arte della Patina","robots":{"index":"index","follow":"follow","max-snippet":"max-snippet:-1","max-image-preview":"max-image-preview:large","max-video-preview":"max-video-preview:-1"},"canonical":"https:\/\/artedellapatina.com\/en\/product\/bleu-ercolano\/","og_locale":"en_GB","og_type":"article","og_title":"Bleu Ercolano - Arte della Patina","og_description":"Bleu Ercolano \u2013 A base di pigmento bleu trattato e fissato su base minerale. \u00a0Il Bleu Ercolano \u00e8 il pigmento artificiale pi\u00f9 antico, veniva utilizzato gi\u00e0 dagli antichi Egizi (infatti \u00e8 noto anche col nome di Bleu Egiziano). Il suo potere coprente \u00e8 medio-basso ed il suo tono intenso e lucente.","og_url":"https:\/\/artedellapatina.com\/en\/product\/bleu-ercolano\/","og_site_name":"Arte della Patina","article_modified_time":"2024-12-18T14:57:37+00:00","og_image":[{"width":2088,"height":2088,"url":"https:\/\/artedellapatina.com\/wp-content\/uploads\/2024\/11\/BLEU-ERCOLANO.jpg","type":"image\/jpeg"}],"twitter_card":"summary_large_image","schema":{"@context":"https:\/\/schema.org","@graph":[{"@type":"WebPage","@id":"https:\/\/artedellapatina.com\/product\/bleu-ercolano\/","url":"https:\/\/artedellapatina.com\/product\/bleu-ercolano\/","name":"Bleu Ercolano - Arte della Patina","isPartOf":{"@id":"https:\/\/artedellapatina.com\/#website"},"primaryImageOfPage":{"@id":"https:\/\/artedellapatina.com\/product\/bleu-ercolano\/#primaryimage"},"image":{"@id":"https:\/\/artedellapatina.com\/product\/bleu-ercolano\/#primaryimage"},"thumbnailUrl":"https:\/\/artedellapatina.com\/wp-content\/uploads\/2024\/11\/BLEU-ERCOLANO.jpg","datePublished":"2024-11-18T14:29:12+00:00","dateModified":"2024-12-18T14:57:37+00:00","breadcrumb":{"@id":"https:\/\/artedellapatina.com\/product\/bleu-ercolano\/#breadcrumb"},"inLanguage":"en-GB","potentialAction":[{"@type":"ReadAction","target":["https:\/\/artedellapatina.com\/product\/bleu-ercolano\/"]}]},{"@type":"ImageObject","inLanguage":"en-GB","@id":"https:\/\/artedellapatina.com\/product\/bleu-ercolano\/#primaryimage","url":"https:\/\/artedellapatina.com\/wp-content\/uploads\/2024\/11\/BLEU-ERCOLANO.jpg","contentUrl":"https:\/\/artedellapatina.com\/wp-content\/uploads\/2024\/11\/BLEU-ERCOLANO.jpg","width":2088,"height":2088},{"@type":"BreadcrumbList","@id":"https:\/\/artedellapatina.com\/product\/bleu-ercolano\/#breadcrumb","itemListElement":[{"@type":"ListItem","position":1,"name":"Home","item":"https:\/\/artedellapatina.com\/"},{"@type":"ListItem","position":2,"name":"Shop","item":"https:\/\/artedellapatina.com\/shop\/"},{"@type":"ListItem","position":3,"name":"Bleu Ercolano"}]},{"@type":"WebSite","@id":"https:\/\/artedellapatina.com\/#website","url":"https:\/\/artedellapatina.com\/","name":"Art of Patina","description":"","publisher":{"@id":"https:\/\/artedellapatina.com\/#organization"},"potentialAction":[{"@type":"SearchAction","target":{"@type":"EntryPoint","urlTemplate":"https:\/\/artedellapatina.com\/?s={search_term_string}"},"query-input":{"@type":"PropertyValueSpecification","valueRequired":true,"valueName":"search_term_string"}}],"inLanguage":"en-GB"},{"@type":"Organization","@id":"https:\/\/artedellapatina.com\/#organization","name":"Art of Patina","url":"https:\/\/artedellapatina.com\/","logo":{"@type":"ImageObject","inLanguage":"en-GB","@id":"https:\/\/artedellapatina.com\/#\/schema\/logo\/image\/","url":"https:\/\/artedellapatina.com\/wp-content\/uploads\/2024\/11\/Logo-per-firma-png-trasparente.png","contentUrl":"https:\/\/artedellapatina.com\/wp-content\/uploads\/2024\/11\/Logo-per-firma-png-trasparente.png","width":591,"height":591,"caption":"Arte della Patina"},"image":{"@id":"https:\/\/artedellapatina.com\/#\/schema\/logo\/image\/"}}]}},"_links":{"self":[{"href":"https:\/\/artedellapatina.com\/en\/wp-json\/wp\/v2\/product\/24250","targetHints":{"allow":["GET"]}}],"collection":[{"href":"https:\/\/artedellapatina.com\/en\/wp-json\/wp\/v2\/product"}],"about":[{"href":"https:\/\/artedellapatina.com\/en\/wp-json\/wp\/v2\/types\/product"}],"replies":[{"embeddable":true,"href":"https:\/\/artedellapatina.com\/en\/wp-json\/wp\/v2\/comments?post=24250"}],"wp:featuredmedia":[{"embeddable":true,"href":"https:\/\/artedellapatina.com\/en\/wp-json\/wp\/v2\/media\/23821"}],"wp:attachment":[{"href":"https:\/\/artedellapatina.com\/en\/wp-json\/wp\/v2\/media?parent=24250"}],"wp:term":[{"taxonomy":"product_brand","embeddable":true,"href":"https:\/\/artedellapatina.com\/en\/wp-json\/wp\/v2\/product_brand?post=24250"},{"taxonomy":"product_cat","embeddable":true,"href":"https:\/\/artedellapatina.com\/en\/wp-json\/wp\/v2\/product_cat?post=24250"},{"taxonomy":"product_tag","embeddable":true,"href":"https:\/\/artedellapatina.com\/en\/wp-json\/wp\/v2\/product_tag?post=24250"}],"curies":[{"name":"wp","href":"https:\/\/api.w.org\/{rel}","templated":true}]}}