{"id":25271,"date":"2025-02-05T18:37:04","date_gmt":"2025-02-05T17:37:04","guid":{"rendered":"https:\/\/artedellapatina.com\/?post_type=product&#038;p=25271"},"modified":"2025-02-06T09:15:03","modified_gmt":"2025-02-06T08:15:03","slug":"patina-neutra-alla-caseina","status":"publish","type":"product","link":"https:\/\/artedellapatina.com\/en\/product\/patina-neutra-alla-caseina\/","title":{"rendered":"Patina Neutra alla Caseina"},"content":{"rendered":"<p>Istruzioni per l\u2019uso: Applicare a pennello e pulire con straccio o spugna a seconda dell\u2019effetto desiderato.<\/p>\n<p>Patina Neutra alla Caseina  is versatile and customizable, ideal for creating unmatched antique effects. It provides a matte and velvety finish, perfect for furniture and decorations. Mixable with pigments for endless shades. Easy to apply, it combines tradition and innovation.<br \/>\nInstructions for use: Apply with a brush and clean with a cloth or sponge depending on the desired effect.<\/p>\n<p>Patina Neutra alla Caseina est polyvalente et personnalisable, id\u00e9ale pour cr\u00e9er des effets antiques incomparables. Elle offre une finition mate et velout\u00e9e, parfaite pour les meubles et les d\u00e9corations. M\u00e9langeable avec des pigments pour des nuances infinies. Simple \u00e0 appliquer, elle allie tradition et innovation.<br \/>\nInstructions d\u2019utilisation: Appliquer au pinceau et nettoyer avec un chiffon ou une \u00e9ponge selon l\u2019effet souhait\u00e9.<\/p>\n<p>Patina Neutra alla Caseina es vers\u00e1til y personalizable, ideal para crear efectos envejecidos incomparables. Proporciona un acabado mate y aterciopelado, perfecto para muebles y decoraciones. Mezclable con pigmentos para tonos infinitos. F\u00e1cil de aplicar, combina tradici\u00f3n e innovaci\u00f3n.<br \/>\nInstrucciones de uso: Aplicar con pincel y limpiar con un pa\u00f1o o esponja seg\u00fan el efecto deseado.<\/p>\n<p>SDS:<br \/>\nPu\u00f2 provocare una reazione allergica\/It can cause an allergic reaction\/Cela peut provoquer une r\u00e9action allergique\/ Puede causar una reacci\u00f3n al\u00e9rgica.<br \/>\nContiene \/ Contains \/ Contient \/ Contiene 1,2-benzisotiazol-3(2H)-one.<br \/>\nScheda dati di sicurezza disponibile su richiesta.<\/p>","protected":false},"excerpt":{"rendered":"<p>The Neutral Casein Patina is versatile and customizable, ideal for creating unparalleled anti-aging effects. Gives a velvety matt finish, perfect for furniture and decorations. Miscible with pigments for infinite shades. Simple to apply, it combines tradition and innovation.<\/p>","protected":false},"featured_media":25270,"comment_status":"open","ping_status":"closed","template":"","meta":[],"product_brand":[],"product_cat":[257,232],"product_tag":[],"class_list":{"0":"post-25271","1":"product","2":"type-product","3":"status-publish","4":"has-post-thumbnail","6":"product_cat-finiture-e-prodotti-per-anticare","7":"product_cat-patina-toscana","9":"first","10":"instock","11":"taxable","12":"shipping-taxable","13":"purchasable","14":"product-type-variable","15":"has-default-attributes"},"yoast_head":"<!-- This site is optimized with the Yoast SEO plugin v27.1.1 - https:\/\/yoast.com\/product\/yoast-seo-wordpress\/ -->\n<title>Patina Neutra alla Caseina - Arte della Patina<\/title>\n<meta name=\"robots\" content=\"index, follow, max-snippet:-1, max-image-preview:large, max-video-preview:-1\" \/>\n<link rel=\"canonical\" href=\"https:\/\/artedellapatina.com\/en\/product\/patina-neutra-alla-caseina\/\" \/>\n<meta property=\"og:locale\" content=\"en_GB\" \/>\n<meta property=\"og:type\" content=\"article\" \/>\n<meta property=\"og:title\" content=\"Patina Neutra alla Caseina - Arte della Patina\" \/>\n<meta property=\"og:description\" content=\"La Patina Neutra alla Caseina \u00e8 versatile e personalizzabile, ideale per creare effetti anticanti ineguagliabili. Dona una finitura opaca e vellutata, perfetta per mobili e decorazioni. Miscelabile con pigmenti per infinite tonalit\u00e0. Semplice da applicare, unisce tradizione e innovazione.\" \/>\n<meta property=\"og:url\" content=\"https:\/\/artedellapatina.com\/en\/product\/patina-neutra-alla-caseina\/\" \/>\n<meta property=\"og:site_name\" content=\"Arte della Patina\" \/>\n<meta property=\"article:modified_time\" content=\"2025-02-06T08:15:03+00:00\" \/>\n<meta property=\"og:image\" content=\"https:\/\/artedellapatina.com\/wp-content\/uploads\/2025\/02\/Patina-Neutra-alla-Caseina-sito-copia-scaled.jpg\" \/>\n\t<meta property=\"og:image:width\" content=\"2560\" \/>\n\t<meta property=\"og:image:height\" content=\"2560\" \/>\n\t<meta property=\"og:image:type\" content=\"image\/jpeg\" \/>\n<meta name=\"twitter:card\" content=\"summary_large_image\" \/>\n<meta name=\"twitter:label1\" content=\"Estimated reading time\" \/>\n\t<meta name=\"twitter:data1\" content=\"2 minutes\" \/>\n<script type=\"application\/ld+json\" class=\"yoast-schema-graph\">{\"@context\":\"https:\/\/schema.org\",\"@graph\":[{\"@type\":\"WebPage\",\"@id\":\"https:\/\/artedellapatina.com\/product\/patina-neutra-alla-caseina\/\",\"url\":\"https:\/\/artedellapatina.com\/product\/patina-neutra-alla-caseina\/\",\"name\":\"Patina Neutra alla Caseina - Arte della Patina\",\"isPartOf\":{\"@id\":\"https:\/\/artedellapatina.com\/#website\"},\"primaryImageOfPage\":{\"@id\":\"https:\/\/artedellapatina.com\/product\/patina-neutra-alla-caseina\/#primaryimage\"},\"image\":{\"@id\":\"https:\/\/artedellapatina.com\/product\/patina-neutra-alla-caseina\/#primaryimage\"},\"thumbnailUrl\":\"https:\/\/artedellapatina.com\/wp-content\/uploads\/2025\/02\/Patina-Neutra-alla-Caseina-sito-copia-scaled.jpg\",\"datePublished\":\"2025-02-05T17:37:04+00:00\",\"dateModified\":\"2025-02-06T08:15:03+00:00\",\"breadcrumb\":{\"@id\":\"https:\/\/artedellapatina.com\/product\/patina-neutra-alla-caseina\/#breadcrumb\"},\"inLanguage\":\"en-GB\",\"potentialAction\":[{\"@type\":\"ReadAction\",\"target\":[\"https:\/\/artedellapatina.com\/product\/patina-neutra-alla-caseina\/\"]}]},{\"@type\":\"ImageObject\",\"inLanguage\":\"en-GB\",\"@id\":\"https:\/\/artedellapatina.com\/product\/patina-neutra-alla-caseina\/#primaryimage\",\"url\":\"https:\/\/artedellapatina.com\/wp-content\/uploads\/2025\/02\/Patina-Neutra-alla-Caseina-sito-copia-scaled.jpg\",\"contentUrl\":\"https:\/\/artedellapatina.com\/wp-content\/uploads\/2025\/02\/Patina-Neutra-alla-Caseina-sito-copia-scaled.jpg\",\"width\":2560,\"height\":2560},{\"@type\":\"BreadcrumbList\",\"@id\":\"https:\/\/artedellapatina.com\/product\/patina-neutra-alla-caseina\/#breadcrumb\",\"itemListElement\":[{\"@type\":\"ListItem\",\"position\":1,\"name\":\"Home\",\"item\":\"https:\/\/artedellapatina.com\/\"},{\"@type\":\"ListItem\",\"position\":2,\"name\":\"Shop\",\"item\":\"https:\/\/artedellapatina.com\/shop\/\"},{\"@type\":\"ListItem\",\"position\":3,\"name\":\"Patina Neutra alla Caseina\"}]},{\"@type\":\"WebSite\",\"@id\":\"https:\/\/artedellapatina.com\/#website\",\"url\":\"https:\/\/artedellapatina.com\/\",\"name\":\"Arte della Patina\",\"description\":\"\",\"publisher\":{\"@id\":\"https:\/\/artedellapatina.com\/#organization\"},\"potentialAction\":[{\"@type\":\"SearchAction\",\"target\":{\"@type\":\"EntryPoint\",\"urlTemplate\":\"https:\/\/artedellapatina.com\/?s={search_term_string}\"},\"query-input\":{\"@type\":\"PropertyValueSpecification\",\"valueRequired\":true,\"valueName\":\"search_term_string\"}}],\"inLanguage\":\"en-GB\"},{\"@type\":\"Organization\",\"@id\":\"https:\/\/artedellapatina.com\/#organization\",\"name\":\"Arte della Patina\",\"url\":\"https:\/\/artedellapatina.com\/\",\"logo\":{\"@type\":\"ImageObject\",\"inLanguage\":\"en-GB\",\"@id\":\"https:\/\/artedellapatina.com\/#\/schema\/logo\/image\/\",\"url\":\"https:\/\/artedellapatina.com\/wp-content\/uploads\/2024\/11\/Logo-per-firma-png-trasparente.png\",\"contentUrl\":\"https:\/\/artedellapatina.com\/wp-content\/uploads\/2024\/11\/Logo-per-firma-png-trasparente.png\",\"width\":591,\"height\":591,\"caption\":\"Arte della Patina\"},\"image\":{\"@id\":\"https:\/\/artedellapatina.com\/#\/schema\/logo\/image\/\"}}]}<\/script>\n<!-- \/ Yoast SEO plugin. -->","yoast_head_json":{"title":"Patina Neutra alla Caseina - Arte della Patina","robots":{"index":"index","follow":"follow","max-snippet":"max-snippet:-1","max-image-preview":"max-image-preview:large","max-video-preview":"max-video-preview:-1"},"canonical":"https:\/\/artedellapatina.com\/en\/product\/patina-neutra-alla-caseina\/","og_locale":"en_GB","og_type":"article","og_title":"Patina Neutra alla Caseina - Arte della Patina","og_description":"La Patina Neutra alla Caseina \u00e8 versatile e personalizzabile, ideale per creare effetti anticanti ineguagliabili. Dona una finitura opaca e vellutata, perfetta per mobili e decorazioni. Miscelabile con pigmenti per infinite tonalit\u00e0. Semplice da applicare, unisce tradizione e innovazione.","og_url":"https:\/\/artedellapatina.com\/en\/product\/patina-neutra-alla-caseina\/","og_site_name":"Arte della Patina","article_modified_time":"2025-02-06T08:15:03+00:00","og_image":[{"width":2560,"height":2560,"url":"https:\/\/artedellapatina.com\/wp-content\/uploads\/2025\/02\/Patina-Neutra-alla-Caseina-sito-copia-scaled.jpg","type":"image\/jpeg"}],"twitter_card":"summary_large_image","twitter_misc":{"Estimated reading time":"2 minutes"},"schema":{"@context":"https:\/\/schema.org","@graph":[{"@type":"WebPage","@id":"https:\/\/artedellapatina.com\/product\/patina-neutra-alla-caseina\/","url":"https:\/\/artedellapatina.com\/product\/patina-neutra-alla-caseina\/","name":"Patina Neutra alla Caseina - Arte della Patina","isPartOf":{"@id":"https:\/\/artedellapatina.com\/#website"},"primaryImageOfPage":{"@id":"https:\/\/artedellapatina.com\/product\/patina-neutra-alla-caseina\/#primaryimage"},"image":{"@id":"https:\/\/artedellapatina.com\/product\/patina-neutra-alla-caseina\/#primaryimage"},"thumbnailUrl":"https:\/\/artedellapatina.com\/wp-content\/uploads\/2025\/02\/Patina-Neutra-alla-Caseina-sito-copia-scaled.jpg","datePublished":"2025-02-05T17:37:04+00:00","dateModified":"2025-02-06T08:15:03+00:00","breadcrumb":{"@id":"https:\/\/artedellapatina.com\/product\/patina-neutra-alla-caseina\/#breadcrumb"},"inLanguage":"en-GB","potentialAction":[{"@type":"ReadAction","target":["https:\/\/artedellapatina.com\/product\/patina-neutra-alla-caseina\/"]}]},{"@type":"ImageObject","inLanguage":"en-GB","@id":"https:\/\/artedellapatina.com\/product\/patina-neutra-alla-caseina\/#primaryimage","url":"https:\/\/artedellapatina.com\/wp-content\/uploads\/2025\/02\/Patina-Neutra-alla-Caseina-sito-copia-scaled.jpg","contentUrl":"https:\/\/artedellapatina.com\/wp-content\/uploads\/2025\/02\/Patina-Neutra-alla-Caseina-sito-copia-scaled.jpg","width":2560,"height":2560},{"@type":"BreadcrumbList","@id":"https:\/\/artedellapatina.com\/product\/patina-neutra-alla-caseina\/#breadcrumb","itemListElement":[{"@type":"ListItem","position":1,"name":"Home","item":"https:\/\/artedellapatina.com\/"},{"@type":"ListItem","position":2,"name":"Shop","item":"https:\/\/artedellapatina.com\/shop\/"},{"@type":"ListItem","position":3,"name":"Patina Neutra alla Caseina"}]},{"@type":"WebSite","@id":"https:\/\/artedellapatina.com\/#website","url":"https:\/\/artedellapatina.com\/","name":"Art of Patina","description":"","publisher":{"@id":"https:\/\/artedellapatina.com\/#organization"},"potentialAction":[{"@type":"SearchAction","target":{"@type":"EntryPoint","urlTemplate":"https:\/\/artedellapatina.com\/?s={search_term_string}"},"query-input":{"@type":"PropertyValueSpecification","valueRequired":true,"valueName":"search_term_string"}}],"inLanguage":"en-GB"},{"@type":"Organization","@id":"https:\/\/artedellapatina.com\/#organization","name":"Art of Patina","url":"https:\/\/artedellapatina.com\/","logo":{"@type":"ImageObject","inLanguage":"en-GB","@id":"https:\/\/artedellapatina.com\/#\/schema\/logo\/image\/","url":"https:\/\/artedellapatina.com\/wp-content\/uploads\/2024\/11\/Logo-per-firma-png-trasparente.png","contentUrl":"https:\/\/artedellapatina.com\/wp-content\/uploads\/2024\/11\/Logo-per-firma-png-trasparente.png","width":591,"height":591,"caption":"Arte della Patina"},"image":{"@id":"https:\/\/artedellapatina.com\/#\/schema\/logo\/image\/"}}]}},"_links":{"self":[{"href":"https:\/\/artedellapatina.com\/en\/wp-json\/wp\/v2\/product\/25271","targetHints":{"allow":["GET"]}}],"collection":[{"href":"https:\/\/artedellapatina.com\/en\/wp-json\/wp\/v2\/product"}],"about":[{"href":"https:\/\/artedellapatina.com\/en\/wp-json\/wp\/v2\/types\/product"}],"replies":[{"embeddable":true,"href":"https:\/\/artedellapatina.com\/en\/wp-json\/wp\/v2\/comments?post=25271"}],"wp:featuredmedia":[{"embeddable":true,"href":"https:\/\/artedellapatina.com\/en\/wp-json\/wp\/v2\/media\/25270"}],"wp:attachment":[{"href":"https:\/\/artedellapatina.com\/en\/wp-json\/wp\/v2\/media?parent=25271"}],"wp:term":[{"taxonomy":"product_brand","embeddable":true,"href":"https:\/\/artedellapatina.com\/en\/wp-json\/wp\/v2\/product_brand?post=25271"},{"taxonomy":"product_cat","embeddable":true,"href":"https:\/\/artedellapatina.com\/en\/wp-json\/wp\/v2\/product_cat?post=25271"},{"taxonomy":"product_tag","embeddable":true,"href":"https:\/\/artedellapatina.com\/en\/wp-json\/wp\/v2\/product_tag?post=25271"}],"curies":[{"name":"wp","href":"https:\/\/api.w.org\/{rel}","templated":true}]}}